{"id":82834,"date":"2018-06-15T12:22:58","date_gmt":"2018-06-15T10:22:58","guid":{"rendered":"http:\/\/v2home.com?page_id=82834"},"modified":"2022-09-27T11:39:59","modified_gmt":"2022-09-27T09:39:59","slug":"app","status":"publish","type":"page","link":"https:\/\/v2home.com\/de\/app\/","title":{"rendered":"App"},"content":{"rendered":"\n<!-- SEO Ultimate (http:\/\/www.seodesignsolutions.com\/wordpress-seo\/) - Code Inserter module -->\n<!-- Google Tag Manager (noscript) -->\r\n<noscript><iframe src=\"https:\/\/www.googletagmanager.com\/ns.html?id=GTM-5PTVMVL\"\r\nheight=\"0\" width=\"0\" style=\"display:none;visibility:hidden\"><\/iframe><\/noscript>\r\n<!-- End Google Tag Manager (noscript) -->\n<!-- \/SEO Ultimate -->\n\n<p>[vc_row row_type=&#8221;row&#8221; use_row_as_full_screen_section=&#8221;no&#8221; type=&#8221;grid&#8221; text_align=&#8221;left&#8221; background_animation=&#8221;none&#8221; css_animation=&#8221;&#8221;][vc_column width=&#8221;1\/4&#8243; el_class=&#8221;center-text&#8221; offset=&#8221;vc_col-xs-6&#8243;][vc_single_image image=&#8221;104459&#8243; alignment=&#8221;center&#8221; onclick=&#8221;custom_link&#8221; qode_css_animation=&#8221;&#8221; link=&#8221;javascript: goto_app(&#8216;http:\/\/v2home.com\/app\/#v2-apptool&#8217;)&#8221;][vc_column_text el_class=&#8221;app-titolo&#8221;]<\/p>\n<p style=\"text-align: center;\"><strong>V2 <span style=\"color: #000;\">APPTOOL<\/span><\/strong><\/p>\n<p>[\/vc_column_text][\/vc_column][vc_column width=&#8221;1\/4&#8243; offset=&#8221;vc_col-xs-6&#8243;][vc_single_image image=&#8221;104452&#8243; alignment=&#8221;center&#8221; onclick=&#8221;custom_link&#8221; qode_css_animation=&#8221;&#8221; link=&#8221;javascript: goto_app(&#8216;http:\/\/v2home.com\/app\/#v2-go&#8217;)&#8221;][vc_column_text el_class=&#8221;app-titolo&#8221;]<\/p>\n<p style=\"text-align: center;\"><strong>V2 <span style=\"color: #000;\">GO<\/span><\/strong><\/p>\n<p>[\/vc_column_text][\/vc_column][\/vc_row][vc_row row_type=&#8221;row&#8221; use_row_as_full_screen_section=&#8221;no&#8221; type=&#8221;grid&#8221; text_align=&#8221;left&#8221; background_animation=&#8221;none&#8221; css_animation=&#8221;&#8221;][vc_column][vc_empty_space height=&#8221;35px&#8221;][vc_separator type=&#8221;normal&#8221; border_style=&#8221;&#8221; el_class=&#8221;prodotti-dettaglio-tab-linea&#8221;][vc_empty_space height=&#8221;35px&#8221;][\/vc_column][\/vc_row][vc_row row_type=&#8221;row&#8221; use_row_as_full_screen_section=&#8221;no&#8221; type=&#8221;grid&#8221; text_align=&#8221;left&#8221; background_animation=&#8221;none&#8221; css_animation=&#8221;&#8221; el_id=&#8221;v2-apptool&#8221;][vc_column width=&#8221;1\/4&#8243;][vc_single_image image=&#8221;104459&#8243; img_size=&#8221;full&#8221; alignment=&#8221;center&#8221; qode_css_animation=&#8221;&#8221;][vc_raw_html]JTNDZGl2JTIwc3R5bGUlM0QlMjJ0ZXh0LWFsaWduJTNBY2VudGVyJTIyJTNFJTBBJTNDc3BhbiUyMHN0eWxlJTNEJTIyZm9udC1zaXplJTNBMjNweCUzQiUyMiUzRSUzQ2klMjBjbGFzcyUzRCUyMmZhJTIwZmEtYXBwbGUlMjIlM0UlM0MlMkZpJTNFJTIwJTdDJTIwJTNDaSUyMGNsYXNzJTNEJTIyZmElMjBmYS1hbmRyb2lkJTIyJTNFJTNDJTJGaSUzRSUzQyUyRnNwYW4lM0UlMEElM0MlMkZkaXYlM0U=[\/vc_raw_html][vc_empty_space height=&#8221;20px&#8221;][\/vc_column][vc_column width=&#8221;3\/4&#8243;][vc_column_text]<\/p>\n<h1>V2 APPTOOL<\/h1>\n<h5>Die neue App f\u00fcr den Installateurs<\/h5>\n<p>V2 APPTOOL ist die exklusive Management-App, die von V2 speziell f\u00fcr Techniker und Installateure entwickelt wurde. Dank V2 APPTOOL kann man die Steuerung programmieren und ihre Parameter direkt vom Smartphone oder Tablet aus konfigurieren.<\/p>\n<p>V2 APPTOOL arbeitet \u00fcber das WIFI-Protokoll, kann im Google Store und Apple Store heruntergeladen werden und verbindet sich \u00fcber das praktische Modul WF02 mit der Steuerung.<\/p>\n<p>Was k\u00f6nnen Sie mit V2 APPTOOL tun? Sie k\u00f6nnen alle Parameter der Steuereinheit einstellen, die Standarddaten laden, die aktuelle Konfiguration lesen oder eine zuvor gespeicherte laden.<\/p>\n<p>V2 APPTOOL erm\u00f6glicht auch den Zugriff auf das Ereignisprotokoll, aktualisiert die Firmware der Steuereinheit schnell und (Achtung f\u00fcr diese Funktion muss die Kompatibilit\u00e4t der Steuereinheit \u00fcberpr\u00fcft werden).<\/p>\n<p>&nbsp;<\/p>\n<h3 style=\"color: #000; font-weight: 600;\">COMING SOON<\/h3>\n<p>[\/vc_column_text][\/vc_column][\/vc_row][vc_row row_type=&#8221;row&#8221; use_row_as_full_screen_section=&#8221;no&#8221; type=&#8221;full_width&#8221; text_align=&#8221;left&#8221; background_animation=&#8221;none&#8221; css_animation=&#8221;&#8221;][vc_column][vc_empty_space height=&#8221;90px&#8221;][\/vc_column][\/vc_row][vc_row row_type=&#8221;row&#8221; use_row_as_full_screen_section=&#8221;no&#8221; type=&#8221;grid&#8221; text_align=&#8221;left&#8221; background_animation=&#8221;none&#8221; css_animation=&#8221;&#8221; el_id=&#8221;v2-go&#8221;][vc_column width=&#8221;1\/4&#8243;][vc_single_image image=&#8221;104452&#8243; img_size=&#8221;full&#8221; alignment=&#8221;center&#8221; qode_css_animation=&#8221;&#8221;][vc_empty_space height=&#8221;20px&#8221;][\/vc_column][vc_column width=&#8221;3\/4&#8243;][vc_column_text]<\/p>\n<h1>V2 GO<\/h1>\n<h5>Die neue App f\u00fcr den Endverbraucher<\/h5>\n<p>Mit V2 GO k\u00f6nnen Sie&#8230;<\/p>\n<p><strong>Die Anlagen zu Hause \u00fcber eine WLAN-Verbindung <\/strong>mit einem Handy (Android, IoS) verbinden<\/p>\n<p><strong>Die Anlagen aus der Ferne verwalten,<\/strong> auch wenn man nicht zu Hause ist. Man kann nicht nur ihren Status pr\u00fcfen, sondern die auch steuern! (\u00d6ffnen, Schlie\u00dfen, Stopp, Fu\u00dfg\u00e4nger\u00f6ffnung usw.)<\/p>\n<p><strong>Betreten Sie Ihr Zuhause, ohne einen Finger zu r\u00fchren.<\/strong> Durch die Verwendung der Geolokalisierungsdienste des Mobilger\u00e4ts kann V2 GO Ihre Position kennen und die ausgew\u00e4hlte Automatisierung automatisch \u00f6ffnen, wenn Sie sich n\u00e4hern, wodurch Sie Zeit sparen.<\/p>\n<p><strong>\u00dcberpr\u00fcfen Sie die Zug\u00e4nge zum Grundst\u00fcck. <\/strong>\u00dcber die App k\u00f6nnen Sie jederzeit die Zugriffe verwalten und ggf. auf bestimmte Zeitr\u00e4ume f\u00fcr die gew\u00fcnschten Nutzer beschr\u00e4nken<\/p>\n<p><strong>Stellen Sie automatische Szenarien ein, die zu den gew\u00fcnschten Zeiten ausgef\u00fchrt werden<\/strong>. Befreien Sie sich von t\u00e4glichen Aktionen: mit V2 GO k\u00f6nnen Sie Ihre Anlage an bestimmten Tagen und zu bestimmten Zeiten automatisch \u00f6ffnen und schlie\u00dfen (Beispiel: Tor\u00f6ffnung von 9.00 bis 18.00 Uhr, von Montag bis Freitag).<\/p>\n<p>Um die App nutzen zu k\u00f6nnen, m\u00fcssen die V2-Steuerger\u00e4te mit dem neuen ADI WIFI TOOL WF01 Code 161230 verbunden werden.<\/p>\n<p>Laden Sie die kostenlose V2 GO-Anwendung aus den offiziellen Stores (Google Play, Apple App Store) herunter.<\/p>\n<p>&nbsp;<\/p>\n<p><strong>ANFORDERUNGEN<\/strong><br \/>\n<strong>iOS 12.0<\/strong><br \/>\n<strong>Android 8.0<\/strong>[\/vc_column_text][vc_empty_space height=&#8221;20px&#8221;][vc_raw_html]JTNDZGl2JTIwY2xhc3MlM0QlMjJhbGlnbmxlZnQlMjIlM0UlMEElM0NhJTIwaHJlZiUzRCUyMmh0dHBzJTNBJTJGJTJGYXBwcy5hcHBsZS5jb20lMkZpdCUyRmFwcCUyRnYyLWdvJTJGaWQxNDg4NzY2Njg1JTIyJTIwdGFyZ2V0JTNEJTIyX2JsYW5rJTIyJTNFJTNDaW1nJTIwc3JjJTNEJTIyaHR0cHMlM0ElMkYlMkZ2MmhvbWUuY29tJTJGd3AtY29udGVudCUyRnVwbG9hZHMlMkYyMDE4JTJGMDclMkZhcHAtc3RvcmUtZW4uc3ZnJTIyJTIwc3R5bGUlM0QlMjJoZWlnaHQlM0ElMjA0NHB4JTNCJTIyJTIwJTIwYWx0JTNEJTIydjItYXBwdG9vbC1hcHAtc3RvcmUlMjIlMjAlMkYlM0UlM0MlMkZhJTNFJTBBJTNDYSUyMGhyZWYlM0QlMjJodHRwcyUzQSUyRiUyRnBsYXkuZ29vZ2xlLmNvbSUyRnN0b3JlJTJGYXBwcyUyRmRldGFpbHMlM0ZpZCUzRGNvbS52Mi52MmdvJTI2aGwlM0RpdCUyNmdsJTNEVVMlMjIlMjB0YXJnZXQlM0QlMjJfYmxhbmslMjIlM0UlM0NpbWclMjBzcmMlM0QlMjJodHRwcyUzQSUyRiUyRnYyaG9tZS5jb20lMkZ3cC1jb250ZW50JTJGdXBsb2FkcyUyRjIwMTglMkYwNyUyRmdvb2dsZS1wbGF5LWVuLnN2ZyUyMiUyMHN0eWxlJTNEJTIyaGVpZ2h0JTNBJTIwNDRweCUzQiUyMiUyMGFsdCUzRCUyMnYyLWFwcHRvb2wtZ29vZ2xlLXBsYXklMjIlMjAlMkYlM0UlMjAlM0MlMkZhJTNFJTBBJTNDJTJGZGl2JTNF[\/vc_raw_html][\/vc_column][\/vc_row][vc_row row_type=&#8221;row&#8221; use_row_as_full_screen_section=&#8221;no&#8221; type=&#8221;full_width&#8221; text_align=&#8221;left&#8221; background_animation=&#8221;none&#8221; css_animation=&#8221;&#8221;][vc_column][vc_raw_js]JTNDc2NyaXB0JTIwdHlwZSUzRCUyMnRleHQlMkZqYXZhc2NyaXB0JTIyJTNFJTIwJTBBalF1ZXJ5JTI4JTIwZG9jdW1lbnQlMjAlMjkucmVhZHklMjhmdW5jdGlvbiUyOCUyOSUyMCU3QiUwQSUwOWlmJTI4d2luZG93LmxvY2F0aW9uLmhhc2glMjklMjAlN0IlMEElMDklMDl2YXIlMjB5JTIwJTNEJTIwalF1ZXJ5JTI4d2luZG93JTI5LnNjcm9sbFRvcCUyOCUyOSUzQiUyMCUwQSUwOSUwOWpRdWVyeSUyOHdpbmRvdyUyOS5zY3JvbGxUb3AlMjh5LTE3MCUyOSUzQiUwQSUyMCUyMCUyMCUyMCUyMCUyMCUyMCUyMCUyMCUyMCUyMCUyMCUyMCUyMCUyMCUyMHklMjAlM0QlMjBqUXVlcnklMjh3aW5kb3clMjkuc2Nyb2xsVG9wJTI4JTI5JTNCJTIwJTIwJTBBJTA5JTdEJTBBJTdEJTI5JTNCJTBBJTNDJTJGc2NyaXB0JTNF[\/vc_raw_js][\/vc_column][\/vc_row][vc_row row_type=&#8221;row&#8221; use_row_as_full_screen_section=&#8221;no&#8221; type=&#8221;full_width&#8221; text_align=&#8221;left&#8221; background_animation=&#8221;none&#8221; css_animation=&#8221;&#8221;][vc_column][vc_empty_space height=&#8221;44px&#8221;][\/vc_column][\/vc_row]<\/p>\n","protected":false},"excerpt":{"rendered":"<p>[vc_row row_type=&#8221;row&#8221; use_row_as_full_screen_section=&#8221;no&#8221; type=&#8221;grid&#8221; text_align=&#8221;left&#8221; background_animation=&#8221;none&#8221; css_animation=&#8221;&#8221;][vc_column width=&#8221;1\/4&#8243; el_class=&#8221;center-text&#8221; offset=&#8221;vc_col-xs-6&#8243;][vc_single_image image=&#8221;104459&#8243; alignment=&#8221;center&#8221; onclick=&#8221;custom_link&#8221; qode_css_animation=&#8221;&#8221; link=&#8221;javascript: goto_app(&#8216;http:\/\/v2home.com\/app\/#v2-apptool&#8217;)&#8221;][vc_column_text el_class=&#8221;app-titolo&#8221;] V2 APPTOOL [\/vc_column_text][\/vc_column][vc_column width=&#8221;1\/4&#8243; offset=&#8221;vc_col-xs-6&#8243;][vc_single_image image=&#8221;104452&#8243; alignment=&#8221;center&#8221; onclick=&#8221;custom_link&#8221; qode_css_animation=&#8221;&#8221; link=&#8221;javascript: goto_app(&#8216;http:\/\/v2home.com\/app\/#v2-go&#8217;)&#8221;][vc_column_text el_class=&#8221;app-titolo&#8221;] V2 GO [\/vc_column_text][\/vc_column][\/vc_row][vc_row row_type=&#8221;row&#8221; use_row_as_full_screen_section=&#8221;no&#8221; type=&#8221;grid&#8221; text_align=&#8221;left&#8221; background_animation=&#8221;none&#8221; css_animation=&#8221;&#8221;][vc_column][vc_empty_space height=&#8221;35px&#8221;][vc_separator type=&#8221;normal&#8221; border_style=&#8221;&#8221; el_class=&#8221;prodotti-dettaglio-tab-linea&#8221;][vc_empty_space height=&#8221;35px&#8221;][\/vc_column][\/vc_row][vc_row row_type=&#8221;row&#8221; use_row_as_full_screen_section=&#8221;no&#8221;&#8230;<\/p>\n","protected":false},"author":2,"featured_media":0,"parent":0,"menu_order":0,"comment_status":"closed","ping_status":"closed","template":"","meta":{"footnotes":""},"_links":{"self":[{"href":"https:\/\/v2home.com\/de\/wp-json\/wp\/v2\/pages\/82834"}],"collection":[{"href":"https:\/\/v2home.com\/de\/wp-json\/wp\/v2\/pages"}],"about":[{"href":"https:\/\/v2home.com\/de\/wp-json\/wp\/v2\/types\/page"}],"author":[{"embeddable":true,"href":"https:\/\/v2home.com\/de\/wp-json\/wp\/v2\/users\/2"}],"replies":[{"embeddable":true,"href":"https:\/\/v2home.com\/de\/wp-json\/wp\/v2\/comments?post=82834"}],"version-history":[{"count":17,"href":"https:\/\/v2home.com\/de\/wp-json\/wp\/v2\/pages\/82834\/revisions"}],"predecessor-version":[{"id":104495,"href":"https:\/\/v2home.com\/de\/wp-json\/wp\/v2\/pages\/82834\/revisions\/104495"}],"wp:attachment":[{"href":"https:\/\/v2home.com\/de\/wp-json\/wp\/v2\/media?parent=82834"}],"curies":[{"name":"wp","href":"https:\/\/api.w.org\/{rel}","templated":true}]}}