{"id":82902,"date":"2018-06-21T09:07:07","date_gmt":"2018-06-21T07:07:07","guid":{"rendered":"http:\/\/v2home.com?page_id=82902"},"modified":"2018-07-17T11:45:40","modified_gmt":"2018-07-17T09:45:40","slug":"automatismen-fur-tore","status":"publish","type":"page","link":"https:\/\/v2home.com\/de\/automatismen-fur-tore\/","title":{"rendered":"Automatismen f\u00fcr Tore"},"content":{"rendered":"\n<!-- SEO Ultimate (http:\/\/www.seodesignsolutions.com\/wordpress-seo\/) - Code Inserter module -->\n<!-- Google Tag Manager (noscript) -->\r\n<noscript><iframe src=\"https:\/\/www.googletagmanager.com\/ns.html?id=GTM-5PTVMVL\"\r\nheight=\"0\" width=\"0\" style=\"display:none;visibility:hidden\"><\/iframe><\/noscript>\r\n<!-- End Google Tag Manager (noscript) -->\n<!-- \/SEO Ultimate -->\n\n<script>\tjQuery( document ).ready(function() {\t\tvar id_categoria = '966';\t\tvar AUTOMATISMI_PER_CANCELLI_ID = '966';\t\tvar AUTOMATISMI_PER_TENDE_E_TAPPARELLE_ID = '967';\t\tvar AUTOMATISMI_PER_GARAGE_ID = '42537';\t\tvar HOME_AUTOMATION_ID = '42542';\t\tvar BARRIERE_STRADALI_ID = '42558';\t\tvar AUTOMATISMI_PER_PORTE_AUTOMATICHE_ID = '42550';\t\tswitch (id_categoria) {\t\t\tcase AUTOMATISMI_PER_CANCELLI_ID:\t\t\t\tjQuery('#lbl-automatismi-per-cancelli').addClass('lista-categorie-prodotti-titolo-piccolo-selected');\t\t\t\tjQuery('#img-automatismi-per-cancelli').attr('src','https:\/\/v2home.com\/wp-content\/uploads\/2018\/07\/icona_automatismi_per_cancelli_hover.svg');\t\t\t\tbreak;\t\t\tcase AUTOMATISMI_PER_TENDE_E_TAPPARELLE_ID:\t\t\t\tjQuery('#lbl-automatismi-per-tende-e-tapparelle').addClass('lista-categorie-prodotti-titolo-piccolo-selected');\t\t\t\tjQuery('#img-automatismi-per-tende-e-tapparelle').attr('src','https:\/\/v2home.com\/wp-content\/uploads\/2018\/07\/icona_automatismi_per_tende_hover.svg');\t\t\t\tbreak;\t\t\tcase AUTOMATISMI_PER_GARAGE_ID:\t\t\t\tjQuery('#lbl-automatismi-per-garage').addClass('lista-categorie-prodotti-titolo-piccolo-selected');\t\t\t\tjQuery('#img-automatismi-per-garage').attr('src','https:\/\/v2home.com\/wp-content\/uploads\/2018\/07\/icona_automatismi_per_garage_hover.svg');\t\t\t\tbreak;\t\t\tcase HOME_AUTOMATION_ID:\t\t\t\tjQuery('#lbl-home-automation').addClass('lista-categorie-prodotti-titolo-piccolo-selected');\t\t\t\tjQuery('#img-home-automation').attr('src','https:\/\/v2home.com\/wp-content\/uploads\/2018\/07\/icona_home_automations_hover.svg');\t\t\t\tbreak;\t\t\tcase BARRIERE_STRADALI_ID:\t\t\t\tjQuery('#lbl-barriere-stradali').addClass('lista-categorie-prodotti-titolo-piccolo-selected');\t\t\t\tjQuery('#img-barriere-stradali').attr('src','https:\/\/v2home.com\/wp-content\/uploads\/2018\/07\/icona_barriere_stradali_hover.svg');\t\t\t\tbreak;\t\t\tcase AUTOMATISMI_PER_PORTE_AUTOMATICHE_ID:\t\t\t\tjQuery('#lbl-automatismi-per-porte-automatiche').addClass('lista-categorie-prodotti-titolo-piccolo-selected');\t\t\t\tjQuery('#img-automatismi-per-porte-automatiche').attr('src','https:\/\/v2home.com\/wp-content\/uploads\/2018\/07\/icona_automatismi_per_porte_automatiche_hover.svg');\t\t\t\tbreak;\t\t}\t});<\/script><div class='title_outer title_without_animation with_image'>\t<div class='title position_left standard_title'>\t\t<div class='image responsive'>\t\t\t<img src='https:\/\/v2home.com\/wp-content\/uploads\/2018\/07\/banner_automatismi-per-cancelli.jpg'>\t\t<\/div>\t\t<div class='title_holder'>\t\t\t<div class='container'>\t\t\t\t<div class='container_inner clearfix'>\t\t\t\t\t<div class='title_subtitle_holder'>\t\t\t\t\t\t<div class='title_subtitle_holder_inner'>\t\t\t\t\t\t\t<h1 id='lista-prodotti-header-titolo'>Automatisierung von Toren<\/h1>\t\t\t\t\t\t<\/div>\t\t\t\t\t<\/div>\t\t\t\t<\/div>\t\t\t<\/div>\t\t<\/div>\t<\/div><\/div><div class='full_width'>\t<div class='full_width_inner'>\t\t<div class='container'>\t\t\t<div class='container_inner default_template_holder'>\t\t\t\t<div class='w4pl'>\t\t\t\t\t<div class='w4pl-inner'>\t\t\t\t\t\t<div class='section_inner_margin clearfix'>\t\t\t\t\t\t\t\t<div class='wpb_column vc_column_container vc_col-lg-6 vc_col-md-6 vc_col-sm-12 vc_col-xs-12' style='padding-left: 15px; padding-right: 15px; margin-bottom: 50px;'>\t\t\t\t\t\t\t\t\t<div class='lista-categorie-prodotti-contenitore-bordo' style='position: relative;'>\t\t\t\t\t\t\t\t\t\t<div class='vc_column-inner' style='text-align: center;'>\t\t\t\t\t\t\t\t\t\t\t\t<img style='margin-top: 15px;' class='img-responsive' src='https:\/\/v2home.com\/wp-content\/uploads\/2018\/08\/AYROS.jpg'\/>\t\t\t\t\t\t\t\t\t\t<\/div>\t\t\t\t\t\t\t\t\t\t<div class='vc_column-inner'>\t\t\t\t\t\t\t\t\t\t\t<div class='lista-prodotti-titolo'>Antriebe f\u00fcr Schiebetore\t\t\t\t\t\t\t\t\t\t\t<\/div>\t\t\t\t\t\t\t\t\t\t<\/div>\t\t\t\t\t\t\t\t\t\t<div class='vc_column-inner'>\t\t\t\t\t\t\t\t\t\t\t<div class='lista-categorie-prodotti-descrizione'>Das Schiebetor ist eine perfekte L\u00f6sung, um den Raum dort zu optimieren, wo nicht genug Platz f\u00fcr die \u00d6ffnung der Torfl\u00fcgel vorhanden ist. Die V2 Automatisierungssysteme sind spezifisch auf das Gewicht und die Ma\u00dfe des Tors abgestimmt, um zu gew\u00e4hrleisten, dass sie allen Witterungsbedingungen widerstehen und lange haltbar sind.\t\t\t\t\t\t\t\t\t\t\t<\/div>\t\t\t\t\t\t\t\t\t\t<\/div>\t\t\t\t\t\t\t\t\t\t<div class='lista-categorie-prodotti-btn-scopri-container'>\t\t\t\t\t\t\t\t\t\t\t<a href='https:\/\/v2home.com\/de\/kategorie\/antriebe-far-schiebetore-de\/'>\t\t\t\t\t\t\t\t\t\t\t\t<div class='lista-categorie-prodotti-btn-scopri'>\t\t\t\t\t\t\t\t\t\t\t\t\t<div class='lista-categorie-prodotti-scopri'>Entdecken Sie Produkte<\/div>\t\t\t\t\t\t\t\t\t\t\t\t<\/div>\t\t\t\t\t\t\t\t\t\t\t<\/a>\t\t\t\t\t\t\t\t\t\t<\/div>\t\t\t\t\t\t\t\t\t<\/div>\t\t\t\t\t\t\t\t<\/div>\t\t\t\t\t\t\t\t<div class='wpb_column vc_column_container vc_col-lg-6 vc_col-md-6 vc_col-sm-12 vc_col-xs-12' style='padding-left: 15px; padding-right: 15px; margin-bottom: 50px;'>\t\t\t\t\t\t\t\t\t<div class='lista-categorie-prodotti-contenitore-bordo' style='position: relative;'>\t\t\t\t\t\t\t\t\t\t<div class='vc_column-inner' style='text-align: center;'>\t\t\t\t\t\t\t\t\t\t\t\t<img style='margin-top: 15px;' class='img-responsive' src='https:\/\/v2home.com\/wp-content\/uploads\/2022\/09\/Motori-per-cancelli.jpg'\/>\t\t\t\t\t\t\t\t\t\t<\/div>\t\t\t\t\t\t\t\t\t\t<div class='vc_column-inner'>\t\t\t\t\t\t\t\t\t\t\t<div class='lista-prodotti-titolo'>Antriebe f\u00fcr Fl\u00fcgeltore\t\t\t\t\t\t\t\t\t\t\t<\/div>\t\t\t\t\t\t\t\t\t\t<\/div>\t\t\t\t\t\t\t\t\t\t<div class='vc_column-inner'>\t\t\t\t\t\t\t\t\t\t\t<div class='lista-categorie-prodotti-descrizione'>Ein Fl\u00fcgeltor hebt den \u00e4sthetischen Wert eines Geb\u00e4udes bereits am Eingang. Durch die zus\u00e4tzliche Installation eines V2-Motors kann die Sch\u00f6nheit des Tores mit der Zweckm\u00e4\u00dfigkeit eines automatischen \u00d6ffnungssystems verbunden werden, das Sicherheit und Leistung garantiert. G\u00f6nnen Sie sich einen zus\u00e4tzlichen Wert.\t\t\t\t\t\t\t\t\t\t\t<\/div>\t\t\t\t\t\t\t\t\t\t<\/div>\t\t\t\t\t\t\t\t\t\t<div class='lista-categorie-prodotti-btn-scopri-container'>\t\t\t\t\t\t\t\t\t\t\t<a href='https:\/\/v2home.com\/de\/kategorie\/antriebe-far-flageltore-de\/'>\t\t\t\t\t\t\t\t\t\t\t\t<div class='lista-categorie-prodotti-btn-scopri'>\t\t\t\t\t\t\t\t\t\t\t\t\t<div class='lista-categorie-prodotti-scopri'>Entdecken Sie Produkte<\/div>\t\t\t\t\t\t\t\t\t\t\t\t<\/div>\t\t\t\t\t\t\t\t\t\t\t<\/a>\t\t\t\t\t\t\t\t\t\t<\/div>\t\t\t\t\t\t\t\t\t<\/div>\t\t\t\t\t\t\t\t<\/div>\t\t\t\t\t\t\t\t<div class='wpb_column vc_column_container vc_col-lg-6 vc_col-md-6 vc_col-sm-12 vc_col-xs-12' style='padding-left: 15px; padding-right: 15px; margin-bottom: 50px;'>\t\t\t\t\t\t\t\t\t<div class='lista-categorie-prodotti-contenitore-bordo' style='position: relative;'>\t\t\t\t\t\t\t\t\t\t<div class='vc_column-inner' style='text-align: center;'>\t\t\t\t\t\t\t\t\t\t\t\t<img style='margin-top: 15px;' class='img-responsive' src='https:\/\/v2home.com\/wp-content\/uploads\/2018\/07\/CITY1-EVO.jpg'\/>\t\t\t\t\t\t\t\t\t\t<\/div>\t\t\t\t\t\t\t\t\t\t<div class='vc_column-inner'>\t\t\t\t\t\t\t\t\t\t\t<div class='lista-prodotti-titolo'>Steuerungen\t\t\t\t\t\t\t\t\t\t\t<\/div>\t\t\t\t\t\t\t\t\t\t<\/div>\t\t\t\t\t\t\t\t\t\t<div class='vc_column-inner'>\t\t\t\t\t\t\t\t\t\t\t<div class='lista-categorie-prodotti-descrizione'>Die V2-Steuerger\u00e4te wurden f\u00fcr Fl\u00fcgel- und Schiebetore, Rolltore, Rolll\u00e4den und Markisen entwickelt. Innovation und Suche nach optimalen technischen L\u00f6sungen garantieren h\u00f6chste Betriebssicherheit. Nach der Installation brauchen Sie sich um nichts mehr zu k\u00fcmmern.\t\t\t\t\t\t\t\t\t\t\t<\/div>\t\t\t\t\t\t\t\t\t\t<\/div>\t\t\t\t\t\t\t\t\t\t<div class='lista-categorie-prodotti-btn-scopri-container'>\t\t\t\t\t\t\t\t\t\t\t<a href='https:\/\/v2home.com\/de\/kategorie\/steuerungen-de\/'>\t\t\t\t\t\t\t\t\t\t\t\t<div class='lista-categorie-prodotti-btn-scopri'>\t\t\t\t\t\t\t\t\t\t\t\t\t<div class='lista-categorie-prodotti-scopri'>Entdecken Sie Produkte<\/div>\t\t\t\t\t\t\t\t\t\t\t\t<\/div>\t\t\t\t\t\t\t\t\t\t\t<\/a>\t\t\t\t\t\t\t\t\t\t<\/div>\t\t\t\t\t\t\t\t\t<\/div>\t\t\t\t\t\t\t\t<\/div>\t\t\t\t\t\t\t\t<div class='wpb_column vc_column_container vc_col-lg-6 vc_col-md-6 vc_col-sm-12 vc_col-xs-12' style='padding-left: 15px; padding-right: 15px; margin-bottom: 50px;'>\t\t\t\t\t\t\t\t\t<div class='lista-categorie-prodotti-contenitore-bordo' style='position: relative;'>\t\t\t\t\t\t\t\t\t\t<div class='vc_column-inner' style='text-align: center;'>\t\t\t\t\t\t\t\t\t\t\t\t<img style='margin-top: 15px;' class='img-responsive' src='https:\/\/v2home.com\/wp-content\/uploads\/2018\/07\/PHOX2.jpg'\/>\t\t\t\t\t\t\t\t\t\t<\/div>\t\t\t\t\t\t\t\t\t\t<div class='vc_column-inner'>\t\t\t\t\t\t\t\t\t\t\t<div class='lista-prodotti-titolo'>Sender und Empf\u00e4nger\t\t\t\t\t\t\t\t\t\t\t<\/div>\t\t\t\t\t\t\t\t\t\t<\/div>\t\t\t\t\t\t\t\t\t\t<div class='vc_column-inner'>\t\t\t\t\t\t\t\t\t\t\t<div class='lista-categorie-prodotti-descrizione'>Die Sender und Empf\u00e4nger von V2 verf\u00fcgen \u00fcber eine hochwertige Technologie, um die Steuerung jedes Systems zu vereinfachen. Kleine Ma\u00dfe und intelligente Leistungen bieten praktische und vielseitige L\u00f6sungen, so dass die Fernbedienung eine immer konkretere, einfachere und sichere M\u00f6glichkeit darstellt. Das versteht man unter echtem Komfort.\t\t\t\t\t\t\t\t\t\t\t<\/div>\t\t\t\t\t\t\t\t\t\t<\/div>\t\t\t\t\t\t\t\t\t\t<div class='lista-categorie-prodotti-btn-scopri-container'>\t\t\t\t\t\t\t\t\t\t\t<a href='https:\/\/v2home.com\/de\/kategorie\/sender-und-empfanger-de\/'>\t\t\t\t\t\t\t\t\t\t\t\t<div class='lista-categorie-prodotti-btn-scopri'>\t\t\t\t\t\t\t\t\t\t\t\t\t<div class='lista-categorie-prodotti-scopri'>Entdecken Sie Produkte<\/div>\t\t\t\t\t\t\t\t\t\t\t\t<\/div>\t\t\t\t\t\t\t\t\t\t\t<\/a>\t\t\t\t\t\t\t\t\t\t<\/div>\t\t\t\t\t\t\t\t\t<\/div>\t\t\t\t\t\t\t\t<\/div>\t\t\t\t\t\t\t\t<div class='wpb_column vc_column_container vc_col-lg-6 vc_col-md-6 vc_col-sm-12 vc_col-xs-12' style='padding-left: 15px; padding-right: 15px; margin-bottom: 50px;'>\t\t\t\t\t\t\t\t\t<div class='lista-categorie-prodotti-contenitore-bordo' style='position: relative;'>\t\t\t\t\t\t\t\t\t\t<div class='vc_column-inner' style='text-align: center;'>\t\t\t\t\t\t\t\t\t\t\t\t<img style='margin-top: 15px;' class='img-responsive' src='https:\/\/v2home.com\/wp-content\/uploads\/2022\/09\/Dispositivi-di-sicurezza.jpg'\/>\t\t\t\t\t\t\t\t\t\t<\/div>\t\t\t\t\t\t\t\t\t\t<div class='vc_column-inner'>\t\t\t\t\t\t\t\t\t\t\t<div class='lista-prodotti-titolo'>Sicherungsvorrichtungen und Zubeh\u00f6r\t\t\t\t\t\t\t\t\t\t\t<\/div>\t\t\t\t\t\t\t\t\t\t<\/div>\t\t\t\t\t\t\t\t\t\t<div class='vc_column-inner'>\t\t\t\t\t\t\t\t\t\t\t<div class='lista-categorie-prodotti-descrizione'>Denn V2 bietet eine umfassende Auswahl an n\u00fctzlichen L\u00f6sungen f\u00fcr ein perfektes Sicherheitssystem, sowohl f\u00fcr \u00f6ffentliche, als auch private Anwendungen: Fotozellen, ber\u00fchrungslose Systeme und jede Art von Zubeh\u00f6r. Hinzu kommt die professionelle Beratung durch V2, um gemeinsam eine ma\u00dfgeschneiderte L\u00f6sung zu finden. Sch\u00fctzen Sie, was Ihnen am Herzen liegt.\t\t\t\t\t\t\t\t\t\t\t<\/div>\t\t\t\t\t\t\t\t\t\t<\/div>\t\t\t\t\t\t\t\t\t\t<div class='lista-categorie-prodotti-btn-scopri-container'>\t\t\t\t\t\t\t\t\t\t\t<a href='https:\/\/v2home.com\/de\/kategorie\/sicherungsvorrichtungen-und-zubehar-de\/'>\t\t\t\t\t\t\t\t\t\t\t\t<div class='lista-categorie-prodotti-btn-scopri'>\t\t\t\t\t\t\t\t\t\t\t\t\t<div class='lista-categorie-prodotti-scopri'>Entdecken Sie Produkte<\/div>\t\t\t\t\t\t\t\t\t\t\t\t<\/div>\t\t\t\t\t\t\t\t\t\t\t<\/a>\t\t\t\t\t\t\t\t\t\t<\/div>\t\t\t\t\t\t\t\t\t<\/div>\t\t\t\t\t\t\t\t<\/div>\t\t\t\t\t\t\t\t<div class='wpb_column vc_column_container vc_col-lg-6 vc_col-md-6 vc_col-sm-12 vc_col-xs-12' style='padding-left: 15px; padding-right: 15px; margin-bottom: 50px;'>\t\t\t\t\t\t\t\t\t<div class='lista-categorie-prodotti-contenitore-bordo' style='position: relative;'>\t\t\t\t\t\t\t\t\t\t<div class='vc_column-inner' style='text-align: center;'>\t\t\t\t\t\t\t\t\t\t\t\t<img style='margin-top: 15px;' class='img-responsive' src='https:\/\/v2home.com\/wp-content\/uploads\/2018\/06\/ECO-LOGIC-1.jpg'\/>\t\t\t\t\t\t\t\t\t\t<\/div>\t\t\t\t\t\t\t\t\t\t<div class='vc_column-inner'>\t\t\t\t\t\t\t\t\t\t\t<div class='lista-prodotti-titolo'>Systeme mit Solarstromversorgung\t\t\t\t\t\t\t\t\t\t\t<\/div>\t\t\t\t\t\t\t\t\t\t<\/div>\t\t\t\t\t\t\t\t\t\t<div class='vc_column-inner'>\t\t\t\t\t\t\t\t\t\t\t<div class='lista-categorie-prodotti-descrizione'>Seit Jahren konzentriert sich V2 auf die Entwicklung von Systemen, die eine Reduzierung von Umweltauswirkungen erm\u00f6glichen. Ergebnis dieser Forschungen ist ECO-LOGIC: ein mit Solarenergie betriebenes Ger\u00e4t, das mit vielen unserer Produkte \u00fcber Schnittstellen verbunden werden kann, um den Energieverbrauch zu reduzieren. Eine konkrete L\u00f6sung f\u00fcr mehr Umweltvertr\u00e4glichkeit.\t\t\t\t\t\t\t\t\t\t\t<\/div>\t\t\t\t\t\t\t\t\t\t<\/div>\t\t\t\t\t\t\t\t\t\t<div class='lista-categorie-prodotti-btn-scopri-container'>\t\t\t\t\t\t\t\t\t\t\t<a href='https:\/\/v2home.com\/de\/kategorie\/systeme-mit-solarstromversorgung-de\/'>\t\t\t\t\t\t\t\t\t\t\t\t<div class='lista-categorie-prodotti-btn-scopri'>\t\t\t\t\t\t\t\t\t\t\t\t\t<div class='lista-categorie-prodotti-scopri'>Entdecken Sie Produkte<\/div>\t\t\t\t\t\t\t\t\t\t\t\t<\/div>\t\t\t\t\t\t\t\t\t\t\t<\/a>\t\t\t\t\t\t\t\t\t\t<\/div>\t\t\t\t\t\t\t\t\t<\/div>\t\t\t\t\t\t\t\t<\/div>\t\t\t\t\t\t<\/div>\t\t\t\t\t<\/div>\t\t\t\t<\/div>\t\t\t<\/div>\t\t<\/div>\t<\/div><\/div><div class='title_outer title_without_animation with_image'>\t<div class='title position_left standard_title'>\t\t<div class='image responsive'>\t\t\t<img src='https:\/\/v2home.com\/wp-content\/uploads\/2018\/07\/banner_barriere-stradali.jpg'>\t\t<\/div>\t\t<div class='title_holder'>\t\t\t<div class='container'>\t\t\t\t<div class='container_inner clearfix'>\t\t\t\t\t<div class='title_subtitle_holder'>\t\t\t\t\t\t<div class='title_subtitle_holder_inner'>\t\t\t\t\t\t\t<h1 id='lista-prodotti-header-titolo'>Torschranken<\/h1>\t\t\t\t\t\t<\/div>\t\t\t\t\t<\/div>\t\t\t\t<\/div>\t\t\t<\/div>\t\t<\/div>\t<\/div><\/div><div class='full_width'>\t<div class='full_width_inner'>\t\t<div class='container'>\t\t\t<div class='container_inner default_template_holder'>\t\t\t\t<div class='w4pl'>\t\t\t\t\t<div class='w4pl-inner'>\t\t\t\t\t\t<div class='section_inner_margin clearfix'>\t\t\t\t\t\t\t\t<div class='wpb_column vc_column_container vc_col-lg-6 vc_col-md-6 vc_col-sm-12 vc_col-xs-12' style='padding-left: 15px; padding-right: 15px; margin-bottom: 50px;'>\t\t\t\t\t\t\t\t\t<div class='lista-categorie-prodotti-contenitore-bordo' style='position: relative;'>\t\t\t\t\t\t\t\t\t\t<div class='vc_column-inner' style='text-align: center;'>\t\t\t\t\t\t\t\t\t\t\t\t<img style='margin-top: 15px;' class='img-responsive' src='https:\/\/v2home.com\/wp-content\/uploads\/2018\/06\/NIUBA.jpg'\/>\t\t\t\t\t\t\t\t\t\t<\/div>\t\t\t\t\t\t\t\t\t\t<div class='vc_column-inner'>\t\t\t\t\t\t\t\t\t\t\t<div class='lista-prodotti-titolo'>Antriebe f\u00fcr Torschranken\t\t\t\t\t\t\t\t\t\t\t<\/div>\t\t\t\t\t\t\t\t\t\t<\/div>\t\t\t\t\t\t\t\t\t\t<div class='vc_column-inner'>\t\t\t\t\t\t\t\t\t\t\t<div class='lista-categorie-prodotti-descrizione'>Dank der V2-Motoren f\u00fcr Schranken k\u00f6nnen die Ein- und Ausfahrten von und zu \u00f6ffentlichen oder privaten Parkpl\u00e4tzen kontrolliert werden, auch wenn zu bestimmten Tageszeiten ein h\u00f6herer Andrang herrscht. In der Tat sind die V2-Motoren speziell entwickelt, um auch hohen Beanspruchungen standzuhalten. Dessen k\u00f6nnen Sie sich sicher sein.\t\t\t\t\t\t\t\t\t\t\t<\/div>\t\t\t\t\t\t\t\t\t\t<\/div>\t\t\t\t\t\t\t\t\t\t<div class='lista-categorie-prodotti-btn-scopri-container'>\t\t\t\t\t\t\t\t\t\t\t<a href='https:\/\/v2home.com\/de\/kategorie\/antriebe-far-torschranken-de\/'>\t\t\t\t\t\t\t\t\t\t\t\t<div class='lista-categorie-prodotti-btn-scopri'>\t\t\t\t\t\t\t\t\t\t\t\t\t<div class='lista-categorie-prodotti-scopri'>Entdecken Sie Produkte<\/div>\t\t\t\t\t\t\t\t\t\t\t\t<\/div>\t\t\t\t\t\t\t\t\t\t\t<\/a>\t\t\t\t\t\t\t\t\t\t<\/div>\t\t\t\t\t\t\t\t\t<\/div>\t\t\t\t\t\t\t\t<\/div>\t\t\t\t\t\t<\/div>\t\t\t\t\t<\/div>\t\t\t\t<\/div>\t\t\t<\/div>\t\t<\/div>\t<\/div><\/div>\n","protected":false},"excerpt":{"rendered":"jQuery( document ).ready(function() { var id_categoria = '966'; var AUTOMATISMI_PER_CANCELLI_ID = '966'; var AUTOMATISMI_PER_TENDE_E_TAPPARELLE_ID = '967'; var AUTOMATISMI_PER_GARAGE_ID = '42537'; var HOME_AUTOMATION_ID = '42542'; var BARRIERE_STRADALI_ID = '42558'; var AUTOMATISMI_PER_PORTE_AUTOMATICHE_ID = '42550'; switch (id_categoria) { case AUTOMATISMI_PER_CANCELLI_ID: jQuery('#lbl-automatismi-per-cancelli').addClass('lista-categorie-prodotti-titolo-piccolo-selected'); jQuery('#img-automatismi-per-cancelli').attr('src','https:\/\/v2home.com\/wp-content\/uploads\/2018\/07\/icona_automatismi_per_cancelli_hover.svg'); break; case AUTOMATISMI_PER_TENDE_E_TAPPARELLE_ID: jQuery('#lbl-automatismi-per-tende-e-tapparelle').addClass('lista-categorie-prodotti-titolo-piccolo-selected'); jQuery('#img-automatismi-per-tende-e-tapparelle').attr('src','https:\/\/v2home.com\/wp-content\/uploads\/2018\/07\/icona_automatismi_per_tende_hover.svg'); break;...","protected":false},"author":2,"featured_media":0,"parent":0,"menu_order":0,"comment_status":"closed","ping_status":"closed","template":"lista_categorie_prodotti.php","meta":{"footnotes":""},"_links":{"self":[{"href":"https:\/\/v2home.com\/de\/wp-json\/wp\/v2\/pages\/82902"}],"collection":[{"href":"https:\/\/v2home.com\/de\/wp-json\/wp\/v2\/pages"}],"about":[{"href":"https:\/\/v2home.com\/de\/wp-json\/wp\/v2\/types\/page"}],"author":[{"embeddable":true,"href":"https:\/\/v2home.com\/de\/wp-json\/wp\/v2\/users\/2"}],"replies":[{"embeddable":true,"href":"https:\/\/v2home.com\/de\/wp-json\/wp\/v2\/comments?post=82902"}],"version-history":[{"count":5,"href":"https:\/\/v2home.com\/de\/wp-json\/wp\/v2\/pages\/82902\/revisions"}],"predecessor-version":[{"id":84566,"href":"https:\/\/v2home.com\/de\/wp-json\/wp\/v2\/pages\/82902\/revisions\/84566"}],"wp:attachment":[{"href":"https:\/\/v2home.com\/de\/wp-json\/wp\/v2\/media?parent=82902"}],"curies":[{"name":"wp","href":"https:\/\/api.w.org\/{rel}","templated":true}]}}