{"id":83916,"date":"2018-07-03T12:25:54","date_gmt":"2018-07-03T10:25:54","guid":{"rendered":"http:\/\/v2home.com?page_id=83916"},"modified":"2018-07-20T08:55:17","modified_gmt":"2018-07-20T06:55:17","slug":"handbuecher","status":"publish","type":"page","link":"https:\/\/v2home.com\/de\/handbuecher\/","title":{"rendered":"Handb\u00fccher"},"content":{"rendered":"\n<!-- SEO Ultimate (http:\/\/www.seodesignsolutions.com\/wordpress-seo\/) - Code Inserter module -->\n<!-- Google Tag Manager (noscript) -->\r\n<noscript><iframe src=\"https:\/\/www.googletagmanager.com\/ns.html?id=GTM-5PTVMVL\"\r\nheight=\"0\" width=\"0\" style=\"display:none;visibility:hidden\"><\/iframe><\/noscript>\r\n<!-- End Google Tag Manager (noscript) -->\n<!-- \/SEO Ultimate -->\n\n\t\t\t<div class='container'>\t\t\t\t<div class='container_inner default_template_holder'>\t\t\t\t\t<div class='w4pl'>\t\t\t\t\t\t<div class='w4pl-inner'>\t\t\t\t\t\t\t<div class='section_inner_margin clearfix'>\t\t\t\t\t\t\t\t<div class='vc_hidden-lg vc_hidden-md' id='div-categorie-manuali-mobile'>\t\t\t\t\t\t\t\t\t<a href='javascript: manuali_mostra_sidebar_mobile();'>\t\t\t\t\t\t\t\t\t\t<div id='div-prodotti-dettaglio-documentazione-header' class='prodotti-dettaglio-documentazione-header'><i class='fa fa-book' style='margin-right: 20px; margin-left: 20px;'><\/i>&nbsp;MANUELLE KATEGORIEN<\/div>\t\t\t\t\t\t\t\t\t<\/a>\t\t\t\t\t\t\t\t<\/div>\t\t\t\t\t\t\t\t<div class='vc_hidden-sm vc_hidden-xs manuali-sidebar wpb_column vc_column_container vc_col-lg-5 vc_col-md-5 vc_col-sm-12 vc_col-xs-12'>\t\t\t\t\t\t\t\t\t<ul class='manuali-lista-categorie-primo-livello'>\t\t\t\t\t\t\t\t\t\t\t<li class='manuali-lista-categorie-primo-livello-li'>\t\t\t\t\t\t\t\t\t\t\t\t<div class='manuali-sidebar-div-contenitore-titoli'>\t\t\t\t\t\t\t\t\t\t\t\t\t<div class='manuali-sidebar-div-icona'>\t\t\t\t\t\t\t\t\t\t\t\t\t\t<img class='img-responsive' src='https:\/\/v2home.com\/wp-content\/uploads\/2018\/06\/icona_menu_automatismi_per_cancelli.png'\/>&nbsp;\t\t\t\t\t\t\t\t\t\t\t\t\t<\/div>\t\t\t\t\t\t\t\t\t\t\t\t\t<div class='manuali-sidebar-titolo-primo-livello'>Automatisierung von Toren\t\t\t\t\t\t\t\t\t\t\t\t\t<\/div>\t\t\t\t\t\t\t\t\t\t\t\t<\/div>\t\t\t\t\t\t\t\t\t\t\t\t<ul class='manuali-lista-categorie-secondo-livello'>\t\t\t\t\t\t\t\t\t\t\t\t\t\t<li class='manuali-lista-categorie-secondo-livello-li'>\t\t\t\t\t\t\t\t\t\t\t\t\t\t\t<a class='manuali-lista-categorie-secondo-livello-link' href='javascript: load_manuali(\"41366\")'>Antriebe f\u00fcr Fl\u00fcgeltore\t\t\t\t\t\t\t\t\t\t\t\t\t\t\t<\/a>\t\t\t\t\t\t\t\t\t\t\t\t\t\t<\/li>\t\t\t\t\t\t\t\t\t\t\t\t\t\t<li class='manuali-lista-categorie-secondo-livello-li'>\t\t\t\t\t\t\t\t\t\t\t\t\t\t\t<a class='manuali-lista-categorie-secondo-livello-link' href='javascript: load_manuali(\"41198\")'>Antriebe f\u00fcr Schiebetore\t\t\t\t\t\t\t\t\t\t\t\t\t\t\t<\/a>\t\t\t\t\t\t\t\t\t\t\t\t\t\t<\/li>\t\t\t\t\t\t\t\t\t\t\t\t\t\t<li class='manuali-lista-categorie-secondo-livello-li'>\t\t\t\t\t\t\t\t\t\t\t\t\t\t\t<a class='manuali-lista-categorie-secondo-livello-link' href='javascript: load_manuali(\"41955\")'>Sender und Empf\u00e4nger\t\t\t\t\t\t\t\t\t\t\t\t\t\t\t<\/a>\t\t\t\t\t\t\t\t\t\t\t\t\t\t<\/li>\t\t\t\t\t\t\t\t\t\t\t\t\t\t<li class='manuali-lista-categorie-secondo-livello-li'>\t\t\t\t\t\t\t\t\t\t\t\t\t\t\t<a class='manuali-lista-categorie-secondo-livello-link' href='javascript: load_manuali(\"41979\")'>Sicherungsvorrichtungen und Zubeh\u00f6r\t\t\t\t\t\t\t\t\t\t\t\t\t\t\t<\/a>\t\t\t\t\t\t\t\t\t\t\t\t\t\t<\/li>\t\t\t\t\t\t\t\t\t\t\t\t\t\t<li class='manuali-lista-categorie-secondo-livello-li'>\t\t\t\t\t\t\t\t\t\t\t\t\t\t\t<a class='manuali-lista-categorie-secondo-livello-link' href='javascript: load_manuali(\"41931\")'>Steuerungen\t\t\t\t\t\t\t\t\t\t\t\t\t\t\t<\/a>\t\t\t\t\t\t\t\t\t\t\t\t\t\t<\/li>\t\t\t\t\t\t\t\t\t\t\t\t\t\t<li class='manuali-lista-categorie-secondo-livello-li'>\t\t\t\t\t\t\t\t\t\t\t\t\t\t\t<a class='manuali-lista-categorie-secondo-livello-link' href='javascript: load_manuali(\"41090\")'>Systeme mit Solarstromversorgung\t\t\t\t\t\t\t\t\t\t\t\t\t\t\t<\/a>\t\t\t\t\t\t\t\t\t\t\t\t\t\t<\/li>\t\t\t\t\t\t\t\t\t\t\t\t<\/ul>\t\t\t\t\t\t\t\t\t\t\t<\/li>\t\t\t\t\t\t\t\t\t\t\t<hr class='manuali-sidebar-linea'>\t\t\t\t\t\t\t\t\t\t\t<li class='manuali-lista-categorie-primo-livello-li'>\t\t\t\t\t\t\t\t\t\t\t\t<div class='manuali-sidebar-div-contenitore-titoli'>\t\t\t\t\t\t\t\t\t\t\t\t\t<div class='manuali-sidebar-div-icona'>\t\t\t\t\t\t\t\t\t\t\t\t\t\t<img class='img-responsive' src='https:\/\/v2home.com\/wp-content\/uploads\/2018\/06\/icona_menu_barriere_stradali.png'\/>&nbsp;\t\t\t\t\t\t\t\t\t\t\t\t\t<\/div>\t\t\t\t\t\t\t\t\t\t\t\t\t<div class='manuali-sidebar-titolo-primo-livello'>Torschranken\t\t\t\t\t\t\t\t\t\t\t\t\t<\/div>\t\t\t\t\t\t\t\t\t\t\t\t<\/div>\t\t\t\t\t\t\t\t\t\t\t\t<ul class='manuali-lista-categorie-secondo-livello'>\t\t\t\t\t\t\t\t\t\t\t\t\t\t<li class='manuali-lista-categorie-secondo-livello-li'>\t\t\t\t\t\t\t\t\t\t\t\t\t\t\t<a class='manuali-lista-categorie-secondo-livello-link' href='javascript: load_manuali(\"41751\")'>Antriebe f\u00fcr Torschranken\t\t\t\t\t\t\t\t\t\t\t\t\t\t\t<\/a>\t\t\t\t\t\t\t\t\t\t\t\t\t\t<\/li>\t\t\t\t\t\t\t\t\t\t\t\t<\/ul>\t\t\t\t\t\t\t\t\t\t\t<\/li>\t\t\t\t\t\t\t\t\t\t\t<hr class='manuali-sidebar-linea'>\t\t\t\t\t\t\t\t\t\t\t<li class='manuali-lista-categorie-primo-livello-li'>\t\t\t\t\t\t\t\t\t\t\t\t<div class='manuali-sidebar-div-contenitore-titoli'>\t\t\t\t\t\t\t\t\t\t\t\t\t<div class='manuali-sidebar-div-icona'>\t\t\t\t\t\t\t\t\t\t\t\t\t\t<img class='img-responsive' src='https:\/\/v2home.com\/wp-content\/uploads\/2018\/06\/icona_menu_automatismi_per_tende.png'\/>&nbsp;\t\t\t\t\t\t\t\t\t\t\t\t\t<\/div>\t\t\t\t\t\t\t\t\t\t\t\t\t<div class='manuali-sidebar-titolo-primo-livello'>Antriebs- und Steuerungstechnik f\u00fcr Rolll\u00e4den, Markisen und Sonnenschutz\t\t\t\t\t\t\t\t\t\t\t\t\t<\/div>\t\t\t\t\t\t\t\t\t\t\t\t<\/div>\t\t\t\t\t\t\t\t\t\t\t\t<ul class='manuali-lista-categorie-secondo-livello'>\t\t\t\t\t\t\t\t\t\t\t\t\t\t<li class='manuali-lista-categorie-secondo-livello-li'>\t\t\t\t\t\t\t\t\t\t\t\t\t\t\t<a class='manuali-lista-categorie-secondo-livello-link' href='javascript: load_manuali(\"42464\")'>Elektronik\t\t\t\t\t\t\t\t\t\t\t\t\t\t\t<\/a>\t\t\t\t\t\t\t\t\t\t\t\t\t\t<\/li>\t\t\t\t\t\t\t\t\t\t\t\t\t\t<li class='manuali-lista-categorie-secondo-livello-li'>\t\t\t\t\t\t\t\t\t\t\t\t\t\t\t<a class='manuali-lista-categorie-secondo-livello-link' href='javascript: load_manuali(\"42392\")'>Rohrmotore \u00d8 35\t\t\t\t\t\t\t\t\t\t\t\t\t\t\t<\/a>\t\t\t\t\t\t\t\t\t\t\t\t\t\t<\/li>\t\t\t\t\t\t\t\t\t\t\t\t\t\t<li class='manuali-lista-categorie-secondo-livello-li'>\t\t\t\t\t\t\t\t\t\t\t\t\t\t\t<a class='manuali-lista-categorie-secondo-livello-link' href='javascript: load_manuali(\"42440\")'>Rohrmotore \u00d8 45\t\t\t\t\t\t\t\t\t\t\t\t\t\t\t<\/a>\t\t\t\t\t\t\t\t\t\t\t\t\t\t<\/li>\t\t\t\t\t\t\t\t\t\t\t\t\t\t<li class='manuali-lista-categorie-secondo-livello-li'>\t\t\t\t\t\t\t\t\t\t\t\t\t\t\t<a class='manuali-lista-categorie-secondo-livello-link' href='javascript: load_manuali(\"42452\")'>Rohrmotore \u00d8 59\t\t\t\t\t\t\t\t\t\t\t\t\t\t\t<\/a>\t\t\t\t\t\t\t\t\t\t\t\t\t\t<\/li>\t\t\t\t\t\t\t\t\t\t\t\t<\/ul>\t\t\t\t\t\t\t\t\t\t\t<\/li>\t\t\t\t\t\t\t\t\t\t\t<hr class='manuali-sidebar-linea'>\t\t\t\t\t\t\t\t\t\t\t<li class='manuali-lista-categorie-primo-livello-li'>\t\t\t\t\t\t\t\t\t\t\t\t<div class='manuali-sidebar-div-contenitore-titoli'>\t\t\t\t\t\t\t\t\t\t\t\t\t<div class='manuali-sidebar-div-icona'>\t\t\t\t\t\t\t\t\t\t\t\t\t\t<img class='img-responsive' src='https:\/\/v2home.com\/wp-content\/uploads\/2018\/06\/icona_menu_automatismi_per_garage_e_porte_automatiche.png'\/>&nbsp;\t\t\t\t\t\t\t\t\t\t\t\t\t<\/div>\t\t\t\t\t\t\t\t\t\t\t\t\t<div class='manuali-sidebar-titolo-primo-livello'>Automatisierung von Garagentoren\t\t\t\t\t\t\t\t\t\t\t\t\t<\/div>\t\t\t\t\t\t\t\t\t\t\t\t<\/div>\t\t\t\t\t\t\t\t\t\t\t\t<ul class='manuali-lista-categorie-secondo-livello'>\t\t\t\t\t\t\t\t\t\t\t\t\t\t<li class='manuali-lista-categorie-secondo-livello-li'>\t\t\t\t\t\t\t\t\t\t\t\t\t\t\t<a class='manuali-lista-categorie-secondo-livello-link' href='javascript: load_manuali(\"41517\")'>Motoren f\u00fcr Garagen und Rolll\u00e4den\t\t\t\t\t\t\t\t\t\t\t\t\t\t\t<\/a>\t\t\t\t\t\t\t\t\t\t\t\t\t\t<\/li>\t\t\t\t\t\t\t\t\t\t\t\t<\/ul>\t\t\t\t\t\t\t\t\t\t\t<\/li>\t\t\t\t\t\t\t\t\t\t\t<hr class='manuali-sidebar-linea'>\t\t\t\t\t\t\t\t\t\t\t<li class='manuali-lista-categorie-primo-livello-li'>\t\t\t\t\t\t\t\t\t\t\t\t<div class='manuali-sidebar-div-contenitore-titoli'>\t\t\t\t\t\t\t\t\t\t\t\t\t<div class='manuali-sidebar-div-icona'>\t\t\t\t\t\t\t\t\t\t\t\t\t\t<img class='img-responsive' src='https:\/\/v2home.com\/wp-content\/uploads\/2018\/06\/icona_menu_porte_automatiche.png'\/>&nbsp;\t\t\t\t\t\t\t\t\t\t\t\t\t<\/div>\t\t\t\t\t\t\t\t\t\t\t\t\t<div class='manuali-sidebar-titolo-primo-livello'>Automatisierung von Toren\t\t\t\t\t\t\t\t\t\t\t\t\t<\/div>\t\t\t\t\t\t\t\t\t\t\t\t<\/div>\t\t\t\t\t\t\t\t\t\t\t\t<ul class='manuali-lista-categorie-secondo-livello'>\t\t\t\t\t\t\t\t\t\t\t\t\t\t<li class='manuali-lista-categorie-secondo-livello-li'>\t\t\t\t\t\t\t\t\t\t\t\t\t\t\t<a class='manuali-lista-categorie-secondo-livello-link' href='javascript: load_manuali(\"42039\")'>Automatisierung von Schiebet\u00fcren\t\t\t\t\t\t\t\t\t\t\t\t\t\t\t<\/a>\t\t\t\t\t\t\t\t\t\t\t\t\t\t<\/li>\t\t\t\t\t\t\t\t\t\t\t\t<\/ul>\t\t\t\t\t\t\t\t\t\t\t<\/li>\t\t\t\t\t\t\t\t\t\t\t<hr class='manuali-sidebar-linea'>\t\t\t\t\t\t\t\t\t\t\t<li class='manuali-lista-categorie-primo-livello-li'>\t\t\t\t\t\t\t\t\t\t\t\t<div class='manuali-sidebar-div-contenitore-titoli'>\t\t\t\t\t\t\t\t\t\t\t\t\t<div class='manuali-sidebar-div-icona'>\t\t\t\t\t\t\t\t\t\t\t\t\t\t<img class='img-responsive' src='https:\/\/v2home.com\/wp-content\/uploads\/2018\/06\/icona_menu_home_automations.png'\/>&nbsp;\t\t\t\t\t\t\t\t\t\t\t\t\t<\/div>\t\t\t\t\t\t\t\t\t\t\t\t\t<div class='manuali-sidebar-titolo-primo-livello'>Steuerungen\t\t\t\t\t\t\t\t\t\t\t\t\t<\/div>\t\t\t\t\t\t\t\t\t\t\t\t<\/div>\t\t\t\t\t\t\t\t\t\t\t\t<ul class='manuali-lista-categorie-secondo-livello'>\t\t\t\t\t\t\t\t\t\t\t\t\t\t<li class='manuali-lista-categorie-secondo-livello-li'>\t\t\t\t\t\t\t\t\t\t\t\t\t\t\t<a class='manuali-lista-categorie-secondo-livello-link' href='javascript: load_manuali(\"43151\")'>Steuerungen\t\t\t\t\t\t\t\t\t\t\t\t\t\t\t<\/a>\t\t\t\t\t\t\t\t\t\t\t\t\t\t<\/li>\t\t\t\t\t\t\t\t\t\t\t\t<\/ul>\t\t\t\t\t\t\t\t\t\t\t<\/li>\t\t\t\t\t\t\t\t\t\t\t<hr class='manuali-sidebar-linea'>\t\t\t\t\t\t\t\t\t<\/ul>\t\t\t\t\t\t\t\t<\/div>\t\t\t\t\t\t\t\t<div id='div-manuali-contenuto' class='wpb_column vc_column_container vc_col-lg-7 vc_col-md-7 vc_col-sm-12 vc_col-xs-12'>\t\t\t\t\t\t\t\t\t<div style='margin-bottom: 20px;'>\t\t\t\t\t\t\t\t\t\t<span class='prodotti-dettaglio-titolo-nero'>ARCHIV<\/span>&nbsp;<span class='prodotti-dettaglio-titolo-rosso'>MANUELLES<\/span>\t\t\t\t\t\t\t\t\t<div>\t\t\t\t\t\t\t\t\t<div class='manuali-info'>In diesem Abschnitt finden Sie die Handb\u00fccher aller v2-Produkte. <br\/> W\u00e4hlen Sie die Kategorie des Produkts, nach dem Sie suchen.<\/div>\t\t\t\t\t\t\t\t<\/div>\t\t\t\t\t\t\t<\/div>\t\t\t\t\t\t<\/div>\t\t\t\t\t<\/div>\t\t\t\t<\/div>\t\t\t<\/div>\n","protected":false},"excerpt":{"rendered":"&nbsp;MANUELLE KATEGORIEN &nbsp; Automatisierung von Toren Antriebe f\u00fcr Fl\u00fcgeltore Antriebe f\u00fcr Schiebetore Sender und Empf\u00e4nger Sicherungsvorrichtungen und Zubeh\u00f6r Steuerungen Systeme mit Solarstromversorgung &nbsp; Torschranken Antriebe f\u00fcr Torschranken &nbsp; Antriebs- und Steuerungstechnik f\u00fcr Rolll\u00e4den, Markisen und Sonnenschutz Elektronik Rohrmotore \u00d8 35 Rohrmotore \u00d8 45 Rohrmotore \u00d8...","protected":false},"author":2,"featured_media":0,"parent":0,"menu_order":0,"comment_status":"closed","ping_status":"closed","template":"full_width.php","meta":{"footnotes":""},"_links":{"self":[{"href":"https:\/\/v2home.com\/de\/wp-json\/wp\/v2\/pages\/83916"}],"collection":[{"href":"https:\/\/v2home.com\/de\/wp-json\/wp\/v2\/pages"}],"about":[{"href":"https:\/\/v2home.com\/de\/wp-json\/wp\/v2\/types\/page"}],"author":[{"embeddable":true,"href":"https:\/\/v2home.com\/de\/wp-json\/wp\/v2\/users\/2"}],"replies":[{"embeddable":true,"href":"https:\/\/v2home.com\/de\/wp-json\/wp\/v2\/comments?post=83916"}],"version-history":[{"count":1,"href":"https:\/\/v2home.com\/de\/wp-json\/wp\/v2\/pages\/83916\/revisions"}],"predecessor-version":[{"id":83917,"href":"https:\/\/v2home.com\/de\/wp-json\/wp\/v2\/pages\/83916\/revisions\/83917"}],"wp:attachment":[{"href":"https:\/\/v2home.com\/de\/wp-json\/wp\/v2\/media?parent=83916"}],"curies":[{"name":"wp","href":"https:\/\/api.w.org\/{rel}","templated":true}]}}