{"id":84369,"date":"2018-07-16T14:23:19","date_gmt":"2018-07-16T12:23:19","guid":{"rendered":"http:\/\/v2home.com?page_id=84369"},"modified":"2022-09-26T11:00:24","modified_gmt":"2022-09-26T09:00:24","slug":"unternehmen","status":"publish","type":"page","link":"https:\/\/v2home.com\/de\/unternehmen\/","title":{"rendered":"Unternehmen"},"content":{"rendered":"\n<!-- SEO Ultimate (http:\/\/www.seodesignsolutions.com\/wordpress-seo\/) - Code Inserter module -->\n<!-- Google Tag Manager (noscript) -->\r\n<noscript><iframe src=\"https:\/\/www.googletagmanager.com\/ns.html?id=GTM-5PTVMVL\"\r\nheight=\"0\" width=\"0\" style=\"display:none;visibility:hidden\"><\/iframe><\/noscript>\r\n<!-- End Google Tag Manager (noscript) -->\n<!-- \/SEO Ultimate -->\n\n<p>[vc_row row_type=&#8221;row&#8221; use_row_as_full_screen_section=&#8221;no&#8221; type=&#8221;grid&#8221; text_align=&#8221;center&#8221; background_color=&#8221;#d51317&#8243; background_animation=&#8221;none&#8221; css_animation=&#8221;&#8221; css=&#8221;.vc_custom_1530194080549{padding-top: 50px !important;padding-bottom: 50px !important;}&#8221;][vc_column][vc_column_text el_class=&#8221;testo-bianco&#8221;]Mit <strong>6 B\u00fcros weltweit sind wir<\/strong> ein multinationales Unternehmen, das seit 1985 <strong>integrierte L\u00f6sungen f\u00fcr<\/strong> die Automatisierung entwickelt hat.<\/p>\n<p>&nbsp;<\/p>\n<p>Eine <strong>immer gr\u00f6\u00dfer werdende Realit\u00e4t<\/strong>, die das Konzept der technologischen Innovation in all <strong>ihren Formen ablehnt<\/strong>, von automatischen Systemen f\u00fcr Tore \u00fcber Garagen und T\u00fcren <strong>bis hin zu Sicherheitsvorrichtungen<\/strong>.<\/p>\n<p>&nbsp;<\/p>\n<p>Unsere L\u00f6sungen,<strong> ideal sowohl f\u00fcr den Wohn- als auch f\u00fcr den industriellen Einsatz<\/strong>, kombinieren Technologie, Innovation und Forschung, <strong>um allt\u00e4gliche Bewegungen einfacher und sicherer zu machen<\/strong>.<\/p>\n<p>&nbsp;<\/p>\n<p>Das <strong>Leben der Menschen, die unsere Produkte<\/strong> verwenden, und die Arbeit von Fachleuten, die sie jeden Tag w\u00e4hlen,<strong> aufwerten<\/strong>.[\/vc_column_text][\/vc_column][\/vc_row][vc_row row_type=&#8221;row&#8221; use_row_as_full_screen_section=&#8221;no&#8221; type=&#8221;grid&#8221; text_align=&#8221;center&#8221; background_animation=&#8221;none&#8221; css_animation=&#8221;&#8221;][vc_column][vc_empty_space height=&#8221;45px&#8221;][vc_column_text]<\/p>\n<h1>V2 IN ZAHLEN<\/h1>\n<p>[\/vc_column_text][vc_empty_space height=&#8221;45px&#8221;][\/vc_column][\/vc_row][vc_row row_type=&#8221;row&#8221; use_row_as_full_screen_section=&#8221;no&#8221; type=&#8221;grid&#8221; text_align=&#8221;left&#8221; background_animation=&#8221;none&#8221; css_animation=&#8221;&#8221;][vc_column width=&#8221;1\/12&#8243; offset=&#8221;vc_hidden-sm vc_hidden-xs&#8221;][\/vc_column][vc_column width=&#8221;1\/3&#8243; offset=&#8221;vc_col-lg-2 vc_col-md-2 vc_col-xs-12&#8243;]<div class=\"q_counter_holder  center\" style=\"\"><span class=\"counter  zero\" style=\"color: #d51317;font-size: 40pxpx;font-weight: 800;\">670<\/span><\/div>[vc_separator type=&#8221;normal&#8221; border_style=&#8221;&#8221; up=&#8221;0&#8243; down=&#8221;20&#8243; el_class=&#8221;azienda-separator&#8221;][vc_column_text el_class=&#8221;azienda-titolo-numeri&#8221;]<\/p>\n<p style=\"text-align: center;\">PRODUKTE<\/p>\n<p>[\/vc_column_text][vc_empty_space height=&#8221;44px&#8221;][\/vc_column][vc_column width=&#8221;1\/3&#8243; offset=&#8221;vc_col-lg-2 vc_col-md-2 vc_col-xs-12&#8243;]<div class=\"q_counter_holder  center\" style=\"\"><span class=\"counter  zero\" style=\"color: #d51317;font-size: 40pxpx;font-weight: 800;\">32<\/span><\/div>[vc_separator type=&#8221;normal&#8221; border_style=&#8221;&#8221; up=&#8221;0&#8243; down=&#8221;20&#8243; el_class=&#8221;azienda-separator&#8221;][vc_column_text el_class=&#8221;azienda-titolo-numeri&#8221;]<\/p>\n<p style=\"text-align: center;\">JAHRE AKTIVIT\u00c4T<\/p>\n<p>[\/vc_column_text][vc_empty_space height=&#8221;44px&#8221;][\/vc_column][vc_column width=&#8221;1\/3&#8243; offset=&#8221;vc_col-lg-2 vc_col-md-2 vc_col-xs-12&#8243;]<div class=\"q_counter_holder  center\" style=\"\"><span class=\"counter  zero\" style=\"color: #d51317;font-size: 40pxpx;font-weight: 800;\">150<\/span><\/div>[vc_separator type=&#8221;normal&#8221; border_style=&#8221;&#8221; up=&#8221;0&#8243; down=&#8221;20&#8243; el_class=&#8221;azienda-separator&#8221;][vc_column_text el_class=&#8221;azienda-titolo-numeri&#8221;]<\/p>\n<p style=\"text-align: center;\">MENSCHEN<\/p>\n<p>[\/vc_column_text][vc_empty_space height=&#8221;44px&#8221;][\/vc_column][vc_column width=&#8221;1\/2&#8243; offset=&#8221;vc_col-lg-2 vc_col-md-2 vc_col-xs-12&#8243;]<div class=\"q_counter_holder  center\" style=\"\"><span class=\"counter  zero\" style=\"color: #d51317;font-size: 40pxpx;font-weight: 800;\">5<\/span><\/div>[vc_separator type=&#8221;normal&#8221; border_style=&#8221;&#8221; up=&#8221;0&#8243; down=&#8221;20&#8243; el_class=&#8221;azienda-separator&#8221;][vc_column_text el_class=&#8221;azienda-titolo-numeri&#8221;]<\/p>\n<p style=\"text-align: center;\">BRANCHEN<\/p>\n<p>[\/vc_column_text][vc_empty_space height=&#8221;44px&#8221;][\/vc_column][vc_column width=&#8221;1\/2&#8243; offset=&#8221;vc_col-lg-2 vc_col-md-2 vc_col-xs-12&#8243;]<div class=\"q_counter_holder  center\" style=\"\"><span class=\"counter  zero\" style=\"color: #d51317;font-size: 40pxpx;font-weight: 800;\">50<\/span><\/div>[vc_separator type=&#8221;normal&#8221; border_style=&#8221;&#8221; up=&#8221;0&#8243; down=&#8221;20&#8243; el_class=&#8221;azienda-separator&#8221;][vc_column_text el_class=&#8221;azienda-titolo-numeri&#8221;]<\/p>\n<p style=\"text-align: center;\">L\u00c4NDER, IN DENEN DIE BRAND V2 VORHANDEN IST<\/p>\n<p>[\/vc_column_text][vc_empty_space height=&#8221;44px&#8221;][\/vc_column][vc_column width=&#8221;1\/12&#8243; offset=&#8221;vc_hidden-sm vc_hidden-xs&#8221;][\/vc_column][\/vc_row][vc_row row_type=&#8221;row&#8221; use_row_as_full_screen_section=&#8221;no&#8221; type=&#8221;full_width&#8221; text_align=&#8221;left&#8221; background_animation=&#8221;none&#8221; css_animation=&#8221;&#8221;][vc_column]<div class='qode_carousels_holder clearfix hover_second_image'><div class='qode_carousels ' data-number_of_items = 5><ul class='slides'><li class='item'><div class=\"carousel_item_holder\"><span class='first_image_holder '><img src='http:\/\/v2home.com\/wp-content\/uploads\/2018\/06\/MPF3590.png' alt='Azienda &#8211; Immagine 2'><\/span><\/div><\/li><li class='item'><div class=\"carousel_item_holder\"><span class='first_image_holder '><img src='http:\/\/v2home.com\/wp-content\/uploads\/2018\/06\/MPF3595.png' alt='Azienda &#8211; Immagine 3'><\/span><\/div><\/li><li class='item'><div class=\"carousel_item_holder\"><span class='first_image_holder '><img src='http:\/\/v2home.com\/wp-content\/uploads\/2018\/06\/MPF3601.png' alt='Azienda &#8211; Immagine 4'><\/span><\/div><\/li><li class='item'><div class=\"carousel_item_holder\"><span class='first_image_holder '><img src='http:\/\/v2home.com\/wp-content\/uploads\/2018\/06\/006.png' alt='Azienda &#8211; Immagine 5'><\/span><\/div><\/li><li class='item'><div class=\"carousel_item_holder\"><span class='first_image_holder '><img src='http:\/\/v2home.com\/wp-content\/uploads\/2018\/06\/FOTO-1.png' alt='Azienda &#8211; Immagine 6'><\/span><\/div><\/li><li class='item'><div class=\"carousel_item_holder\"><span class='first_image_holder '><img src='http:\/\/v2home.com\/wp-content\/uploads\/2018\/06\/FOTO-4.png' alt='Azienda &#8211; Immagine 7'><\/span><\/div><\/li><li class='item'><div class=\"carousel_item_holder\"><span class='first_image_holder '><img src='http:\/\/v2home.com\/wp-content\/uploads\/2018\/06\/IMG_4215.png' alt='Azienda &#8211; Immagine 8'><\/span><\/div><\/li><li class='item'><div class=\"carousel_item_holder\"><span class='first_image_holder '><img src='http:\/\/v2home.com\/wp-content\/uploads\/2018\/06\/V2_1.png' alt='Azienda &#8211; Immagine 9'><\/span><\/div><\/li><li class='item'><div class=\"carousel_item_holder\"><span class='first_image_holder '><img src='http:\/\/v2home.com\/wp-content\/uploads\/2018\/06\/MPF2734.png' alt='Azienda &#8211; Immagine 10'><\/span><\/div><\/li><li class='item'><div class=\"carousel_item_holder\"><span class='first_image_holder '><img src='http:\/\/v2home.com\/wp-content\/uploads\/2018\/06\/MPF3508.png' alt='Azienda &#8211; Immagine 11'><\/span><\/div><\/li><\/ul><ul class=\"caroufredsel-direction-nav\"><li class=\"caroufredsel-prev-holder\"><a id=\"caroufredsel-prev\" class=\"qode_carousel_prev caroufredsel-navigation-item caroufredsel-prev\" href=\"javascript: void(0)\"><span class=\"arrow_carrot-left\"><\/span><\/a><\/li><li class=\"caroufredsel-next-holder\"><a class=\"qode_carousel_next caroufredsel-next caroufredsel-navigation-item\" id=\"caroufredsel-next\" href=\"javascript: void(0)\"><span class=\"arrow_carrot-right\"><\/span><\/a><\/li><\/ul><\/div><\/div>[vc_empty_space height=&#8221;45px&#8221;][\/vc_column][\/vc_row]<\/p>\n","protected":false},"excerpt":{"rendered":"<p>[vc_row row_type=&#8221;row&#8221; use_row_as_full_screen_section=&#8221;no&#8221; type=&#8221;grid&#8221; text_align=&#8221;center&#8221; background_color=&#8221;#d51317&#8243; background_animation=&#8221;none&#8221; css_animation=&#8221;&#8221; css=&#8221;.vc_custom_1530194080549{padding-top: 50px !important;padding-bottom: 50px !important;}&#8221;][vc_column][vc_column_text el_class=&#8221;testo-bianco&#8221;]Mit 6 B\u00fcros weltweit sind wir ein multinationales Unternehmen, das seit 1985 integrierte L\u00f6sungen f\u00fcr die Automatisierung entwickelt hat. &nbsp; Eine immer gr\u00f6\u00dfer werdende Realit\u00e4t, die das Konzept der technologischen Innovation in&#8230;<\/p>\n","protected":false},"author":2,"featured_media":0,"parent":0,"menu_order":0,"comment_status":"closed","ping_status":"closed","template":"","meta":{"footnotes":""},"_links":{"self":[{"href":"https:\/\/v2home.com\/de\/wp-json\/wp\/v2\/pages\/84369"}],"collection":[{"href":"https:\/\/v2home.com\/de\/wp-json\/wp\/v2\/pages"}],"about":[{"href":"https:\/\/v2home.com\/de\/wp-json\/wp\/v2\/types\/page"}],"author":[{"embeddable":true,"href":"https:\/\/v2home.com\/de\/wp-json\/wp\/v2\/users\/2"}],"replies":[{"embeddable":true,"href":"https:\/\/v2home.com\/de\/wp-json\/wp\/v2\/comments?post=84369"}],"version-history":[{"count":13,"href":"https:\/\/v2home.com\/de\/wp-json\/wp\/v2\/pages\/84369\/revisions"}],"predecessor-version":[{"id":104421,"href":"https:\/\/v2home.com\/de\/wp-json\/wp\/v2\/pages\/84369\/revisions\/104421"}],"wp:attachment":[{"href":"https:\/\/v2home.com\/de\/wp-json\/wp\/v2\/media?parent=84369"}],"curies":[{"name":"wp","href":"https:\/\/api.w.org\/{rel}","templated":true}]}}