{"id":84414,"date":"2018-07-03T15:43:36","date_gmt":"2018-07-03T13:43:36","guid":{"rendered":"http:\/\/v2home.com?page_id=84414"},"modified":"2018-09-28T15:27:48","modified_gmt":"2018-09-28T13:27:48","slug":"arbeite-mit-uns","status":"publish","type":"page","link":"https:\/\/v2home.com\/de\/arbeite-mit-uns\/","title":{"rendered":"Arbeite mit uns"},"content":{"rendered":"\n<!-- SEO Ultimate (http:\/\/www.seodesignsolutions.com\/wordpress-seo\/) - Code Inserter module -->\n<!-- Google Tag Manager (noscript) -->\r\n<noscript><iframe src=\"https:\/\/www.googletagmanager.com\/ns.html?id=GTM-5PTVMVL\"\r\nheight=\"0\" width=\"0\" style=\"display:none;visibility:hidden\"><\/iframe><\/noscript>\r\n<!-- End Google Tag Manager (noscript) -->\n<!-- \/SEO Ultimate -->\n\n<p>[vc_row row_type=&#8221;row&#8221; use_row_as_full_screen_section=&#8221;no&#8221; type=&#8221;grid&#8221; text_align=&#8221;center&#8221; background_animation=&#8221;none&#8221; css_animation=&#8221;&#8221;][vc_column][vc_column_text]<\/p>\n<h1>M\u00f6chtest du dem V2-Team beitreten?<\/h1>\n<h2 style=\"color: #000; letter-spacing: 0px; text-transform: inherit;\">Stellen Sie sich vor und nehmen Sie mit uns das Feld!<\/h2>\n<p>[\/vc_column_text][vc_empty_space height=&#8221;45px&#8221;][\/vc_column][\/vc_row][vc_row row_type=&#8221;row&#8221; use_row_as_full_screen_section=&#8221;no&#8221; type=&#8221;full_width&#8221; text_align=&#8221;left&#8221; background_animation=&#8221;none&#8221; css_animation=&#8221;&#8221;][vc_column width=&#8221;1\/2&#8243; css=&#8221;.vc_custom_1532439684468{margin-bottom: 50px !important;}&#8221;][vc_column_text]<div role=\"form\" class=\"wpcf7\" id=\"wpcf7-f84413-o1\" lang=\"it-IT\" dir=\"ltr\">\n<div class=\"screen-reader-response\"><p role=\"status\" aria-live=\"polite\" aria-atomic=\"true\"><\/p> <ul><\/ul><\/div>\n<form action=\"\/de\/wp-json\/wp\/v2\/pages\/84414#wpcf7-f84413-o1\" method=\"post\" class=\"wpcf7-form init wpcf7-acceptance-as-validation\" enctype=\"multipart\/form-data\" novalidate=\"novalidate\" data-status=\"init\">\n<div style=\"display: none;\">\n<input type=\"hidden\" name=\"_wpcf7\" value=\"84413\" \/>\n<input type=\"hidden\" name=\"_wpcf7_version\" value=\"5.5.6.1\" \/>\n<input type=\"hidden\" name=\"_wpcf7_locale\" value=\"it_IT\" \/>\n<input type=\"hidden\" name=\"_wpcf7_unit_tag\" value=\"wpcf7-f84413-o1\" \/>\n<input type=\"hidden\" name=\"_wpcf7_container_post\" value=\"0\" \/>\n<input type=\"hidden\" name=\"_wpcf7_posted_data_hash\" value=\"\" \/>\n<input type=\"hidden\" name=\"_wpcf7cf_hidden_group_fields\" value=\"[]\" \/>\n<input type=\"hidden\" name=\"_wpcf7cf_hidden_groups\" value=\"[]\" \/>\n<input type=\"hidden\" name=\"_wpcf7cf_visible_groups\" value=\"[]\" \/>\n<input type=\"hidden\" name=\"_wpcf7cf_repeaters\" value=\"[]\" \/>\n<input type=\"hidden\" name=\"_wpcf7cf_steps\" value=\"{}\" \/>\n<input type=\"hidden\" name=\"_wpcf7cf_options\" value=\"{&quot;form_id&quot;:84413,&quot;conditions&quot;:[],&quot;settings&quot;:{&quot;animation&quot;:&quot;yes&quot;,&quot;animation_intime&quot;:200,&quot;animation_outtime&quot;:200,&quot;conditions_ui&quot;:&quot;normal&quot;,&quot;notice_dismissed&quot;:false,&quot;notice_dismissed_update-cf7-5.8&quot;:true}}\" \/>\n<input type=\"hidden\" name=\"_wpcf7_recaptcha_response\" value=\"\" \/>\n<\/div>\n<div class='w4pl'>\n<div class='w4pl-inner'>\n<div class='section_inner_margin clearfix'>\n<div class='wpb_column vc_column_container vc_col-md-12' style=\"margin-bottom: 15px; margin-top: 15px;\">\n<p><span class=\"form-contatti-titolo-nero\">F\u00dcLLEN SIE<\/span> <span class=\"form-contatti-titolo-rosso\">DAS FOLGENDE FORMULAR AUS<\/span> (<span class=\"testo-evidenza\">*<\/span> OBLIGATORISCHE FELDER)<\/p>\n<p>F\u00fcllen Sie das Formular aus und senden Sie uns Ihre Bewerbung!<\/p>\n<\/div>\n<div class=\"vc_col-md-6\">\n\t\t\t\tName und Vorname<span class=\"testo-evidenza\">*<\/span><br \/>\n\t\t\t\t<span class=\"wpcf7-form-control-wrap cf-name\"><input type=\"text\" name=\"cf-name\" value=\"\" size=\"40\" class=\"wpcf7-form-control wpcf7-text wpcf7-validates-as-required\" aria-required=\"true\" aria-invalid=\"false\" \/><\/span>\n\t\t\t<\/div>\n<div class=\"vc_col-md-6\">\n\t\t\t\tEmail<span class=\"testo-evidenza\">*<\/span><br \/>\n\t\t\t\t<span class=\"wpcf7-form-control-wrap cf-email\"><input type=\"email\" name=\"cf-email\" value=\"\" size=\"40\" class=\"wpcf7-form-control wpcf7-text wpcf7-email wpcf7-validates-as-required wpcf7-validates-as-email\" aria-required=\"true\" aria-invalid=\"false\" \/><\/span>\n\t\t\t<\/div>\n<div class=\"vc_col-md-6\">\n\t\t\t\tTelefon\/Handy<br \/>\n\t\t\t\t<span class=\"wpcf7-form-control-wrap cf-phone\"><input type=\"text\" name=\"cf-phone\" value=\"\" size=\"40\" class=\"wpcf7-form-control wpcf7-text\" aria-invalid=\"false\" \/><\/span>\n\t\t\t<\/div>\n<div class=\"vc_col-md-6\">\n\t\t\t\tLehrplan*<br \/>\n\t\t\t\t<span class=\"wpcf7-form-control-wrap curriculum\"><input type=\"file\" name=\"curriculum\" size=\"40\" class=\"wpcf7-form-control wpcf7-file wpcf7-validates-as-required\" id=\"file-curriculum\" accept=\".pdf\" aria-required=\"true\" aria-invalid=\"false\" \/><\/span>\n\t\t\t<\/div>\n<div class=\"vc_col-md-12\">\n\t\t\t\tNachricht<span class=\"testo-evidenza\">*<\/span><br \/>\n\t\t\t\t<span class=\"wpcf7-form-control-wrap cf-message\"><textarea name=\"cf-message\" cols=\"40\" rows=\"10\" class=\"wpcf7-form-control wpcf7-textarea wpcf7-validates-as-required\" aria-required=\"true\" aria-invalid=\"false\"><\/textarea><\/span>\n\t\t\t<\/div>\n<div class=\"vc_col-md-12\">\n\n<\/div>\n<div class=\"vc_col-md-8\" style=\"margin-bottom:20px;\">\n\t\t\t\t<label class=\"accettazione\"><span class=\"wpcf7-form-control-wrap acceptance-614\"><span class=\"wpcf7-form-control wpcf7-acceptance\"><span class=\"wpcf7-list-item\"><input type=\"checkbox\" name=\"acceptance-614\" value=\"1\" aria-invalid=\"false\" \/><\/span><\/span><\/span> Ich akzeptiere, nachdem ich die Behandlung meiner <a href=\"http:\/\/v2home.com\/de\/informative-candidates-work-with-us\/\" target=\"_blank\">pers\u00f6nlichen Daten und die Datenschutzerkl\u00e4rung gelesen habe<\/a><\/label>\n\t\t\t<\/div>\n<div class=\"vc_col-md-4\">\n\t\t\t\t<input type=\"submit\" value=\"ANFRAGE SENDEN\" class=\"wpcf7-form-control has-spinner wpcf7-submit st-button\" \/>\n\t\t\t<\/div>\n<\/div>\n<\/div>\n<\/div>\n<div class=\"wpcf7-response-output\" aria-hidden=\"true\"><\/div><\/form><\/div>[\/vc_column_text][\/vc_column][vc_column width=&#8221;1\/2&#8243;][vc_column_text]<span class=\"form-contatti-titolo-nero\">EINARBEITEN<\/span> <span class=\"form-contatti-titolo-rosso\"> V2<\/span>[\/vc_column_text][vc_empty_space height=&#8221;25px&#8221;][vc_column_text]V2 ist ein gro\u00dfartiges Team, das immer offen f\u00fcr Ver\u00e4nderungen und Wachstum ist. Wir machen die Vielfalt, Kreativit\u00e4t und die F\u00e4higkeit, von unserer St\u00e4rke zu tr\u00e4umen, um unseren Kunden das Beste auf dem Markt zu bieten.<\/p>\n<p>Wir sind immer auf der Suche nach qualifizierten Mitarbeitern, die neue Perspektiven und neue Erfahrungen in unser Team bringen k\u00f6nnen.<\/p>\n<p>Wenn Sie nach einem Ort suchen, an dem Sie Leidenschaft, Wachstum, Innovation und Harmonie finden k\u00f6nnen, ist dies der richtige Ort f\u00fcr Sie. Senden Sie uns Ihre Bewerbung!<\/p>\n<p>Das V2-Team[\/vc_column_text][\/vc_column][\/vc_row][vc_row row_type=&#8221;row&#8221; use_row_as_full_screen_section=&#8221;no&#8221; type=&#8221;full_width&#8221; text_align=&#8221;left&#8221; background_animation=&#8221;none&#8221; css_animation=&#8221;&#8221;][vc_column][vc_empty_space height=&#8221;45px&#8221;][vc_separator type=&#8221;normal&#8221; color=&#8221;#e5e5e5&#8243; border_style=&#8221;&#8221;][vc_empty_space height=&#8221;45px&#8221;][\/vc_column][\/vc_row][vc_row row_type=&#8221;row&#8221; use_row_as_full_screen_section=&#8221;no&#8221; type=&#8221;grid&#8221; text_align=&#8221;center&#8221; background_animation=&#8221;none&#8221; css_animation=&#8221;&#8221; el_id=&#8221;div-posizioni-aperte&#8221;][vc_column][vc_column_text]<\/p>\n<h1>Offene positionen<\/h1>\n<p>[\/vc_column_text][vc_empty_space height=&#8221;45px&#8221;][vc_column_text]<!--W4PL_List_83987-->\n<div id=\"w4pl-list-83987\" class=\"w4pl\">\n\t<div id=\"w4pl-inner-83987\" class=\"w4pl-inner\"><\/div><!--#w4pl-inner-83987-->\n<\/div><!--#w4pl-83987-->\n<script id=\"w4pl-js-83987\" type=\"text\/javascript\">var has_posizioni_aperte=jQuery('.posizioni_aperte_container').length;\r\nif (has_posizioni_aperte==0) jQuery('#div-posizioni-aperte').hide();<\/script>\n\n<!--END_W4PL_List_83987-->\n[\/vc_column_text][\/vc_column][\/vc_row]<\/p>\n","protected":false},"excerpt":{"rendered":"<p>[vc_row row_type=&#8221;row&#8221; use_row_as_full_screen_section=&#8221;no&#8221; type=&#8221;grid&#8221; text_align=&#8221;center&#8221; background_animation=&#8221;none&#8221; css_animation=&#8221;&#8221;][vc_column][vc_column_text] M\u00f6chtest du dem V2-Team beitreten? Stellen Sie sich vor und nehmen Sie mit uns das Feld! [\/vc_column_text][vc_empty_space height=&#8221;45px&#8221;][\/vc_column][\/vc_row][vc_row row_type=&#8221;row&#8221; use_row_as_full_screen_section=&#8221;no&#8221; type=&#8221;full_width&#8221; text_align=&#8221;left&#8221; background_animation=&#8221;none&#8221; css_animation=&#8221;&#8221;][vc_column width=&#8221;1\/2&#8243; css=&#8221;.vc_custom_1532439684468{margin-bottom: 50px !important;}&#8221;][vc_column_text][\/vc_column_text][\/vc_column][vc_column width=&#8221;1\/2&#8243;][vc_column_text]EINARBEITEN V2[\/vc_column_text][vc_empty_space height=&#8221;25px&#8221;][vc_column_text]V2 ist ein gro\u00dfartiges Team, das immer offen&#8230;<\/p>\n","protected":false},"author":2,"featured_media":0,"parent":0,"menu_order":0,"comment_status":"closed","ping_status":"closed","template":"","meta":{"footnotes":""},"_links":{"self":[{"href":"https:\/\/v2home.com\/de\/wp-json\/wp\/v2\/pages\/84414"}],"collection":[{"href":"https:\/\/v2home.com\/de\/wp-json\/wp\/v2\/pages"}],"about":[{"href":"https:\/\/v2home.com\/de\/wp-json\/wp\/v2\/types\/page"}],"author":[{"embeddable":true,"href":"https:\/\/v2home.com\/de\/wp-json\/wp\/v2\/users\/2"}],"replies":[{"embeddable":true,"href":"https:\/\/v2home.com\/de\/wp-json\/wp\/v2\/comments?post=84414"}],"version-history":[{"count":7,"href":"https:\/\/v2home.com\/de\/wp-json\/wp\/v2\/pages\/84414\/revisions"}],"predecessor-version":[{"id":92805,"href":"https:\/\/v2home.com\/de\/wp-json\/wp\/v2\/pages\/84414\/revisions\/92805"}],"wp:attachment":[{"href":"https:\/\/v2home.com\/de\/wp-json\/wp\/v2\/media?parent=84414"}],"curies":[{"name":"wp","href":"https:\/\/api.w.org\/{rel}","templated":true}]}}