{"id":82839,"date":"2018-06-15T12:22:58","date_gmt":"2018-06-15T10:22:58","guid":{"rendered":"http:\/\/v2home.com?page_id=82839"},"modified":"2022-09-27T11:40:19","modified_gmt":"2022-09-27T09:40:19","slug":"app","status":"publish","type":"page","link":"https:\/\/v2home.com\/es\/app\/","title":{"rendered":"App"},"content":{"rendered":"\n<!-- SEO Ultimate (http:\/\/www.seodesignsolutions.com\/wordpress-seo\/) - Code Inserter module -->\n<!-- Google Tag Manager (noscript) -->\r\n<noscript><iframe src=\"https:\/\/www.googletagmanager.com\/ns.html?id=GTM-5PTVMVL\"\r\nheight=\"0\" width=\"0\" style=\"display:none;visibility:hidden\"><\/iframe><\/noscript>\r\n<!-- End Google Tag Manager (noscript) -->\n<!-- \/SEO Ultimate -->\n\n<p>[vc_row row_type=&#8221;row&#8221; use_row_as_full_screen_section=&#8221;no&#8221; type=&#8221;grid&#8221; text_align=&#8221;left&#8221; background_animation=&#8221;none&#8221; css_animation=&#8221;&#8221;][vc_column width=&#8221;1\/4&#8243; el_class=&#8221;center-text&#8221; offset=&#8221;vc_col-xs-6&#8243;][vc_single_image image=&#8221;104456&#8243; alignment=&#8221;center&#8221; onclick=&#8221;custom_link&#8221; qode_css_animation=&#8221;&#8221; link=&#8221;javascript: goto_app(&#8216;http:\/\/v2home.com\/app\/#v2-apptool&#8217;)&#8221;][vc_column_text el_class=&#8221;app-titolo&#8221;]<\/p>\n<p style=\"text-align: center;\"><strong>V2 <span style=\"color: #000;\">APPTOOL<\/span><\/strong><\/p>\n<p>[\/vc_column_text][\/vc_column][vc_column width=&#8221;1\/4&#8243; offset=&#8221;vc_col-xs-6&#8243;][vc_single_image image=&#8221;104449&#8243; alignment=&#8221;center&#8221; onclick=&#8221;custom_link&#8221; qode_css_animation=&#8221;&#8221; link=&#8221;javascript: goto_app(&#8216;http:\/\/v2home.com\/app\/#v2-go&#8217;)&#8221;][vc_column_text el_class=&#8221;app-titolo&#8221;]<\/p>\n<p style=\"text-align: center;\"><strong>V2 <span style=\"color: #000;\">GO<\/span><\/strong><\/p>\n<p>[\/vc_column_text][\/vc_column][\/vc_row][vc_row row_type=&#8221;row&#8221; use_row_as_full_screen_section=&#8221;no&#8221; type=&#8221;grid&#8221; text_align=&#8221;left&#8221; background_animation=&#8221;none&#8221; css_animation=&#8221;&#8221;][vc_column][vc_empty_space height=&#8221;35px&#8221;][vc_separator type=&#8221;normal&#8221; border_style=&#8221;&#8221; el_class=&#8221;prodotti-dettaglio-tab-linea&#8221;][vc_empty_space height=&#8221;35px&#8221;][\/vc_column][\/vc_row][vc_row row_type=&#8221;row&#8221; use_row_as_full_screen_section=&#8221;no&#8221; type=&#8221;grid&#8221; text_align=&#8221;left&#8221; background_animation=&#8221;none&#8221; css_animation=&#8221;&#8221; el_id=&#8221;v2-apptool&#8221;][vc_column width=&#8221;1\/4&#8243;][vc_single_image image=&#8221;104456&#8243; img_size=&#8221;full&#8221; alignment=&#8221;center&#8221; qode_css_animation=&#8221;&#8221;][vc_raw_html]JTNDZGl2JTIwc3R5bGUlM0QlMjJ0ZXh0LWFsaWduJTNBY2VudGVyJTIyJTNFJTBBJTNDc3BhbiUyMHN0eWxlJTNEJTIyZm9udC1zaXplJTNBMjNweCUzQiUyMiUzRSUzQ2klMjBjbGFzcyUzRCUyMmZhJTIwZmEtYXBwbGUlMjIlM0UlM0MlMkZpJTNFJTIwJTdDJTIwJTNDaSUyMGNsYXNzJTNEJTIyZmElMjBmYS1hbmRyb2lkJTIyJTNFJTNDJTJGaSUzRSUzQyUyRnNwYW4lM0UlMEElM0MlMkZkaXYlM0U=[\/vc_raw_html][vc_empty_space height=&#8221;20px&#8221;][\/vc_column][vc_column width=&#8221;3\/4&#8243;][vc_column_text]<\/p>\n<h1>V2 APPTOOL<\/h1>\n<h5>La nueva App para el instalador<\/h5>\n<p>V2 APPTOOL es la exclusiva app de gesti\u00f3n realizada por V2 y estudiada especialmente para t\u00e9cnicos e instaladores. Gracias a V2 APPTOOL es posible programar el cuadro de maniobras y configurar sus par\u00e1metros directamente desde Smartphone o desde Tablet.<\/p>\n<p>V2 APPTOOL funciona por protocolo WIFI, puede descargarse de Google Store y Apple Store y se conecta a la central por medio del pr\u00e1ctico m\u00f3dulo WF02.<\/p>\n<p>O que voc\u00ea pode fazer com o V2 APPTOOL? Voc\u00ea pode definir todos os par\u00e2metros da unidade de controle, carregar os dados padr\u00e3o, ler a configura\u00e7\u00e3o atual ou carregar uma configura\u00e7\u00e3o previamente salva.<\/p>\n<p>O V2 APPTOOL tamb\u00e9m permite acesso ao log de eventos, atualiza rapidamente o firmware da unidade de controle e (Atenci\u00f3n para esta funci\u00f3n es necesario comprobar la compatibilidad de la centralita).<\/p>\n<p>&nbsp;<\/p>\n<h3 style=\"color: #000; font-weight: 600;\">COMING SOON<\/h3>\n<p>[\/vc_column_text][\/vc_column][\/vc_row][vc_row row_type=&#8221;row&#8221; use_row_as_full_screen_section=&#8221;no&#8221; type=&#8221;full_width&#8221; text_align=&#8221;left&#8221; background_animation=&#8221;none&#8221; css_animation=&#8221;&#8221;][vc_column][vc_empty_space height=&#8221;90px&#8221;][\/vc_column][\/vc_row][vc_row row_type=&#8221;row&#8221; use_row_as_full_screen_section=&#8221;no&#8221; type=&#8221;grid&#8221; text_align=&#8221;left&#8221; background_animation=&#8221;none&#8221; css_animation=&#8221;&#8221; el_id=&#8221;v2-go&#8221;][vc_column width=&#8221;1\/4&#8243;][vc_single_image image=&#8221;104449&#8243; img_size=&#8221;full&#8221; alignment=&#8221;center&#8221; qode_css_animation=&#8221;&#8221;][vc_empty_space height=&#8221;20px&#8221;][\/vc_column][vc_column width=&#8221;3\/4&#8243;][vc_column_text]<\/p>\n<h1>V2 GO<\/h1>\n<h5>La nueva App para el usuario final<\/h5>\n<p>Con V2 GO puedes&#8230;:<\/p>\n<p><strong>Conectar tus Automatismos a Internet<\/strong> usando la conexi\u00f3n WIFI de casa y tu dispositivo m\u00f3vil (Android, IoS)<\/p>\n<p><strong>Administrar de forma remota sus Automatizaciones incluso cuando no est\u00e9 en casa.<\/strong> \u00a1No solo conozca su estado, sino tambi\u00e9n verif\u00edquelos! (Abrir, cerrar, detener, apertura peatonal, etc.)<\/p>\n<p><strong>Entrar a casa sin mover un dedo.<\/strong> Mediante el uso de los servicios de geolocalizaci\u00f3n del dispositivo m\u00f3vil, V2 GO puede conocer tu posici\u00f3n y abrir la automatizaci\u00f3n seleccionada autom\u00e1ticamente cuando te acerques, ahorr\u00e1ndote tiempo.<\/p>\n<p><strong>Coontrolar los accesos a la propiedad.<\/strong> La App le permite administrar el acceso y posiblemente limitarlos a per\u00edodos espec\u00edficos para los usuarios deseados, en cualquier momento.<\/p>\n<p><strong>Programar escenarios autom\u00e1ticos para que se ejecuten en los momentos deseados.<\/strong> Lib\u00e9rate de las acciones diarias: gracias a V2 GO puedes abrir y cerrar autom\u00e1ticamente las automatizaciones en d\u00edas y horarios espec\u00edficos (por ejemplo: la puerta abre de 9.00 a 18.00, de lunes a viernes)<\/p>\n<p>Para utilizar la App ser\u00e1 necesario conectar los cuadros de maniobras V2 usando la Nueva ADI WIFI TOOL WF01 c\u00f3digo 161230.<\/p>\n<p>Descargue la aplicaci\u00f3n V2 GO gratuita de las tiendas oficiales (Google Play, Apple App Store)<\/p>\n<p>&nbsp;<\/p>\n<p><strong>REQUISITOS<\/strong><br \/>\n<strong>iOS 12.0<\/strong><br \/>\n<strong>Android 8.0<\/strong>[\/vc_column_text][vc_empty_space height=&#8221;20px&#8221;][vc_raw_html]JTNDZGl2JTIwY2xhc3MlM0QlMjJhbGlnbmxlZnQlMjIlM0UlMEElM0NhJTIwaHJlZiUzRCUyMmh0dHBzJTNBJTJGJTJGYXBwcy5hcHBsZS5jb20lMkZpdCUyRmFwcCUyRnYyLWdvJTJGaWQxNDg4NzY2Njg1JTIyJTIwdGFyZ2V0JTNEJTIyX2JsYW5rJTIyJTNFJTNDaW1nJTIwc3JjJTNEJTIyaHR0cHMlM0ElMkYlMkZ2MmhvbWUuY29tJTJGd3AtY29udGVudCUyRnVwbG9hZHMlMkYyMDE4JTJGMDclMkZhcHAtc3RvcmUtZW4uc3ZnJTIyJTIwc3R5bGUlM0QlMjJoZWlnaHQlM0ElMjA0NHB4JTNCJTIyJTIwJTIwYWx0JTNEJTIydjItYXBwdG9vbC1hcHAtc3RvcmUlMjIlMjAlMkYlM0UlM0MlMkZhJTNFJTBBJTNDYSUyMGhyZWYlM0QlMjJodHRwcyUzQSUyRiUyRnBsYXkuZ29vZ2xlLmNvbSUyRnN0b3JlJTJGYXBwcyUyRmRldGFpbHMlM0ZpZCUzRGNvbS52Mi52MmdvJTI2aGwlM0RpdCUyNmdsJTNEVVMlMjIlMjB0YXJnZXQlM0QlMjJfYmxhbmslMjIlM0UlM0NpbWclMjBzcmMlM0QlMjJodHRwcyUzQSUyRiUyRnYyaG9tZS5jb20lMkZ3cC1jb250ZW50JTJGdXBsb2FkcyUyRjIwMTglMkYwNyUyRmdvb2dsZS1wbGF5LWVuLnN2ZyUyMiUyMHN0eWxlJTNEJTIyaGVpZ2h0JTNBJTIwNDRweCUzQiUyMiUyMGFsdCUzRCUyMnYyLWFwcHRvb2wtZ29vZ2xlLXBsYXklMjIlMjAlMkYlM0UlMjAlM0MlMkZhJTNFJTBBJTNDJTJGZGl2JTNF[\/vc_raw_html][\/vc_column][\/vc_row][vc_row row_type=&#8221;row&#8221; use_row_as_full_screen_section=&#8221;no&#8221; type=&#8221;full_width&#8221; text_align=&#8221;left&#8221; background_animation=&#8221;none&#8221; css_animation=&#8221;&#8221;][vc_column][vc_raw_js]JTNDc2NyaXB0JTIwdHlwZSUzRCUyMnRleHQlMkZqYXZhc2NyaXB0JTIyJTNFJTIwJTBBalF1ZXJ5JTI4JTIwZG9jdW1lbnQlMjAlMjkucmVhZHklMjhmdW5jdGlvbiUyOCUyOSUyMCU3QiUwQSUwOWlmJTI4d2luZG93LmxvY2F0aW9uLmhhc2glMjklMjAlN0IlMEElMDklMDl2YXIlMjB5JTIwJTNEJTIwalF1ZXJ5JTI4d2luZG93JTI5LnNjcm9sbFRvcCUyOCUyOSUzQiUyMCUwQSUwOSUwOWpRdWVyeSUyOHdpbmRvdyUyOS5zY3JvbGxUb3AlMjh5LTE3MCUyOSUzQiUwQSUyMCUyMCUyMCUyMCUyMCUyMCUyMCUyMCUyMCUyMCUyMCUyMCUyMCUyMCUyMCUyMHklMjAlM0QlMjBqUXVlcnklMjh3aW5kb3clMjkuc2Nyb2xsVG9wJTI4JTI5JTNCJTIwJTIwJTBBJTA5JTdEJTBBJTdEJTI5JTNCJTBBJTNDJTJGc2NyaXB0JTNF[\/vc_raw_js][\/vc_column][\/vc_row][vc_row row_type=&#8221;row&#8221; use_row_as_full_screen_section=&#8221;no&#8221; type=&#8221;full_width&#8221; text_align=&#8221;left&#8221; background_animation=&#8221;none&#8221; css_animation=&#8221;&#8221;][vc_column][vc_empty_space height=&#8221;44px&#8221;][\/vc_column][\/vc_row]<\/p>\n","protected":false},"excerpt":{"rendered":"<p>[vc_row row_type=&#8221;row&#8221; use_row_as_full_screen_section=&#8221;no&#8221; type=&#8221;grid&#8221; text_align=&#8221;left&#8221; background_animation=&#8221;none&#8221; css_animation=&#8221;&#8221;][vc_column width=&#8221;1\/4&#8243; el_class=&#8221;center-text&#8221; offset=&#8221;vc_col-xs-6&#8243;][vc_single_image image=&#8221;104456&#8243; alignment=&#8221;center&#8221; onclick=&#8221;custom_link&#8221; qode_css_animation=&#8221;&#8221; link=&#8221;javascript: goto_app(&#8216;http:\/\/v2home.com\/app\/#v2-apptool&#8217;)&#8221;][vc_column_text el_class=&#8221;app-titolo&#8221;] V2 APPTOOL [\/vc_column_text][\/vc_column][vc_column width=&#8221;1\/4&#8243; offset=&#8221;vc_col-xs-6&#8243;][vc_single_image image=&#8221;104449&#8243; alignment=&#8221;center&#8221; onclick=&#8221;custom_link&#8221; qode_css_animation=&#8221;&#8221; link=&#8221;javascript: goto_app(&#8216;http:\/\/v2home.com\/app\/#v2-go&#8217;)&#8221;][vc_column_text el_class=&#8221;app-titolo&#8221;] V2 GO [\/vc_column_text][\/vc_column][\/vc_row][vc_row row_type=&#8221;row&#8221; use_row_as_full_screen_section=&#8221;no&#8221; type=&#8221;grid&#8221; text_align=&#8221;left&#8221; background_animation=&#8221;none&#8221; css_animation=&#8221;&#8221;][vc_column][vc_empty_space height=&#8221;35px&#8221;][vc_separator type=&#8221;normal&#8221; border_style=&#8221;&#8221; el_class=&#8221;prodotti-dettaglio-tab-linea&#8221;][vc_empty_space height=&#8221;35px&#8221;][\/vc_column][\/vc_row][vc_row row_type=&#8221;row&#8221; use_row_as_full_screen_section=&#8221;no&#8221;&#8230;<\/p>\n","protected":false},"author":2,"featured_media":0,"parent":0,"menu_order":0,"comment_status":"closed","ping_status":"closed","template":"","meta":{"footnotes":""},"_links":{"self":[{"href":"https:\/\/v2home.com\/es\/wp-json\/wp\/v2\/pages\/82839"}],"collection":[{"href":"https:\/\/v2home.com\/es\/wp-json\/wp\/v2\/pages"}],"about":[{"href":"https:\/\/v2home.com\/es\/wp-json\/wp\/v2\/types\/page"}],"author":[{"embeddable":true,"href":"https:\/\/v2home.com\/es\/wp-json\/wp\/v2\/users\/2"}],"replies":[{"embeddable":true,"href":"https:\/\/v2home.com\/es\/wp-json\/wp\/v2\/comments?post=82839"}],"version-history":[{"count":19,"href":"https:\/\/v2home.com\/es\/wp-json\/wp\/v2\/pages\/82839\/revisions"}],"predecessor-version":[{"id":104497,"href":"https:\/\/v2home.com\/es\/wp-json\/wp\/v2\/pages\/82839\/revisions\/104497"}],"wp:attachment":[{"href":"https:\/\/v2home.com\/es\/wp-json\/wp\/v2\/media?parent=82839"}],"curies":[{"name":"wp","href":"https:\/\/api.w.org\/{rel}","templated":true}]}}