{"id":82900,"date":"2018-06-21T09:06:33","date_gmt":"2018-06-21T07:06:33","guid":{"rendered":"http:\/\/v2home.com?page_id=82900"},"modified":"2018-07-17T11:46:09","modified_gmt":"2018-07-17T09:46:09","slug":"automatismos-para-puertas","status":"publish","type":"page","link":"https:\/\/v2home.com\/es\/automatismos-para-puertas\/","title":{"rendered":"Automatismos para puertas"},"content":{"rendered":"\n<!-- SEO Ultimate (http:\/\/www.seodesignsolutions.com\/wordpress-seo\/) - Code Inserter module -->\n<!-- Google Tag Manager (noscript) -->\r\n<noscript><iframe src=\"https:\/\/www.googletagmanager.com\/ns.html?id=GTM-5PTVMVL\"\r\nheight=\"0\" width=\"0\" style=\"display:none;visibility:hidden\"><\/iframe><\/noscript>\r\n<!-- End Google Tag Manager (noscript) -->\n<!-- \/SEO Ultimate -->\n\n<script>\tjQuery( document ).ready(function() {\t\tvar id_categoria = '970';\t\tvar AUTOMATISMI_PER_CANCELLI_ID = '970';\t\tvar AUTOMATISMI_PER_TENDE_E_TAPPARELLE_ID = '971';\t\tvar AUTOMATISMI_PER_GARAGE_ID = '42538';\t\tvar HOME_AUTOMATION_ID = '42543';\t\tvar BARRIERE_STRADALI_ID = '42557';\t\tvar AUTOMATISMI_PER_PORTE_AUTOMATICHE_ID = '42551';\t\tswitch (id_categoria) {\t\t\tcase AUTOMATISMI_PER_CANCELLI_ID:\t\t\t\tjQuery('#lbl-automatismi-per-cancelli').addClass('lista-categorie-prodotti-titolo-piccolo-selected');\t\t\t\tjQuery('#img-automatismi-per-cancelli').attr('src','https:\/\/v2home.com\/wp-content\/uploads\/2018\/07\/icona_automatismi_per_cancelli_hover.svg');\t\t\t\tbreak;\t\t\tcase AUTOMATISMI_PER_TENDE_E_TAPPARELLE_ID:\t\t\t\tjQuery('#lbl-automatismi-per-tende-e-tapparelle').addClass('lista-categorie-prodotti-titolo-piccolo-selected');\t\t\t\tjQuery('#img-automatismi-per-tende-e-tapparelle').attr('src','https:\/\/v2home.com\/wp-content\/uploads\/2018\/07\/icona_automatismi_per_tende_hover.svg');\t\t\t\tbreak;\t\t\tcase AUTOMATISMI_PER_GARAGE_ID:\t\t\t\tjQuery('#lbl-automatismi-per-garage').addClass('lista-categorie-prodotti-titolo-piccolo-selected');\t\t\t\tjQuery('#img-automatismi-per-garage').attr('src','https:\/\/v2home.com\/wp-content\/uploads\/2018\/07\/icona_automatismi_per_garage_hover.svg');\t\t\t\tbreak;\t\t\tcase HOME_AUTOMATION_ID:\t\t\t\tjQuery('#lbl-home-automation').addClass('lista-categorie-prodotti-titolo-piccolo-selected');\t\t\t\tjQuery('#img-home-automation').attr('src','https:\/\/v2home.com\/wp-content\/uploads\/2018\/07\/icona_home_automations_hover.svg');\t\t\t\tbreak;\t\t\tcase BARRIERE_STRADALI_ID:\t\t\t\tjQuery('#lbl-barriere-stradali').addClass('lista-categorie-prodotti-titolo-piccolo-selected');\t\t\t\tjQuery('#img-barriere-stradali').attr('src','https:\/\/v2home.com\/wp-content\/uploads\/2018\/07\/icona_barriere_stradali_hover.svg');\t\t\t\tbreak;\t\t\tcase AUTOMATISMI_PER_PORTE_AUTOMATICHE_ID:\t\t\t\tjQuery('#lbl-automatismi-per-porte-automatiche').addClass('lista-categorie-prodotti-titolo-piccolo-selected');\t\t\t\tjQuery('#img-automatismi-per-porte-automatiche').attr('src','https:\/\/v2home.com\/wp-content\/uploads\/2018\/07\/icona_automatismi_per_porte_automatiche_hover.svg');\t\t\t\tbreak;\t\t}\t});<\/script><div class='title_outer title_without_animation with_image'>\t<div class='title position_left standard_title'>\t\t<div class='image responsive'>\t\t\t<img src='https:\/\/v2home.com\/wp-content\/uploads\/2018\/07\/banner_automatismi-per-cancelli.jpg'>\t\t<\/div>\t\t<div class='title_holder'>\t\t\t<div class='container'>\t\t\t\t<div class='container_inner clearfix'>\t\t\t\t\t<div class='title_subtitle_holder'>\t\t\t\t\t\t<div class='title_subtitle_holder_inner'>\t\t\t\t\t\t\t<h1 id='lista-prodotti-header-titolo'>Automatismos para puertas<\/h1>\t\t\t\t\t\t<\/div>\t\t\t\t\t<\/div>\t\t\t\t<\/div>\t\t\t<\/div>\t\t<\/div>\t<\/div><\/div><div class='full_width'>\t<div class='full_width_inner'>\t\t<div class='container'>\t\t\t<div class='container_inner default_template_holder'>\t\t\t\t<div class='w4pl'>\t\t\t\t\t<div class='w4pl-inner'>\t\t\t\t\t\t<div class='section_inner_margin clearfix'>\t\t\t\t\t\t\t\t<div class='wpb_column vc_column_container vc_col-lg-6 vc_col-md-6 vc_col-sm-12 vc_col-xs-12' style='padding-left: 15px; padding-right: 15px; margin-bottom: 50px;'>\t\t\t\t\t\t\t\t\t<div class='lista-categorie-prodotti-contenitore-bordo' style='position: relative;'>\t\t\t\t\t\t\t\t\t\t<div class='vc_column-inner' style='text-align: center;'>\t\t\t\t\t\t\t\t\t\t\t\t<img style='margin-top: 15px;' class='img-responsive' src='https:\/\/v2home.com\/wp-content\/uploads\/2018\/08\/AYROS.jpg'\/>\t\t\t\t\t\t\t\t\t\t<\/div>\t\t\t\t\t\t\t\t\t\t<div class='vc_column-inner'>\t\t\t\t\t\t\t\t\t\t\t<div class='lista-prodotti-titolo'>Motores para puertas correderas\t\t\t\t\t\t\t\t\t\t\t<\/div>\t\t\t\t\t\t\t\t\t\t<\/div>\t\t\t\t\t\t\t\t\t\t<div class='vc_column-inner'>\t\t\t\t\t\t\t\t\t\t\t<div class='lista-categorie-prodotti-descrizione'>La puerta corredera es la soluci\u00f3n perfecta para optimizar el espacio, cuando no hay espacio suficiente para abrir hojas batientes. Los sistemas de automatizaci\u00f3n V2 son proyectados a medida, seg\u00fan las caracter\u00edsticas espec\u00edficas de peso y dimensiones de la puerta, para resistir a lo largo de los a\u00f1os y a cualquier condici\u00f3n atmosf\u00e9rica.\t\t\t\t\t\t\t\t\t\t\t<\/div>\t\t\t\t\t\t\t\t\t\t<\/div>\t\t\t\t\t\t\t\t\t\t<div class='lista-categorie-prodotti-btn-scopri-container'>\t\t\t\t\t\t\t\t\t\t\t<a href='https:\/\/v2home.com\/es\/categoria\/motores-para-puertas-correderas-es\/'>\t\t\t\t\t\t\t\t\t\t\t\t<div class='lista-categorie-prodotti-btn-scopri'>\t\t\t\t\t\t\t\t\t\t\t\t\t<div class='lista-categorie-prodotti-scopri'>Descubre los productos<\/div>\t\t\t\t\t\t\t\t\t\t\t\t<\/div>\t\t\t\t\t\t\t\t\t\t\t<\/a>\t\t\t\t\t\t\t\t\t\t<\/div>\t\t\t\t\t\t\t\t\t<\/div>\t\t\t\t\t\t\t\t<\/div>\t\t\t\t\t\t\t\t<div class='wpb_column vc_column_container vc_col-lg-6 vc_col-md-6 vc_col-sm-12 vc_col-xs-12' style='padding-left: 15px; padding-right: 15px; margin-bottom: 50px;'>\t\t\t\t\t\t\t\t\t<div class='lista-categorie-prodotti-contenitore-bordo' style='position: relative;'>\t\t\t\t\t\t\t\t\t\t<div class='vc_column-inner' style='text-align: center;'>\t\t\t\t\t\t\t\t\t\t\t\t<img style='margin-top: 15px;' class='img-responsive' src='https:\/\/v2home.com\/wp-content\/uploads\/2022\/09\/Motori-per-cancelli.jpg'\/>\t\t\t\t\t\t\t\t\t\t<\/div>\t\t\t\t\t\t\t\t\t\t<div class='vc_column-inner'>\t\t\t\t\t\t\t\t\t\t\t<div class='lista-prodotti-titolo'>Motores para cancelas batientes\t\t\t\t\t\t\t\t\t\t\t<\/div>\t\t\t\t\t\t\t\t\t\t<\/div>\t\t\t\t\t\t\t\t\t\t<div class='vc_column-inner'>\t\t\t\t\t\t\t\t\t\t\t<div class='lista-categorie-prodotti-descrizione'>Desde siempre la puerta de batiente es un elemento capaz de a\u00f1adir valor el encanto de la casa, desde su entrada. Mediante la instalaci\u00f3n de un motor V2, a la belleza de este tipo de puerta se puede unir la practicidad de un sistema de apertura autom\u00e1tica seguro y eficaz. Valora tu mundo.\t\t\t\t\t\t\t\t\t\t\t<\/div>\t\t\t\t\t\t\t\t\t\t<\/div>\t\t\t\t\t\t\t\t\t\t<div class='lista-categorie-prodotti-btn-scopri-container'>\t\t\t\t\t\t\t\t\t\t\t<a href='https:\/\/v2home.com\/es\/categoria\/motores-para-cancelas-batientes-es\/'>\t\t\t\t\t\t\t\t\t\t\t\t<div class='lista-categorie-prodotti-btn-scopri'>\t\t\t\t\t\t\t\t\t\t\t\t\t<div class='lista-categorie-prodotti-scopri'>Descubre los productos<\/div>\t\t\t\t\t\t\t\t\t\t\t\t<\/div>\t\t\t\t\t\t\t\t\t\t\t<\/a>\t\t\t\t\t\t\t\t\t\t<\/div>\t\t\t\t\t\t\t\t\t<\/div>\t\t\t\t\t\t\t\t<\/div>\t\t\t\t\t\t\t\t<div class='wpb_column vc_column_container vc_col-lg-6 vc_col-md-6 vc_col-sm-12 vc_col-xs-12' style='padding-left: 15px; padding-right: 15px; margin-bottom: 50px;'>\t\t\t\t\t\t\t\t\t<div class='lista-categorie-prodotti-contenitore-bordo' style='position: relative;'>\t\t\t\t\t\t\t\t\t\t<div class='vc_column-inner' style='text-align: center;'>\t\t\t\t\t\t\t\t\t\t\t\t<img style='margin-top: 15px;' class='img-responsive' src='https:\/\/v2home.com\/wp-content\/uploads\/2018\/06\/CITY1-EVO.jpg'\/>\t\t\t\t\t\t\t\t\t\t<\/div>\t\t\t\t\t\t\t\t\t\t<div class='vc_column-inner'>\t\t\t\t\t\t\t\t\t\t\t<div class='lista-prodotti-titolo'>Cuadros de maniobras\t\t\t\t\t\t\t\t\t\t\t<\/div>\t\t\t\t\t\t\t\t\t\t<\/div>\t\t\t\t\t\t\t\t\t\t<div class='vc_column-inner'>\t\t\t\t\t\t\t\t\t\t\t<div class='lista-categorie-prodotti-descrizione'>Las centrales de mando V2 est\u00e1n dise\u00f1adas para gestionar puertas de batiente y correderas, portones, enrollables y toldos. Innovaci\u00f3n y b\u00fasqueda de las mejores soluciones tecnol\u00f3gicas para garantizar la m\u00e1xima seguridad de funcionamiento. As\u00ed, despu\u00e9s de la instalaci\u00f3n, ya no tendr\u00e1s que pensar en nada m\u00e1s.\t\t\t\t\t\t\t\t\t\t\t<\/div>\t\t\t\t\t\t\t\t\t\t<\/div>\t\t\t\t\t\t\t\t\t\t<div class='lista-categorie-prodotti-btn-scopri-container'>\t\t\t\t\t\t\t\t\t\t\t<a href='https:\/\/v2home.com\/es\/categoria\/cuadros-de-maniobras-es\/'>\t\t\t\t\t\t\t\t\t\t\t\t<div class='lista-categorie-prodotti-btn-scopri'>\t\t\t\t\t\t\t\t\t\t\t\t\t<div class='lista-categorie-prodotti-scopri'>Descubre los productos<\/div>\t\t\t\t\t\t\t\t\t\t\t\t<\/div>\t\t\t\t\t\t\t\t\t\t\t<\/a>\t\t\t\t\t\t\t\t\t\t<\/div>\t\t\t\t\t\t\t\t\t<\/div>\t\t\t\t\t\t\t\t<\/div>\t\t\t\t\t\t\t\t<div class='wpb_column vc_column_container vc_col-lg-6 vc_col-md-6 vc_col-sm-12 vc_col-xs-12' style='padding-left: 15px; padding-right: 15px; margin-bottom: 50px;'>\t\t\t\t\t\t\t\t\t<div class='lista-categorie-prodotti-contenitore-bordo' style='position: relative;'>\t\t\t\t\t\t\t\t\t\t<div class='vc_column-inner' style='text-align: center;'>\t\t\t\t\t\t\t\t\t\t\t\t<img style='margin-top: 15px;' class='img-responsive' src='https:\/\/v2home.com\/wp-content\/uploads\/2018\/07\/PHOX2.jpg'\/>\t\t\t\t\t\t\t\t\t\t<\/div>\t\t\t\t\t\t\t\t\t\t<div class='vc_column-inner'>\t\t\t\t\t\t\t\t\t\t\t<div class='lista-prodotti-titolo'>Emisores y receptores\t\t\t\t\t\t\t\t\t\t\t<\/div>\t\t\t\t\t\t\t\t\t\t<\/div>\t\t\t\t\t\t\t\t\t\t<div class='vc_column-inner'>\t\t\t\t\t\t\t\t\t\t\t<div class='lista-categorie-prodotti-descrizione'>Los transmisores y receptores V2 dialogan con la alta tecnolog\u00eda, para simplificar el control de cualquier sistema. Peque\u00f1os en dimensiones e inteligentes en prestaciones, ofrecen soluciones pr\u00e1cticas y diversificadas, para que el control a distancia sea una posibilidad cada vez m\u00e1s concreta, f\u00e1cil y segura. Esto es aut\u00e9ntico confort.\t\t\t\t\t\t\t\t\t\t\t<\/div>\t\t\t\t\t\t\t\t\t\t<\/div>\t\t\t\t\t\t\t\t\t\t<div class='lista-categorie-prodotti-btn-scopri-container'>\t\t\t\t\t\t\t\t\t\t\t<a href='https:\/\/v2home.com\/es\/categoria\/emisores-y-receptores-es\/'>\t\t\t\t\t\t\t\t\t\t\t\t<div class='lista-categorie-prodotti-btn-scopri'>\t\t\t\t\t\t\t\t\t\t\t\t\t<div class='lista-categorie-prodotti-scopri'>Descubre los productos<\/div>\t\t\t\t\t\t\t\t\t\t\t\t<\/div>\t\t\t\t\t\t\t\t\t\t\t<\/a>\t\t\t\t\t\t\t\t\t\t<\/div>\t\t\t\t\t\t\t\t\t<\/div>\t\t\t\t\t\t\t\t<\/div>\t\t\t\t\t\t\t\t<div class='wpb_column vc_column_container vc_col-lg-6 vc_col-md-6 vc_col-sm-12 vc_col-xs-12' style='padding-left: 15px; padding-right: 15px; margin-bottom: 50px;'>\t\t\t\t\t\t\t\t\t<div class='lista-categorie-prodotti-contenitore-bordo' style='position: relative;'>\t\t\t\t\t\t\t\t\t\t<div class='vc_column-inner' style='text-align: center;'>\t\t\t\t\t\t\t\t\t\t\t\t<img style='margin-top: 15px;' class='img-responsive' src='https:\/\/v2home.com\/wp-content\/uploads\/2022\/09\/Dispositivi-di-sicurezza.jpg'\/>\t\t\t\t\t\t\t\t\t\t<\/div>\t\t\t\t\t\t\t\t\t\t<div class='vc_column-inner'>\t\t\t\t\t\t\t\t\t\t\t<div class='lista-prodotti-titolo'>Dispositivos de seguridad y accesorios\t\t\t\t\t\t\t\t\t\t\t<\/div>\t\t\t\t\t\t\t\t\t\t<\/div>\t\t\t\t\t\t\t\t\t\t<div class='vc_column-inner'>\t\t\t\t\t\t\t\t\t\t\t<div class='lista-categorie-prodotti-descrizione'>Porque V2 ofrece una gama completa de propuestas \u00fatiles para completar un perfecto sistema de seguridad, destinado a cualquier entorno, p\u00fablico o privado: c\u00e9lulas fotoel\u00e9ctricas, sistema de proximidad y cualquier tipo de accesorios. Adem\u00e1s, el asesoramiento profesional V2, para encontrar juntos una soluci\u00f3n adaptada. Protege lo que m\u00e1s quieres.\t\t\t\t\t\t\t\t\t\t\t<\/div>\t\t\t\t\t\t\t\t\t\t<\/div>\t\t\t\t\t\t\t\t\t\t<div class='lista-categorie-prodotti-btn-scopri-container'>\t\t\t\t\t\t\t\t\t\t\t<a href='https:\/\/v2home.com\/es\/categoria\/dispositivos-de-seguridad-y-accesorios-es\/'>\t\t\t\t\t\t\t\t\t\t\t\t<div class='lista-categorie-prodotti-btn-scopri'>\t\t\t\t\t\t\t\t\t\t\t\t\t<div class='lista-categorie-prodotti-scopri'>Descubre los productos<\/div>\t\t\t\t\t\t\t\t\t\t\t\t<\/div>\t\t\t\t\t\t\t\t\t\t\t<\/a>\t\t\t\t\t\t\t\t\t\t<\/div>\t\t\t\t\t\t\t\t\t<\/div>\t\t\t\t\t\t\t\t<\/div>\t\t\t\t\t\t\t\t<div class='wpb_column vc_column_container vc_col-lg-6 vc_col-md-6 vc_col-sm-12 vc_col-xs-12' style='padding-left: 15px; padding-right: 15px; margin-bottom: 50px;'>\t\t\t\t\t\t\t\t\t<div class='lista-categorie-prodotti-contenitore-bordo' style='position: relative;'>\t\t\t\t\t\t\t\t\t\t<div class='vc_column-inner' style='text-align: center;'>\t\t\t\t\t\t\t\t\t\t\t\t<img style='margin-top: 15px;' class='img-responsive' src='https:\/\/v2home.com\/wp-content\/uploads\/2018\/06\/ECO-LOGIC-1.jpg'\/>\t\t\t\t\t\t\t\t\t\t<\/div>\t\t\t\t\t\t\t\t\t\t<div class='vc_column-inner'>\t\t\t\t\t\t\t\t\t\t\t<div class='lista-prodotti-titolo'>Sistemas de alimentaci\u00f3n solar\t\t\t\t\t\t\t\t\t\t\t<\/div>\t\t\t\t\t\t\t\t\t\t<\/div>\t\t\t\t\t\t\t\t\t\t<div class='vc_column-inner'>\t\t\t\t\t\t\t\t\t\t\t<div class='lista-categorie-prodotti-descrizione'>La investigaci\u00f3n V2 se orienta desde hace a\u00f1os a la b\u00fasqueda de sistemas capaces de reducir, en su uso, el impacto medioambiental. De esta investigaci\u00f3n nace ECO-LOGIC: un dispositivo de energ\u00eda solar, que puede conectarse con muchos de nuestros productos, para realizar soluciones de reducido gasto energ\u00e9tico. Una soluci\u00f3n concreta para un mundo m\u00e1s ecol\u00f3gico.\t\t\t\t\t\t\t\t\t\t\t<\/div>\t\t\t\t\t\t\t\t\t\t<\/div>\t\t\t\t\t\t\t\t\t\t<div class='lista-categorie-prodotti-btn-scopri-container'>\t\t\t\t\t\t\t\t\t\t\t<a href='https:\/\/v2home.com\/es\/categoria\/sistemas-de-alimentacian-solar-es\/'>\t\t\t\t\t\t\t\t\t\t\t\t<div class='lista-categorie-prodotti-btn-scopri'>\t\t\t\t\t\t\t\t\t\t\t\t\t<div class='lista-categorie-prodotti-scopri'>Descubre los productos<\/div>\t\t\t\t\t\t\t\t\t\t\t\t<\/div>\t\t\t\t\t\t\t\t\t\t\t<\/a>\t\t\t\t\t\t\t\t\t\t<\/div>\t\t\t\t\t\t\t\t\t<\/div>\t\t\t\t\t\t\t\t<\/div>\t\t\t\t\t\t<\/div>\t\t\t\t\t<\/div>\t\t\t\t<\/div>\t\t\t<\/div>\t\t<\/div>\t<\/div><\/div><div class='title_outer title_without_animation with_image'>\t<div class='title position_left standard_title'>\t\t<div class='image responsive'>\t\t\t<img src='https:\/\/v2home.com\/wp-content\/uploads\/2018\/07\/banner_barriere-stradali.jpg'>\t\t<\/div>\t\t<div class='title_holder'>\t\t\t<div class='container'>\t\t\t\t<div class='container_inner clearfix'>\t\t\t\t\t<div class='title_subtitle_holder'>\t\t\t\t\t\t<div class='title_subtitle_holder_inner'>\t\t\t\t\t\t\t<h1 id='lista-prodotti-header-titolo'>Barreras autom\u00e1ticas<\/h1>\t\t\t\t\t\t<\/div>\t\t\t\t\t<\/div>\t\t\t\t<\/div>\t\t\t<\/div>\t\t<\/div>\t<\/div><\/div><div class='full_width'>\t<div class='full_width_inner'>\t\t<div class='container'>\t\t\t<div class='container_inner default_template_holder'>\t\t\t\t<div class='w4pl'>\t\t\t\t\t<div class='w4pl-inner'>\t\t\t\t\t\t<div class='section_inner_margin clearfix'>\t\t\t\t\t\t\t\t<div class='wpb_column vc_column_container vc_col-lg-6 vc_col-md-6 vc_col-sm-12 vc_col-xs-12' style='padding-left: 15px; padding-right: 15px; margin-bottom: 50px;'>\t\t\t\t\t\t\t\t\t<div class='lista-categorie-prodotti-contenitore-bordo' style='position: relative;'>\t\t\t\t\t\t\t\t\t\t<div class='vc_column-inner' style='text-align: center;'>\t\t\t\t\t\t\t\t\t\t\t\t<img style='margin-top: 15px;' class='img-responsive' src='https:\/\/v2home.com\/wp-content\/uploads\/2018\/08\/NIUBA.jpg'\/>\t\t\t\t\t\t\t\t\t\t<\/div>\t\t\t\t\t\t\t\t\t\t<div class='vc_column-inner'>\t\t\t\t\t\t\t\t\t\t\t<div class='lista-prodotti-titolo'>Motores para barreras autom\u00e1ticas\t\t\t\t\t\t\t\t\t\t\t<\/div>\t\t\t\t\t\t\t\t\t\t<\/div>\t\t\t\t\t\t\t\t\t\t<div class='vc_column-inner'>\t\t\t\t\t\t\t\t\t\t\t<div class='lista-categorie-prodotti-descrizione'>Gracias a los motores para barreras de carretera V2 es posible controlar el tr\u00e1fico en puntos de paso o en la entrada y salida de aparcamientos p\u00fablicos y privados, tambi\u00e9n en caso de movimiento frecuente durante el d\u00eda. De hecho, los motores V2 est\u00e1n especialmente dise\u00f1ados para resistir tambi\u00e9n a un uso intensivo. Puedes estar seguro.\t\t\t\t\t\t\t\t\t\t\t<\/div>\t\t\t\t\t\t\t\t\t\t<\/div>\t\t\t\t\t\t\t\t\t\t<div class='lista-categorie-prodotti-btn-scopri-container'>\t\t\t\t\t\t\t\t\t\t\t<a href='https:\/\/v2home.com\/es\/categoria\/motores-para-barreras-automaticas-es\/'>\t\t\t\t\t\t\t\t\t\t\t\t<div class='lista-categorie-prodotti-btn-scopri'>\t\t\t\t\t\t\t\t\t\t\t\t\t<div class='lista-categorie-prodotti-scopri'>Descubre los productos<\/div>\t\t\t\t\t\t\t\t\t\t\t\t<\/div>\t\t\t\t\t\t\t\t\t\t\t<\/a>\t\t\t\t\t\t\t\t\t\t<\/div>\t\t\t\t\t\t\t\t\t<\/div>\t\t\t\t\t\t\t\t<\/div>\t\t\t\t\t\t<\/div>\t\t\t\t\t<\/div>\t\t\t\t<\/div>\t\t\t<\/div>\t\t<\/div>\t<\/div><\/div>\n","protected":false},"excerpt":{"rendered":"jQuery( document ).ready(function() { var id_categoria = '970'; var AUTOMATISMI_PER_CANCELLI_ID = '970'; var AUTOMATISMI_PER_TENDE_E_TAPPARELLE_ID = '971'; var AUTOMATISMI_PER_GARAGE_ID = '42538'; var HOME_AUTOMATION_ID = '42543'; var BARRIERE_STRADALI_ID = '42557'; var AUTOMATISMI_PER_PORTE_AUTOMATICHE_ID = '42551'; switch (id_categoria) { case AUTOMATISMI_PER_CANCELLI_ID: jQuery('#lbl-automatismi-per-cancelli').addClass('lista-categorie-prodotti-titolo-piccolo-selected'); jQuery('#img-automatismi-per-cancelli').attr('src','https:\/\/v2home.com\/wp-content\/uploads\/2018\/07\/icona_automatismi_per_cancelli_hover.svg'); break; case AUTOMATISMI_PER_TENDE_E_TAPPARELLE_ID: jQuery('#lbl-automatismi-per-tende-e-tapparelle').addClass('lista-categorie-prodotti-titolo-piccolo-selected'); jQuery('#img-automatismi-per-tende-e-tapparelle').attr('src','https:\/\/v2home.com\/wp-content\/uploads\/2018\/07\/icona_automatismi_per_tende_hover.svg'); break;...","protected":false},"author":2,"featured_media":0,"parent":0,"menu_order":0,"comment_status":"closed","ping_status":"closed","template":"lista_categorie_prodotti.php","meta":{"footnotes":""},"_links":{"self":[{"href":"https:\/\/v2home.com\/es\/wp-json\/wp\/v2\/pages\/82900"}],"collection":[{"href":"https:\/\/v2home.com\/es\/wp-json\/wp\/v2\/pages"}],"about":[{"href":"https:\/\/v2home.com\/es\/wp-json\/wp\/v2\/types\/page"}],"author":[{"embeddable":true,"href":"https:\/\/v2home.com\/es\/wp-json\/wp\/v2\/users\/2"}],"replies":[{"embeddable":true,"href":"https:\/\/v2home.com\/es\/wp-json\/wp\/v2\/comments?post=82900"}],"version-history":[{"count":7,"href":"https:\/\/v2home.com\/es\/wp-json\/wp\/v2\/pages\/82900\/revisions"}],"predecessor-version":[{"id":84567,"href":"https:\/\/v2home.com\/es\/wp-json\/wp\/v2\/pages\/82900\/revisions\/84567"}],"wp:attachment":[{"href":"https:\/\/v2home.com\/es\/wp-json\/wp\/v2\/media?parent=82900"}],"curies":[{"name":"wp","href":"https:\/\/api.w.org\/{rel}","templated":true}]}}