{"id":84419,"date":"2018-07-03T15:43:36","date_gmt":"2018-07-03T13:43:36","guid":{"rendered":"http:\/\/v2home.com?page_id=84419"},"modified":"2018-09-28T15:29:13","modified_gmt":"2018-09-28T13:29:13","slug":"trabaja-con-nosotros","status":"publish","type":"page","link":"https:\/\/v2home.com\/es\/trabaja-con-nosotros\/","title":{"rendered":"Trabaja con nosotros"},"content":{"rendered":"\n<!-- SEO Ultimate (http:\/\/www.seodesignsolutions.com\/wordpress-seo\/) - Code Inserter module -->\n<!-- Google Tag Manager (noscript) -->\r\n<noscript><iframe src=\"https:\/\/www.googletagmanager.com\/ns.html?id=GTM-5PTVMVL\"\r\nheight=\"0\" width=\"0\" style=\"display:none;visibility:hidden\"><\/iframe><\/noscript>\r\n<!-- End Google Tag Manager (noscript) -->\n<!-- \/SEO Ultimate -->\n\n<p>[vc_row row_type=&#8221;row&#8221; use_row_as_full_screen_section=&#8221;no&#8221; type=&#8221;grid&#8221; text_align=&#8221;center&#8221; background_animation=&#8221;none&#8221; css_animation=&#8221;&#8221;][vc_column][vc_column_text]<\/p>\n<h1>\u00bfQuieres unirte al equipo de V2?<\/h1>\n<h2 style=\"color: #000; letter-spacing: 0px; text-transform: inherit;\">\u00a1Pres\u00e9ntate y ve al campo con nosotros!<\/h2>\n<p>[\/vc_column_text][vc_empty_space height=&#8221;45px&#8221;][\/vc_column][\/vc_row][vc_row row_type=&#8221;row&#8221; use_row_as_full_screen_section=&#8221;no&#8221; type=&#8221;full_width&#8221; text_align=&#8221;left&#8221; background_animation=&#8221;none&#8221; css_animation=&#8221;&#8221;][vc_column width=&#8221;1\/2&#8243; css=&#8221;.vc_custom_1532439766137{margin-bottom: 50px !important;}&#8221;][vc_column_text]<div role=\"form\" class=\"wpcf7\" id=\"wpcf7-f84418-o1\" lang=\"it-IT\" dir=\"ltr\">\n<div class=\"screen-reader-response\"><p role=\"status\" aria-live=\"polite\" aria-atomic=\"true\"><\/p> <ul><\/ul><\/div>\n<form action=\"\/es\/wp-json\/wp\/v2\/pages\/84419#wpcf7-f84418-o1\" method=\"post\" class=\"wpcf7-form init wpcf7-acceptance-as-validation\" enctype=\"multipart\/form-data\" novalidate=\"novalidate\" data-status=\"init\">\n<div style=\"display: none;\">\n<input type=\"hidden\" name=\"_wpcf7\" value=\"84418\" \/>\n<input type=\"hidden\" name=\"_wpcf7_version\" value=\"5.5.6.1\" \/>\n<input type=\"hidden\" name=\"_wpcf7_locale\" value=\"it_IT\" \/>\n<input type=\"hidden\" name=\"_wpcf7_unit_tag\" value=\"wpcf7-f84418-o1\" \/>\n<input type=\"hidden\" name=\"_wpcf7_container_post\" value=\"0\" \/>\n<input type=\"hidden\" name=\"_wpcf7_posted_data_hash\" value=\"\" \/>\n<input type=\"hidden\" name=\"_wpcf7cf_hidden_group_fields\" value=\"[]\" \/>\n<input type=\"hidden\" name=\"_wpcf7cf_hidden_groups\" value=\"[]\" \/>\n<input type=\"hidden\" name=\"_wpcf7cf_visible_groups\" value=\"[]\" \/>\n<input type=\"hidden\" name=\"_wpcf7cf_repeaters\" value=\"[]\" \/>\n<input type=\"hidden\" name=\"_wpcf7cf_steps\" value=\"{}\" \/>\n<input type=\"hidden\" name=\"_wpcf7cf_options\" value=\"{&quot;form_id&quot;:84418,&quot;conditions&quot;:[],&quot;settings&quot;:{&quot;animation&quot;:&quot;yes&quot;,&quot;animation_intime&quot;:200,&quot;animation_outtime&quot;:200,&quot;conditions_ui&quot;:&quot;normal&quot;,&quot;notice_dismissed&quot;:false,&quot;notice_dismissed_update-cf7-5.8&quot;:true}}\" \/>\n<input type=\"hidden\" name=\"_wpcf7_recaptcha_response\" value=\"\" \/>\n<\/div>\n<div class='w4pl'>\n<div class='w4pl-inner'>\n<div class='section_inner_margin clearfix'>\n<div class='wpb_column vc_column_container vc_col-md-12' style=\"margin-bottom: 15px;\">\n<p><span class=\"form-contatti-titolo-nero\">LLENE<\/span> <span class=\"form-contatti-titolo-rosso\">EL SIGUIENTE FORMULARIO<\/span> (<span class=\"testo-evidenza\">*<\/span> campos obligatorios)<\/p>\n<p>Compila il form e inviaci la tua candidatura!<\/p>\n<\/div>\n<div class=\"vc_col-md-6\">\n\t\t\t\tNombre y Apellido<span class=\"testo-evidenza\">*<\/span><br \/>\n\t\t\t\t<span class=\"wpcf7-form-control-wrap cf-name\"><input type=\"text\" name=\"cf-name\" value=\"\" size=\"40\" class=\"wpcf7-form-control wpcf7-text wpcf7-validates-as-required\" aria-required=\"true\" aria-invalid=\"false\" \/><\/span>\n\t\t\t<\/div>\n<div class=\"vc_col-md-6\">\n\t\t\t\tEmail<span class=\"testo-evidenza\">*<\/span><br \/>\n\t\t\t\t<span class=\"wpcf7-form-control-wrap cf-email\"><input type=\"email\" name=\"cf-email\" value=\"\" size=\"40\" class=\"wpcf7-form-control wpcf7-text wpcf7-email wpcf7-validates-as-required wpcf7-validates-as-email\" aria-required=\"true\" aria-invalid=\"false\" \/><\/span>\n\t\t\t<\/div>\n<div class=\"vc_col-md-6\">\n\t\t\t\tTel\u00e9fono\/M\u00f3vil<br \/>\n\t\t\t\t<span class=\"wpcf7-form-control-wrap cf-phone\"><input type=\"text\" name=\"cf-phone\" value=\"\" size=\"40\" class=\"wpcf7-form-control wpcf7-text\" aria-invalid=\"false\" \/><\/span>\n\t\t\t<\/div>\n<div class=\"vc_col-md-6\">\n\t\t\t\tPlan de estudios*<br \/>\n\t\t\t\t<span class=\"wpcf7-form-control-wrap curriculum\"><input type=\"file\" name=\"curriculum\" size=\"40\" class=\"wpcf7-form-control wpcf7-file wpcf7-validates-as-required\" id=\"file-curriculum\" accept=\".pdf\" aria-required=\"true\" aria-invalid=\"false\" \/><\/span>\n\t\t\t<\/div>\n<div class=\"vc_col-md-12\">\n\t\t\t\tMensaje<span class=\"testo-evidenza\">*<\/span><br \/>\n\t\t\t\t<span class=\"wpcf7-form-control-wrap cf-message\"><textarea name=\"cf-message\" cols=\"40\" rows=\"10\" class=\"wpcf7-form-control wpcf7-textarea wpcf7-validates-as-required\" aria-required=\"true\" aria-invalid=\"false\"><\/textarea><\/span>\n\t\t\t<\/div>\n<div class=\"vc_col-md-12\">\n\n<\/div>\n<div class=\"vc_col-md-8\" style=\"margin-bottom:20px;\">\n\t\t\t\t<label class=\"accettazione\"><span class=\"wpcf7-form-control-wrap acceptance-614\"><span class=\"wpcf7-form-control wpcf7-acceptance\"><span class=\"wpcf7-list-item\"><input type=\"checkbox\" name=\"acceptance-614\" value=\"1\" aria-invalid=\"false\" \/><\/span><\/span><\/span> Acepto despu\u00e9s de haber le\u00eddo el tratamiento de mis datos personales y la <a href=\" http:\/\/v2home.com\/es\/informative-candidates-work-with-us\">pol\u00edtica de privacidad<\/a><\/label>\n\t\t\t<\/div>\n<div class=\"vc_col-md-4\">\n\t\t\t\t<input type=\"submit\" value=\"ENVIAR SOLICITUD\" class=\"wpcf7-form-control has-spinner wpcf7-submit st-button\" \/>\n\t\t\t<\/div>\n<\/div>\n<\/div>\n<\/div>\n<div class=\"wpcf7-response-output\" aria-hidden=\"true\"><\/div><\/form><\/div>[\/vc_column_text][\/vc_column][vc_column width=&#8221;1\/2&#8243;][vc_column_text]<span class=\"form-contatti-titolo-nero\">TRABAJAR<\/span> <span class=\"form-contatti-titolo-rosso\">EN V2<\/span>[\/vc_column_text][vc_empty_space height=&#8221;25px&#8221;][vc_column_text]V2 es un gran equipo siempre abierto para el cambio y el crecimiento. Hacemos que la diversidad, la creatividad y la capacidad de so\u00f1ar con nuestra fortaleza, para ofrecer a nuestros clientes lo mejor en el mercado.<\/p>\n<p>Siempre estamos buscando personas calificadas que puedan aportar nuevas perspectivas y nuevas experiencias a nuestro equipo.<\/p>\n<p>Si est\u00e1 buscando un lugar para encontrar pasi\u00f3n, deseo de crecer, innovaci\u00f3n y armon\u00eda, este es el lugar adecuado para usted. Envianos tu aplicaci\u00f3n!<\/p>\n<p>El equipo de V2[\/vc_column_text][\/vc_column][\/vc_row][vc_row row_type=&#8221;row&#8221; use_row_as_full_screen_section=&#8221;no&#8221; type=&#8221;full_width&#8221; text_align=&#8221;left&#8221; background_animation=&#8221;none&#8221; css_animation=&#8221;&#8221;][vc_column][vc_empty_space height=&#8221;45px&#8221;][vc_separator type=&#8221;normal&#8221; color=&#8221;#e5e5e5&#8243; border_style=&#8221;&#8221;][vc_empty_space height=&#8221;45px&#8221;][\/vc_column][\/vc_row][vc_row row_type=&#8221;row&#8221; use_row_as_full_screen_section=&#8221;no&#8221; type=&#8221;grid&#8221; text_align=&#8221;center&#8221; background_animation=&#8221;none&#8221; css_animation=&#8221;&#8221; el_id=&#8221;div-posizioni-aperte&#8221;][vc_column][vc_column_text]<\/p>\n<h1>Lugares de vacaciones<\/h1>\n<p>[\/vc_column_text][vc_empty_space height=&#8221;45px&#8221;][vc_column_text]<!--W4PL_List_83987-->\n<div id=\"w4pl-list-83987\" class=\"w4pl\">\n\t<div id=\"w4pl-inner-83987\" class=\"w4pl-inner\"><\/div><!--#w4pl-inner-83987-->\n<\/div><!--#w4pl-83987-->\n<script id=\"w4pl-js-83987\" type=\"text\/javascript\">var has_posizioni_aperte=jQuery('.posizioni_aperte_container').length;\r\nif (has_posizioni_aperte==0) jQuery('#div-posizioni-aperte').hide();<\/script>\n\n<!--END_W4PL_List_83987-->\n[\/vc_column_text][\/vc_column][\/vc_row]<\/p>\n","protected":false},"excerpt":{"rendered":"<p>[vc_row row_type=&#8221;row&#8221; use_row_as_full_screen_section=&#8221;no&#8221; type=&#8221;grid&#8221; text_align=&#8221;center&#8221; background_animation=&#8221;none&#8221; css_animation=&#8221;&#8221;][vc_column][vc_column_text] \u00bfQuieres unirte al equipo de V2? \u00a1Pres\u00e9ntate y ve al campo con nosotros! [\/vc_column_text][vc_empty_space height=&#8221;45px&#8221;][\/vc_column][\/vc_row][vc_row row_type=&#8221;row&#8221; use_row_as_full_screen_section=&#8221;no&#8221; type=&#8221;full_width&#8221; text_align=&#8221;left&#8221; background_animation=&#8221;none&#8221; css_animation=&#8221;&#8221;][vc_column width=&#8221;1\/2&#8243; css=&#8221;.vc_custom_1532439766137{margin-bottom: 50px !important;}&#8221;][vc_column_text][\/vc_column_text][\/vc_column][vc_column width=&#8221;1\/2&#8243;][vc_column_text]TRABAJAR EN V2[\/vc_column_text][vc_empty_space height=&#8221;25px&#8221;][vc_column_text]V2 es un gran equipo siempre abierto para el cambio&#8230;<\/p>\n","protected":false},"author":2,"featured_media":0,"parent":0,"menu_order":0,"comment_status":"closed","ping_status":"closed","template":"","meta":{"footnotes":""},"_links":{"self":[{"href":"https:\/\/v2home.com\/es\/wp-json\/wp\/v2\/pages\/84419"}],"collection":[{"href":"https:\/\/v2home.com\/es\/wp-json\/wp\/v2\/pages"}],"about":[{"href":"https:\/\/v2home.com\/es\/wp-json\/wp\/v2\/types\/page"}],"author":[{"embeddable":true,"href":"https:\/\/v2home.com\/es\/wp-json\/wp\/v2\/users\/2"}],"replies":[{"embeddable":true,"href":"https:\/\/v2home.com\/es\/wp-json\/wp\/v2\/comments?post=84419"}],"version-history":[{"count":7,"href":"https:\/\/v2home.com\/es\/wp-json\/wp\/v2\/pages\/84419\/revisions"}],"predecessor-version":[{"id":92807,"href":"https:\/\/v2home.com\/es\/wp-json\/wp\/v2\/pages\/84419\/revisions\/92807"}],"wp:attachment":[{"href":"https:\/\/v2home.com\/es\/wp-json\/wp\/v2\/media?parent=84419"}],"curies":[{"name":"wp","href":"https:\/\/api.w.org\/{rel}","templated":true}]}}