{"id":82833,"date":"2018-06-15T12:22:58","date_gmt":"2018-06-15T10:22:58","guid":{"rendered":"http:\/\/v2home.com?page_id=82833"},"modified":"2022-09-27T11:39:52","modified_gmt":"2022-09-27T09:39:52","slug":"app","status":"publish","type":"page","link":"https:\/\/v2home.com\/fr\/app\/","title":{"rendered":"App"},"content":{"rendered":"\n<!-- SEO Ultimate (http:\/\/www.seodesignsolutions.com\/wordpress-seo\/) - Code Inserter module -->\n<!-- Google Tag Manager (noscript) -->\r\n<noscript><iframe src=\"https:\/\/www.googletagmanager.com\/ns.html?id=GTM-5PTVMVL\"\r\nheight=\"0\" width=\"0\" style=\"display:none;visibility:hidden\"><\/iframe><\/noscript>\r\n<!-- End Google Tag Manager (noscript) -->\n<!-- \/SEO Ultimate -->\n\n<p>[vc_row row_type=&#8221;row&#8221; use_row_as_full_screen_section=&#8221;no&#8221; type=&#8221;grid&#8221; text_align=&#8221;left&#8221; background_animation=&#8221;none&#8221; css_animation=&#8221;&#8221;][vc_column width=&#8221;1\/4&#8243; el_class=&#8221;center-text&#8221; offset=&#8221;vc_col-xs-6&#8243;][vc_single_image image=&#8221;104458&#8243; alignment=&#8221;center&#8221; onclick=&#8221;custom_link&#8221; qode_css_animation=&#8221;&#8221; link=&#8221;javascript: goto_app(&#8216;http:\/\/v2home.com\/app\/#v2-apptool&#8217;)&#8221;][vc_column_text el_class=&#8221;app-titolo&#8221;]<\/p>\n<p style=\"text-align: center;\"><strong>V2 <span style=\"color: #000;\">APPTOOL<\/span><\/strong><\/p>\n<p>[\/vc_column_text][\/vc_column][vc_column width=&#8221;1\/4&#8243; offset=&#8221;vc_col-xs-6&#8243;][vc_single_image image=&#8221;104451&#8243; alignment=&#8221;center&#8221; onclick=&#8221;custom_link&#8221; qode_css_animation=&#8221;&#8221; link=&#8221;javascript: goto_app(&#8216;http:\/\/v2home.com\/app\/#v2-go&#8217;)&#8221;][vc_column_text el_class=&#8221;app-titolo&#8221;]<\/p>\n<p style=\"text-align: center;\"><strong>V2 <span style=\"color: #000;\">GO<\/span><\/strong><\/p>\n<p>[\/vc_column_text][\/vc_column][\/vc_row][vc_row row_type=&#8221;row&#8221; use_row_as_full_screen_section=&#8221;no&#8221; type=&#8221;grid&#8221; text_align=&#8221;left&#8221; background_animation=&#8221;none&#8221; css_animation=&#8221;&#8221;][vc_column][vc_empty_space height=&#8221;35px&#8221;][vc_separator type=&#8221;normal&#8221; border_style=&#8221;&#8221; el_class=&#8221;prodotti-dettaglio-tab-linea&#8221;][vc_empty_space height=&#8221;35px&#8221;][\/vc_column][\/vc_row][vc_row row_type=&#8221;row&#8221; use_row_as_full_screen_section=&#8221;no&#8221; type=&#8221;grid&#8221; text_align=&#8221;left&#8221; background_animation=&#8221;none&#8221; css_animation=&#8221;&#8221; el_id=&#8221;v2-apptool&#8221;][vc_column width=&#8221;1\/4&#8243;][vc_single_image image=&#8221;104458&#8243; img_size=&#8221;full&#8221; alignment=&#8221;center&#8221; qode_css_animation=&#8221;&#8221;][vc_raw_html]JTNDZGl2JTIwc3R5bGUlM0QlMjJ0ZXh0LWFsaWduJTNBY2VudGVyJTIyJTNFJTBBJTNDc3BhbiUyMHN0eWxlJTNEJTIyZm9udC1zaXplJTNBMjNweCUzQiUyMiUzRSUzQ2klMjBjbGFzcyUzRCUyMmZhJTIwZmEtYXBwbGUlMjIlM0UlM0MlMkZpJTNFJTIwJTdDJTIwJTNDaSUyMGNsYXNzJTNEJTIyZmElMjBmYS1hbmRyb2lkJTIyJTNFJTNDJTJGaSUzRSUzQyUyRnNwYW4lM0UlMEElM0MlMkZkaXYlM0U=[\/vc_raw_html][vc_empty_space height=&#8221;20px&#8221;][\/vc_column][vc_column width=&#8221;3\/4&#8243;][vc_column_text]<\/p>\n<h1>V2 APPTOOL<\/h1>\n<h5>La nouvelle App pour l\u2019installateur<\/h5>\n<p>V2 APPTOOL est l\u2019App de gestion exclusive r\u00e9alis\u00e9e par V2 et sp\u00e9cialement con\u00e7ue pour les techniciens et installateurs. Gr\u00e2ce \u00e0 V2 APPTOOL, il est possible de programmer l\u2019armoire de commande et de configurer directement les param\u00e8tres depuis un Smartphone ou une Tablette.<\/p>\n<p>V2 APPTOOL fonctionne par protocole WIFI, elle est t\u00e9l\u00e9chargeable depuis Google Store et Apple Store, et se connecte \u00e0 l\u2019armoire de commande gr\u00e2ce au pratique module WF02.<\/p>\n<p>Que pouvez-vous faire avec V2 APPTOOL? Vous pouvez d\u00e9finir tous les param\u00e8tres de l\u2019unit\u00e9 de contr\u00f4le, charger les donn\u00e9es par d\u00e9faut, lire la configuration actuelle ou charger une configuration pr\u00e9c\u00e9demment enregistr\u00e9e.<\/p>\n<p>V2 APPTOOL permet \u00e9galement d\u2019acc\u00e9der au journal des \u00e9v\u00e9nements, de mettre rapidement \u00e0 jour le microprogramme de l\u2019unit\u00e9 de contr\u00f4le (Attention pour cette fonction il faut v\u00e9rifier la compatibilit\u00e9 de la centrale).<\/p>\n<p>&nbsp;<\/p>\n<h3 style=\"color: #000; font-weight: 600;\">COMING SOON<\/h3>\n<p>[\/vc_column_text][\/vc_column][\/vc_row][vc_row row_type=&#8221;row&#8221; use_row_as_full_screen_section=&#8221;no&#8221; type=&#8221;full_width&#8221; text_align=&#8221;left&#8221; background_animation=&#8221;none&#8221; css_animation=&#8221;&#8221;][vc_column][vc_empty_space height=&#8221;90px&#8221;][\/vc_column][\/vc_row][vc_row row_type=&#8221;row&#8221; use_row_as_full_screen_section=&#8221;no&#8221; type=&#8221;grid&#8221; text_align=&#8221;left&#8221; background_animation=&#8221;none&#8221; css_animation=&#8221;&#8221; el_id=&#8221;v2-go&#8221;][vc_column width=&#8221;1\/4&#8243;][vc_single_image image=&#8221;104451&#8243; img_size=&#8221;full&#8221; alignment=&#8221;center&#8221; qode_css_animation=&#8221;&#8221;][vc_empty_space height=&#8221;20px&#8221;][\/vc_column][vc_column width=&#8221;3\/4&#8243;][vc_column_text]<\/p>\n<h1>V2 GO<\/h1>\n<h5>La nouvelle App pour l\u2019utilisateur final<\/h5>\n<p>Avec V2 GO, vous pouvez&#8230;<\/p>\n<p><strong>Connectez vos automatisations \u00e0 Internet<\/strong> en utilisant la connexion Wi-Fi domestique et votre appareil mobile (Android, IoS).<\/p>\n<p><strong>G\u00e9rez \u00e0 distance vos automatisations m\u00eame lorsque vous n&#8217;\u00eates pas chez vous.<\/strong> Non seulement conna\u00eetre leur statut mais aussi les v\u00e9rifier ! (Ouvrir, fermer, stop, ouverture pi\u00e9ton, etc.).<\/p>\n<p><strong>Entrez chez vous sans lever le petit doigt.<\/strong> En utilisant les services de g\u00e9olocalisation de l&#8217;appareil mobile, V2 GO peut conna\u00eetre votre position et ouvrir automatiquement l&#8217;automatisation s\u00e9lectionn\u00e9e lorsque vous vous en approchez.<\/p>\n<p><strong>V\u00e9rifier l&#8217;acc\u00e8s \u00e0 la propri\u00e9t\u00e9.<\/strong> L&#8217;App vous permet de g\u00e9rer les acc\u00e8s et \u00e9ventuellement de les limiter \u00e0 des p\u00e9riodes sp\u00e9cifiques pour les utilisateurs souhait\u00e9s, \u00e0 tout moment. Il est \u00e9galement possible d&#8217;avoir un journal d&#8217;acc\u00e8s historique.<\/p>\n<p><strong>Programmez des sc\u00e9narios automatiques pour qu&#8217;ils s&#8217;ex\u00e9cutent aux heures souhait\u00e9es.<\/strong> Lib\u00e9rez-vous des actions quotidiennes : gr\u00e2ce \u00e0 V2 GO, vous pouvez ouvrir et fermer automatiquement les automatismes \u00e0 des jours et heures sp\u00e9cifiques (Par exemple : ouverture du portail de 9h00 \u00e0 18h00, du lundi au vendredi).<\/p>\n<p>&nbsp;<\/p>\n<p>Pour utiliser l&#8217;application, il sera n\u00e9cessaire de connecter les unit\u00e9s de contr\u00f4le V2 \u00e0 l&#8217;aide du nouveau code ADI WIFI TOOL WF01 161230<\/p>\n<p>T\u00e9l\u00e9chargez gratuitement l&#8217;application V2 GO depuis les boutiques officielles (Google Play, Apple App Store)<\/p>\n<p>&nbsp;<\/p>\n<p><strong>Ecigences<\/strong><\/p>\n<p><strong>IOS 12.0<\/strong><\/p>\n<p><strong>Androdi 8.0<\/strong>[\/vc_column_text][vc_empty_space height=&#8221;20px&#8221;][vc_raw_html]JTNDZGl2JTIwY2xhc3MlM0QlMjJhbGlnbmxlZnQlMjIlM0UlMEElM0NhJTIwaHJlZiUzRCUyMmh0dHBzJTNBJTJGJTJGYXBwcy5hcHBsZS5jb20lMkZpdCUyRmFwcCUyRnYyLWdvJTJGaWQxNDg4NzY2Njg1JTIyJTIwdGFyZ2V0JTNEJTIyX2JsYW5rJTIyJTNFJTNDaW1nJTIwc3JjJTNEJTIyaHR0cHMlM0ElMkYlMkZ2MmhvbWUuY29tJTJGd3AtY29udGVudCUyRnVwbG9hZHMlMkYyMDE4JTJGMDclMkZhcHAtc3RvcmUtZW4uc3ZnJTIyJTIwc3R5bGUlM0QlMjJoZWlnaHQlM0ElMjA0NHB4JTNCJTIyJTIwJTIwYWx0JTNEJTIydjItYXBwdG9vbC1hcHAtc3RvcmUlMjIlMjAlMkYlM0UlM0MlMkZhJTNFJTBBJTNDYSUyMGhyZWYlM0QlMjJodHRwcyUzQSUyRiUyRnBsYXkuZ29vZ2xlLmNvbSUyRnN0b3JlJTJGYXBwcyUyRmRldGFpbHMlM0ZpZCUzRGNvbS52Mi52MmdvJTI2aGwlM0RpdCUyNmdsJTNEVVMlMjIlMjB0YXJnZXQlM0QlMjJfYmxhbmslMjIlM0UlM0NpbWclMjBzcmMlM0QlMjJodHRwcyUzQSUyRiUyRnYyaG9tZS5jb20lMkZ3cC1jb250ZW50JTJGdXBsb2FkcyUyRjIwMTglMkYwNyUyRmdvb2dsZS1wbGF5LWVuLnN2ZyUyMiUyMHN0eWxlJTNEJTIyaGVpZ2h0JTNBJTIwNDRweCUzQiUyMiUyMGFsdCUzRCUyMnYyLWFwcHRvb2wtZ29vZ2xlLXBsYXklMjIlMjAlMkYlM0UlMjAlM0MlMkZhJTNFJTBBJTNDJTJGZGl2JTNF[\/vc_raw_html][\/vc_column][\/vc_row][vc_row row_type=&#8221;row&#8221; use_row_as_full_screen_section=&#8221;no&#8221; type=&#8221;full_width&#8221; text_align=&#8221;left&#8221; background_animation=&#8221;none&#8221; css_animation=&#8221;&#8221;][vc_column][vc_raw_js]JTNDc2NyaXB0JTIwdHlwZSUzRCUyMnRleHQlMkZqYXZhc2NyaXB0JTIyJTNFJTIwJTBBalF1ZXJ5JTI4JTIwZG9jdW1lbnQlMjAlMjkucmVhZHklMjhmdW5jdGlvbiUyOCUyOSUyMCU3QiUwQSUwOWlmJTI4d2luZG93LmxvY2F0aW9uLmhhc2glMjklMjAlN0IlMEElMDklMDl2YXIlMjB5JTIwJTNEJTIwalF1ZXJ5JTI4d2luZG93JTI5LnNjcm9sbFRvcCUyOCUyOSUzQiUyMCUwQSUwOSUwOWpRdWVyeSUyOHdpbmRvdyUyOS5zY3JvbGxUb3AlMjh5LTE3MCUyOSUzQiUwQSUyMCUyMCUyMCUyMCUyMCUyMCUyMCUyMCUyMCUyMCUyMCUyMCUyMCUyMCUyMCUyMHklMjAlM0QlMjBqUXVlcnklMjh3aW5kb3clMjkuc2Nyb2xsVG9wJTI4JTI5JTNCJTIwJTIwJTBBJTA5JTdEJTBBJTdEJTI5JTNCJTBBJTNDJTJGc2NyaXB0JTNF[\/vc_raw_js][\/vc_column][\/vc_row][vc_row row_type=&#8221;row&#8221; use_row_as_full_screen_section=&#8221;no&#8221; type=&#8221;full_width&#8221; text_align=&#8221;left&#8221; background_animation=&#8221;none&#8221; css_animation=&#8221;&#8221;][vc_column][vc_empty_space height=&#8221;44px&#8221;][\/vc_column][\/vc_row]<\/p>\n","protected":false},"excerpt":{"rendered":"<p>[vc_row row_type=&#8221;row&#8221; use_row_as_full_screen_section=&#8221;no&#8221; type=&#8221;grid&#8221; text_align=&#8221;left&#8221; background_animation=&#8221;none&#8221; css_animation=&#8221;&#8221;][vc_column width=&#8221;1\/4&#8243; el_class=&#8221;center-text&#8221; offset=&#8221;vc_col-xs-6&#8243;][vc_single_image image=&#8221;104458&#8243; alignment=&#8221;center&#8221; onclick=&#8221;custom_link&#8221; qode_css_animation=&#8221;&#8221; link=&#8221;javascript: goto_app(&#8216;http:\/\/v2home.com\/app\/#v2-apptool&#8217;)&#8221;][vc_column_text el_class=&#8221;app-titolo&#8221;] V2 APPTOOL [\/vc_column_text][\/vc_column][vc_column width=&#8221;1\/4&#8243; offset=&#8221;vc_col-xs-6&#8243;][vc_single_image image=&#8221;104451&#8243; alignment=&#8221;center&#8221; onclick=&#8221;custom_link&#8221; qode_css_animation=&#8221;&#8221; link=&#8221;javascript: goto_app(&#8216;http:\/\/v2home.com\/app\/#v2-go&#8217;)&#8221;][vc_column_text el_class=&#8221;app-titolo&#8221;] V2 GO [\/vc_column_text][\/vc_column][\/vc_row][vc_row row_type=&#8221;row&#8221; use_row_as_full_screen_section=&#8221;no&#8221; type=&#8221;grid&#8221; text_align=&#8221;left&#8221; background_animation=&#8221;none&#8221; css_animation=&#8221;&#8221;][vc_column][vc_empty_space height=&#8221;35px&#8221;][vc_separator type=&#8221;normal&#8221; border_style=&#8221;&#8221; el_class=&#8221;prodotti-dettaglio-tab-linea&#8221;][vc_empty_space height=&#8221;35px&#8221;][\/vc_column][\/vc_row][vc_row row_type=&#8221;row&#8221; use_row_as_full_screen_section=&#8221;no&#8221;&#8230;<\/p>\n","protected":false},"author":2,"featured_media":0,"parent":0,"menu_order":0,"comment_status":"closed","ping_status":"closed","template":"","meta":{"footnotes":""},"_links":{"self":[{"href":"https:\/\/v2home.com\/fr\/wp-json\/wp\/v2\/pages\/82833"}],"collection":[{"href":"https:\/\/v2home.com\/fr\/wp-json\/wp\/v2\/pages"}],"about":[{"href":"https:\/\/v2home.com\/fr\/wp-json\/wp\/v2\/types\/page"}],"author":[{"embeddable":true,"href":"https:\/\/v2home.com\/fr\/wp-json\/wp\/v2\/users\/2"}],"replies":[{"embeddable":true,"href":"https:\/\/v2home.com\/fr\/wp-json\/wp\/v2\/comments?post=82833"}],"version-history":[{"count":17,"href":"https:\/\/v2home.com\/fr\/wp-json\/wp\/v2\/pages\/82833\/revisions"}],"predecessor-version":[{"id":104494,"href":"https:\/\/v2home.com\/fr\/wp-json\/wp\/v2\/pages\/82833\/revisions\/104494"}],"wp:attachment":[{"href":"https:\/\/v2home.com\/fr\/wp-json\/wp\/v2\/media?parent=82833"}],"curies":[{"name":"wp","href":"https:\/\/api.w.org\/{rel}","templated":true}]}}