{"id":83914,"date":"2018-07-03T12:25:09","date_gmt":"2018-07-03T10:25:09","guid":{"rendered":"http:\/\/v2home.com?page_id=83914"},"modified":"2018-07-20T08:54:23","modified_gmt":"2018-07-20T06:54:23","slug":"manuels","status":"publish","type":"page","link":"https:\/\/v2home.com\/fr\/manuels\/","title":{"rendered":"Manuels"},"content":{"rendered":"\n<!-- SEO Ultimate (http:\/\/www.seodesignsolutions.com\/wordpress-seo\/) - Code Inserter module -->\n<!-- Google Tag Manager (noscript) -->\r\n<noscript><iframe src=\"https:\/\/www.googletagmanager.com\/ns.html?id=GTM-5PTVMVL\"\r\nheight=\"0\" width=\"0\" style=\"display:none;visibility:hidden\"><\/iframe><\/noscript>\r\n<!-- End Google Tag Manager (noscript) -->\n<!-- \/SEO Ultimate -->\n\n\t\t\t<div class='container'>\t\t\t\t<div class='container_inner default_template_holder'>\t\t\t\t\t<div class='w4pl'>\t\t\t\t\t\t<div class='w4pl-inner'>\t\t\t\t\t\t\t<div class='section_inner_margin clearfix'>\t\t\t\t\t\t\t\t<div class='vc_hidden-lg vc_hidden-md' id='div-categorie-manuali-mobile'>\t\t\t\t\t\t\t\t\t<a href='javascript: manuali_mostra_sidebar_mobile();'>\t\t\t\t\t\t\t\t\t\t<div id='div-prodotti-dettaglio-documentazione-header' class='prodotti-dettaglio-documentazione-header'><i class='fa fa-book' style='margin-right: 20px; margin-left: 20px;'><\/i>&nbsp;CAT\u00c9GORIES MANUELLES<\/div>\t\t\t\t\t\t\t\t\t<\/a>\t\t\t\t\t\t\t\t<\/div>\t\t\t\t\t\t\t\t<div class='vc_hidden-sm vc_hidden-xs manuali-sidebar wpb_column vc_column_container vc_col-lg-5 vc_col-md-5 vc_col-sm-12 vc_col-xs-12'>\t\t\t\t\t\t\t\t\t<ul class='manuali-lista-categorie-primo-livello'>\t\t\t\t\t\t\t\t\t\t\t<li class='manuali-lista-categorie-primo-livello-li'>\t\t\t\t\t\t\t\t\t\t\t\t<div class='manuali-sidebar-div-contenitore-titoli'>\t\t\t\t\t\t\t\t\t\t\t\t\t<div class='manuali-sidebar-div-icona'>\t\t\t\t\t\t\t\t\t\t\t\t\t\t<img class='img-responsive' src='https:\/\/v2home.com\/wp-content\/uploads\/2018\/06\/icona_menu_automatismi_per_cancelli.png'\/>&nbsp;\t\t\t\t\t\t\t\t\t\t\t\t\t<\/div>\t\t\t\t\t\t\t\t\t\t\t\t\t<div class='manuali-sidebar-titolo-primo-livello'>Automatismes pour portails\t\t\t\t\t\t\t\t\t\t\t\t\t<\/div>\t\t\t\t\t\t\t\t\t\t\t\t<\/div>\t\t\t\t\t\t\t\t\t\t\t\t<ul class='manuali-lista-categorie-secondo-livello'>\t\t\t\t\t\t\t\t\t\t\t\t\t\t<li class='manuali-lista-categorie-secondo-livello-li'>\t\t\t\t\t\t\t\t\t\t\t\t\t\t\t<a class='manuali-lista-categorie-secondo-livello-link' href='javascript: load_manuali(\"41930\")'>Armoires de commande\t\t\t\t\t\t\t\t\t\t\t\t\t\t\t<\/a>\t\t\t\t\t\t\t\t\t\t\t\t\t\t<\/li>\t\t\t\t\t\t\t\t\t\t\t\t\t\t<li class='manuali-lista-categorie-secondo-livello-li'>\t\t\t\t\t\t\t\t\t\t\t\t\t\t\t<a class='manuali-lista-categorie-secondo-livello-link' href='javascript: load_manuali(\"41978\")'>Dispositifs de s\u00e9curit\u00e9 et accessoires\t\t\t\t\t\t\t\t\t\t\t\t\t\t\t<\/a>\t\t\t\t\t\t\t\t\t\t\t\t\t\t<\/li>\t\t\t\t\t\t\t\t\t\t\t\t\t\t<li class='manuali-lista-categorie-secondo-livello-li'>\t\t\t\t\t\t\t\t\t\t\t\t\t\t\t<a class='manuali-lista-categorie-secondo-livello-link' href='javascript: load_manuali(\"41954\")'>\u00c9metteurs et r\u00e9cepteurs\t\t\t\t\t\t\t\t\t\t\t\t\t\t\t<\/a>\t\t\t\t\t\t\t\t\t\t\t\t\t\t<\/li>\t\t\t\t\t\t\t\t\t\t\t\t\t\t<li class='manuali-lista-categorie-secondo-livello-li'>\t\t\t\t\t\t\t\t\t\t\t\t\t\t\t<a class='manuali-lista-categorie-secondo-livello-link' href='javascript: load_manuali(\"41365\")'>Moteurs pour portails battants\t\t\t\t\t\t\t\t\t\t\t\t\t\t\t<\/a>\t\t\t\t\t\t\t\t\t\t\t\t\t\t<\/li>\t\t\t\t\t\t\t\t\t\t\t\t\t\t<li class='manuali-lista-categorie-secondo-livello-li'>\t\t\t\t\t\t\t\t\t\t\t\t\t\t\t<a class='manuali-lista-categorie-secondo-livello-link' href='javascript: load_manuali(\"41197\")'>Moteurs pour portails coulissants\t\t\t\t\t\t\t\t\t\t\t\t\t\t\t<\/a>\t\t\t\t\t\t\t\t\t\t\t\t\t\t<\/li>\t\t\t\t\t\t\t\t\t\t\t\t\t\t<li class='manuali-lista-categorie-secondo-livello-li'>\t\t\t\t\t\t\t\t\t\t\t\t\t\t\t<a class='manuali-lista-categorie-secondo-livello-link' href='javascript: load_manuali(\"41089\")'>Syst\u00e8mes \u00e0 alimentation solaire\t\t\t\t\t\t\t\t\t\t\t\t\t\t\t<\/a>\t\t\t\t\t\t\t\t\t\t\t\t\t\t<\/li>\t\t\t\t\t\t\t\t\t\t\t\t<\/ul>\t\t\t\t\t\t\t\t\t\t\t<\/li>\t\t\t\t\t\t\t\t\t\t\t<hr class='manuali-sidebar-linea'>\t\t\t\t\t\t\t\t\t\t\t<li class='manuali-lista-categorie-primo-livello-li'>\t\t\t\t\t\t\t\t\t\t\t\t<div class='manuali-sidebar-div-contenitore-titoli'>\t\t\t\t\t\t\t\t\t\t\t\t\t<div class='manuali-sidebar-div-icona'>\t\t\t\t\t\t\t\t\t\t\t\t\t\t<img class='img-responsive' src='https:\/\/v2home.com\/wp-content\/uploads\/2018\/06\/icona_menu_barriere_stradali.png'\/>&nbsp;\t\t\t\t\t\t\t\t\t\t\t\t\t<\/div>\t\t\t\t\t\t\t\t\t\t\t\t\t<div class='manuali-sidebar-titolo-primo-livello'>Barri\u00e8res routi\u00e8res\t\t\t\t\t\t\t\t\t\t\t\t\t<\/div>\t\t\t\t\t\t\t\t\t\t\t\t<\/div>\t\t\t\t\t\t\t\t\t\t\t\t<ul class='manuali-lista-categorie-secondo-livello'>\t\t\t\t\t\t\t\t\t\t\t\t\t\t<li class='manuali-lista-categorie-secondo-livello-li'>\t\t\t\t\t\t\t\t\t\t\t\t\t\t\t<a class='manuali-lista-categorie-secondo-livello-link' href='javascript: load_manuali(\"41750\")'>Moteurs pour barri\u00e8res\t\t\t\t\t\t\t\t\t\t\t\t\t\t\t<\/a>\t\t\t\t\t\t\t\t\t\t\t\t\t\t<\/li>\t\t\t\t\t\t\t\t\t\t\t\t<\/ul>\t\t\t\t\t\t\t\t\t\t\t<\/li>\t\t\t\t\t\t\t\t\t\t\t<hr class='manuali-sidebar-linea'>\t\t\t\t\t\t\t\t\t\t\t<li class='manuali-lista-categorie-primo-livello-li'>\t\t\t\t\t\t\t\t\t\t\t\t<div class='manuali-sidebar-div-contenitore-titoli'>\t\t\t\t\t\t\t\t\t\t\t\t\t<div class='manuali-sidebar-div-icona'>\t\t\t\t\t\t\t\t\t\t\t\t\t\t<img class='img-responsive' src='https:\/\/v2home.com\/wp-content\/uploads\/2018\/06\/icona_menu_automatismi_per_tende.png'\/>&nbsp;\t\t\t\t\t\t\t\t\t\t\t\t\t<\/div>\t\t\t\t\t\t\t\t\t\t\t\t\t<div class='manuali-sidebar-titolo-primo-livello'>Automatismes pour rideaux et volets roulants\t\t\t\t\t\t\t\t\t\t\t\t\t<\/div>\t\t\t\t\t\t\t\t\t\t\t\t<\/div>\t\t\t\t\t\t\t\t\t\t\t\t<ul class='manuali-lista-categorie-secondo-livello'>\t\t\t\t\t\t\t\t\t\t\t\t\t\t<li class='manuali-lista-categorie-secondo-livello-li'>\t\t\t\t\t\t\t\t\t\t\t\t\t\t\t<a class='manuali-lista-categorie-secondo-livello-link' href='javascript: load_manuali(\"42463\")'>Electronique\t\t\t\t\t\t\t\t\t\t\t\t\t\t\t<\/a>\t\t\t\t\t\t\t\t\t\t\t\t\t\t<\/li>\t\t\t\t\t\t\t\t\t\t\t\t\t\t<li class='manuali-lista-categorie-secondo-livello-li'>\t\t\t\t\t\t\t\t\t\t\t\t\t\t\t<a class='manuali-lista-categorie-secondo-livello-link' href='javascript: load_manuali(\"42391\")'>Motor\u00e9ducteurs Tubulaires \u00d8 35\t\t\t\t\t\t\t\t\t\t\t\t\t\t\t<\/a>\t\t\t\t\t\t\t\t\t\t\t\t\t\t<\/li>\t\t\t\t\t\t\t\t\t\t\t\t\t\t<li class='manuali-lista-categorie-secondo-livello-li'>\t\t\t\t\t\t\t\t\t\t\t\t\t\t\t<a class='manuali-lista-categorie-secondo-livello-link' href='javascript: load_manuali(\"42439\")'>Motor\u00e9ducteurs Tubulaires \u00d8 45\t\t\t\t\t\t\t\t\t\t\t\t\t\t\t<\/a>\t\t\t\t\t\t\t\t\t\t\t\t\t\t<\/li>\t\t\t\t\t\t\t\t\t\t\t\t\t\t<li class='manuali-lista-categorie-secondo-livello-li'>\t\t\t\t\t\t\t\t\t\t\t\t\t\t\t<a class='manuali-lista-categorie-secondo-livello-link' href='javascript: load_manuali(\"42451\")'>Motor\u00e9ducteurs Tubulaires \u00d8 59\t\t\t\t\t\t\t\t\t\t\t\t\t\t\t<\/a>\t\t\t\t\t\t\t\t\t\t\t\t\t\t<\/li>\t\t\t\t\t\t\t\t\t\t\t\t<\/ul>\t\t\t\t\t\t\t\t\t\t\t<\/li>\t\t\t\t\t\t\t\t\t\t\t<hr class='manuali-sidebar-linea'>\t\t\t\t\t\t\t\t\t\t\t<li class='manuali-lista-categorie-primo-livello-li'>\t\t\t\t\t\t\t\t\t\t\t\t<div class='manuali-sidebar-div-contenitore-titoli'>\t\t\t\t\t\t\t\t\t\t\t\t\t<div class='manuali-sidebar-div-icona'>\t\t\t\t\t\t\t\t\t\t\t\t\t\t<img class='img-responsive' src='https:\/\/v2home.com\/wp-content\/uploads\/2018\/06\/icona_menu_automatismi_per_garage_e_porte_automatiche.png'\/>&nbsp;\t\t\t\t\t\t\t\t\t\t\t\t\t<\/div>\t\t\t\t\t\t\t\t\t\t\t\t\t<div class='manuali-sidebar-titolo-primo-livello'>Automatismes pour portes de garage\t\t\t\t\t\t\t\t\t\t\t\t\t<\/div>\t\t\t\t\t\t\t\t\t\t\t\t<\/div>\t\t\t\t\t\t\t\t\t\t\t\t<ul class='manuali-lista-categorie-secondo-livello'>\t\t\t\t\t\t\t\t\t\t\t\t\t\t<li class='manuali-lista-categorie-secondo-livello-li'>\t\t\t\t\t\t\t\t\t\t\t\t\t\t\t<a class='manuali-lista-categorie-secondo-livello-link' href='javascript: load_manuali(\"41516\")'>Moteurs pour garages et rideaux m\u00e9talliques\t\t\t\t\t\t\t\t\t\t\t\t\t\t\t<\/a>\t\t\t\t\t\t\t\t\t\t\t\t\t\t<\/li>\t\t\t\t\t\t\t\t\t\t\t\t<\/ul>\t\t\t\t\t\t\t\t\t\t\t<\/li>\t\t\t\t\t\t\t\t\t\t\t<hr class='manuali-sidebar-linea'>\t\t\t\t\t\t\t\t\t\t\t<li class='manuali-lista-categorie-primo-livello-li'>\t\t\t\t\t\t\t\t\t\t\t\t<div class='manuali-sidebar-div-contenitore-titoli'>\t\t\t\t\t\t\t\t\t\t\t\t\t<div class='manuali-sidebar-div-icona'>\t\t\t\t\t\t\t\t\t\t\t\t\t\t<img class='img-responsive' src='https:\/\/v2home.com\/wp-content\/uploads\/2018\/06\/icona_menu_porte_automatiche.png'\/>&nbsp;\t\t\t\t\t\t\t\t\t\t\t\t\t<\/div>\t\t\t\t\t\t\t\t\t\t\t\t\t<div class='manuali-sidebar-titolo-primo-livello'>Automatismes pour portes automatiques\t\t\t\t\t\t\t\t\t\t\t\t\t<\/div>\t\t\t\t\t\t\t\t\t\t\t\t<\/div>\t\t\t\t\t\t\t\t\t\t\t\t<ul class='manuali-lista-categorie-secondo-livello'>\t\t\t\t\t\t\t\t\t\t\t\t\t\t<li class='manuali-lista-categorie-secondo-livello-li'>\t\t\t\t\t\t\t\t\t\t\t\t\t\t\t<a class='manuali-lista-categorie-secondo-livello-link' href='javascript: load_manuali(\"42038\")'>Op\u00e9rateurs pour portes coulissante\t\t\t\t\t\t\t\t\t\t\t\t\t\t\t<\/a>\t\t\t\t\t\t\t\t\t\t\t\t\t\t<\/li>\t\t\t\t\t\t\t\t\t\t\t\t<\/ul>\t\t\t\t\t\t\t\t\t\t\t<\/li>\t\t\t\t\t\t\t\t\t\t\t<hr class='manuali-sidebar-linea'>\t\t\t\t\t\t\t\t\t\t\t<li class='manuali-lista-categorie-primo-livello-li'>\t\t\t\t\t\t\t\t\t\t\t\t<div class='manuali-sidebar-div-contenitore-titoli'>\t\t\t\t\t\t\t\t\t\t\t\t\t<div class='manuali-sidebar-div-icona'>\t\t\t\t\t\t\t\t\t\t\t\t\t\t<img class='img-responsive' src='https:\/\/v2home.com\/wp-content\/uploads\/2018\/06\/icona_menu_home_automations.png'\/>&nbsp;\t\t\t\t\t\t\t\t\t\t\t\t\t<\/div>\t\t\t\t\t\t\t\t\t\t\t\t\t<div class='manuali-sidebar-titolo-primo-livello'>Armoires de commande\t\t\t\t\t\t\t\t\t\t\t\t\t<\/div>\t\t\t\t\t\t\t\t\t\t\t\t<\/div>\t\t\t\t\t\t\t\t\t\t\t\t<ul class='manuali-lista-categorie-secondo-livello'>\t\t\t\t\t\t\t\t\t\t\t\t\t\t<li class='manuali-lista-categorie-secondo-livello-li'>\t\t\t\t\t\t\t\t\t\t\t\t\t\t\t<a class='manuali-lista-categorie-secondo-livello-link' href='javascript: load_manuali(\"43150\")'>Armoires de commande\t\t\t\t\t\t\t\t\t\t\t\t\t\t\t<\/a>\t\t\t\t\t\t\t\t\t\t\t\t\t\t<\/li>\t\t\t\t\t\t\t\t\t\t\t\t<\/ul>\t\t\t\t\t\t\t\t\t\t\t<\/li>\t\t\t\t\t\t\t\t\t\t\t<hr class='manuali-sidebar-linea'>\t\t\t\t\t\t\t\t\t<\/ul>\t\t\t\t\t\t\t\t<\/div>\t\t\t\t\t\t\t\t<div id='div-manuali-contenuto' class='wpb_column vc_column_container vc_col-lg-7 vc_col-md-7 vc_col-sm-12 vc_col-xs-12'>\t\t\t\t\t\t\t\t\t<div style='margin-bottom: 20px;'>\t\t\t\t\t\t\t\t\t\t<span class='prodotti-dettaglio-titolo-nero'>ARCHIVE<\/span>&nbsp;<span class='prodotti-dettaglio-titolo-rosso'>MANUELLE<\/span>\t\t\t\t\t\t\t\t\t<div>\t\t\t\t\t\t\t\t\t<div class='manuali-info'>Dans cette section, vous trouverez les manuels de tous les produits v2. <br\/> S\u00e9lectionnez la cat\u00e9gorie du produit pour lequel vous recherchez le manuel.<\/div>\t\t\t\t\t\t\t\t<\/div>\t\t\t\t\t\t\t<\/div>\t\t\t\t\t\t<\/div>\t\t\t\t\t<\/div>\t\t\t\t<\/div>\t\t\t<\/div>\n","protected":false},"excerpt":{"rendered":"&nbsp;CAT\u00c9GORIES MANUELLES &nbsp; Automatismes pour portails Armoires de commande Dispositifs de s\u00e9curit\u00e9 et accessoires \u00c9metteurs et r\u00e9cepteurs Moteurs pour portails battants Moteurs pour portails coulissants Syst\u00e8mes \u00e0 alimentation solaire &nbsp; Barri\u00e8res routi\u00e8res Moteurs pour barri\u00e8res &nbsp; Automatismes pour rideaux et volets roulants Electronique Motor\u00e9ducteurs Tubulaires...","protected":false},"author":2,"featured_media":0,"parent":0,"menu_order":0,"comment_status":"closed","ping_status":"closed","template":"full_width.php","meta":{"footnotes":""},"_links":{"self":[{"href":"https:\/\/v2home.com\/fr\/wp-json\/wp\/v2\/pages\/83914"}],"collection":[{"href":"https:\/\/v2home.com\/fr\/wp-json\/wp\/v2\/pages"}],"about":[{"href":"https:\/\/v2home.com\/fr\/wp-json\/wp\/v2\/types\/page"}],"author":[{"embeddable":true,"href":"https:\/\/v2home.com\/fr\/wp-json\/wp\/v2\/users\/2"}],"replies":[{"embeddable":true,"href":"https:\/\/v2home.com\/fr\/wp-json\/wp\/v2\/comments?post=83914"}],"version-history":[{"count":1,"href":"https:\/\/v2home.com\/fr\/wp-json\/wp\/v2\/pages\/83914\/revisions"}],"predecessor-version":[{"id":83915,"href":"https:\/\/v2home.com\/fr\/wp-json\/wp\/v2\/pages\/83914\/revisions\/83915"}],"wp:attachment":[{"href":"https:\/\/v2home.com\/fr\/wp-json\/wp\/v2\/media?parent=83914"}],"curies":[{"name":"wp","href":"https:\/\/api.w.org\/{rel}","templated":true}]}}