{"id":82836,"date":"2018-06-15T12:22:58","date_gmt":"2018-06-15T10:22:58","guid":{"rendered":"http:\/\/v2home.com?page_id=82836"},"modified":"2022-09-27T11:40:07","modified_gmt":"2022-09-27T09:40:07","slug":"app","status":"publish","type":"page","link":"https:\/\/v2home.com\/pt-pt\/app\/","title":{"rendered":"App"},"content":{"rendered":"\n<!-- SEO Ultimate (http:\/\/www.seodesignsolutions.com\/wordpress-seo\/) - Code Inserter module -->\n<!-- Google Tag Manager (noscript) -->\r\n<noscript><iframe src=\"https:\/\/www.googletagmanager.com\/ns.html?id=GTM-5PTVMVL\"\r\nheight=\"0\" width=\"0\" style=\"display:none;visibility:hidden\"><\/iframe><\/noscript>\r\n<!-- End Google Tag Manager (noscript) -->\n<!-- \/SEO Ultimate -->\n\n<p>[vc_row row_type=&#8221;row&#8221; use_row_as_full_screen_section=&#8221;no&#8221; type=&#8221;grid&#8221; text_align=&#8221;left&#8221; background_animation=&#8221;none&#8221; css_animation=&#8221;&#8221;][vc_column width=&#8221;1\/4&#8243; el_class=&#8221;center-text&#8221; offset=&#8221;vc_col-xs-6&#8243;][vc_single_image image=&#8221;104462&#8243; alignment=&#8221;center&#8221; onclick=&#8221;custom_link&#8221; qode_css_animation=&#8221;&#8221; link=&#8221;javascript: goto_app(&#8216;http:\/\/v2home.com\/app\/#v2-apptool&#8217;)&#8221;][vc_column_text el_class=&#8221;app-titolo&#8221;]<\/p>\n<p style=\"text-align: center;\"><strong>V2 <span style=\"color: #000;\">APPTOOL<\/span><\/strong><\/p>\n<p>[\/vc_column_text][\/vc_column][vc_column width=&#8221;1\/4&#8243; offset=&#8221;vc_col-xs-6&#8243;][vc_single_image image=&#8221;104455&#8243; alignment=&#8221;center&#8221; onclick=&#8221;custom_link&#8221; qode_css_animation=&#8221;&#8221; link=&#8221;javascript: goto_app(&#8216;http:\/\/v2home.com\/app\/#v2-go&#8217;)&#8221;][vc_column_text el_class=&#8221;app-titolo&#8221;]<\/p>\n<p style=\"text-align: center;\"><strong>V2 <span style=\"color: #000;\">GO<\/span><\/strong><\/p>\n<p>[\/vc_column_text][\/vc_column][\/vc_row][vc_row row_type=&#8221;row&#8221; use_row_as_full_screen_section=&#8221;no&#8221; type=&#8221;grid&#8221; text_align=&#8221;left&#8221; background_animation=&#8221;none&#8221; css_animation=&#8221;&#8221;][vc_column][vc_empty_space height=&#8221;35px&#8221;][vc_separator type=&#8221;normal&#8221; border_style=&#8221;&#8221; el_class=&#8221;prodotti-dettaglio-tab-linea&#8221;][vc_empty_space height=&#8221;35px&#8221;][\/vc_column][\/vc_row][vc_row row_type=&#8221;row&#8221; use_row_as_full_screen_section=&#8221;no&#8221; type=&#8221;grid&#8221; text_align=&#8221;left&#8221; background_animation=&#8221;none&#8221; css_animation=&#8221;&#8221; el_id=&#8221;v2-apptool&#8221;][vc_column width=&#8221;1\/4&#8243;][vc_single_image image=&#8221;104462&#8243; img_size=&#8221;full&#8221; alignment=&#8221;center&#8221; qode_css_animation=&#8221;&#8221;][vc_raw_html]JTNDZGl2JTIwc3R5bGUlM0QlMjJ0ZXh0LWFsaWduJTNBY2VudGVyJTIyJTNFJTBBJTNDc3BhbiUyMHN0eWxlJTNEJTIyZm9udC1zaXplJTNBMjNweCUzQiUyMiUzRSUzQ2klMjBjbGFzcyUzRCUyMmZhJTIwZmEtYXBwbGUlMjIlM0UlM0MlMkZpJTNFJTIwJTdDJTIwJTNDaSUyMGNsYXNzJTNEJTIyZmElMjBmYS1hbmRyb2lkJTIyJTNFJTNDJTJGaSUzRSUzQyUyRnNwYW4lM0UlMEElM0MlMkZkaXYlM0U=[\/vc_raw_html][vc_empty_space height=&#8221;20px&#8221;][\/vc_column][vc_column width=&#8221;3\/4&#8243;][vc_column_text]<\/p>\n<h1>V2 APPTOOL<\/h1>\n<h5>O novo aplicativo para instalador<\/h5>\n<p>V2 APPTOOL \u00e9 o app exclusivo de gest\u00e3o desenvolvido pela V2 e pensado especificamente para t\u00e9cnicos e instaladores. Gra\u00e7as ao V2 APPTOOL \u00e8 poss\u00edvel programar a central de comando e configurar os seus par\u00e2metros diretamente a partir do Smartphone ou do Tablet.<\/p>\n<p>V2 APPTOOL funciona atrav\u00e9s do protocolo WIFI, pode ser baixado de Google Store e Apple Store, conecta-se \u00e0 unidade de comando por meio do pr\u00e1tico m\u00f3dulo WF02.<\/p>\n<p>O que voc\u00ea pode fazer com o V2 APPTOOL? Voc\u00ea pode definir todos os par\u00e2metros da unidade de controle, carregar os dados padr\u00e3o, ler a configura\u00e7\u00e3o atual ou carregar uma configura\u00e7\u00e3o previamente salva.<\/p>\n<p>O V2 APPTOOL tamb\u00e9m permite acesso ao log de eventos, atualiza rapidamente o firmware da unidade de controle (Aten\u00e7\u00e3o para esta fun\u00e7\u00e3o \u00e9 necess\u00e1rio verificar a compatibilidade da unidade de controle).<\/p>\n<p>&nbsp;<\/p>\n<h3 style=\"color: #000; font-weight: 600;\">COMING SOON<\/h3>\n<p>[\/vc_column_text][\/vc_column][\/vc_row][vc_row row_type=&#8221;row&#8221; use_row_as_full_screen_section=&#8221;no&#8221; type=&#8221;full_width&#8221; text_align=&#8221;left&#8221; background_animation=&#8221;none&#8221; css_animation=&#8221;&#8221;][vc_column][vc_empty_space height=&#8221;90px&#8221;][\/vc_column][\/vc_row][vc_row row_type=&#8221;row&#8221; use_row_as_full_screen_section=&#8221;no&#8221; type=&#8221;grid&#8221; text_align=&#8221;left&#8221; background_animation=&#8221;none&#8221; css_animation=&#8221;&#8221; el_id=&#8221;v2-go&#8221;][vc_column width=&#8221;1\/4&#8243;][vc_single_image image=&#8221;104455&#8243; img_size=&#8221;full&#8221; alignment=&#8221;center&#8221; qode_css_animation=&#8221;&#8221;][vc_empty_space height=&#8221;20px&#8221;][\/vc_column][vc_column width=&#8221;3\/4&#8243;][vc_column_text]<\/p>\n<h1>V2 GO<\/h1>\n<h5>O novo aplicativo para o usu\u00e1rio final<\/h5>\n<p>Com V2 GO voc\u00ea pode&#8230;<\/p>\n<p><strong>Conecte suas Automa\u00e7\u00f5es \u00e0 Internet<\/strong> usando a conex\u00e3o WIFI dom\u00e9stica e seu dispositivo m\u00f3vel (Android, IoS)<\/p>\n<p><strong>Gerencie remotamente suas Automa\u00e7\u00f5es mesmo quando voc\u00ea n\u00e3o estiver em casa<\/strong>. N\u00e3o apenas conhe\u00e7a seu status, mas tamb\u00e9m verifique-os! (Abrir, fechar, parar, abertura pedonal, etc.)<\/p>\n<p><strong>Entre em casa sem levantar um dedo. <\/strong>Ao utilizar os servi\u00e7os de geolocaliza\u00e7\u00e3o do dispositivo m\u00f3vel, o V2 \u200b\u200bGO pode saber sua posi\u00e7\u00e3o e abrir a automa\u00e7\u00e3o selecionada automaticamente quando voc\u00ea se aproximar.<\/p>\n<p><strong>Verifique o acesso \u00e0 propriedade. <\/strong>A App permite gerir os acessos e eventualmente limit\u00e1-los a per\u00edodos espec\u00edficos para os utilizadores pretendidos, a qualquer momento. Tamb\u00e9m \u00e9 poss\u00edvel ter um hist\u00f3rico de acessos.<\/p>\n<p><strong>Programe cen\u00e1rios autom\u00e1ticos para serem executados nos hor\u00e1rios desejados. <\/strong>Liberte-se das a\u00e7\u00f5es di\u00e1rias: gra\u00e7as ao V2 GO voc\u00ea pode abrir e fechar automaticamente as automa\u00e7\u00f5es em dias e hor\u00e1rios espec\u00edficos (por exemplo: abertura do port\u00e3o das 9h00 \u00e0s 18h00, de segunda a sexta-feira)<\/p>\n<p>Para usar o App, ser\u00e1 necess\u00e1rio conectar as unidades de controle V2 usando o c\u00f3digo New ADI WIFI TOOL WF01 161230.<\/p>\n<p>Baixe o aplicativo V2 GO gratuito nas lojas oficiais (Google Play, Apple App Store)<\/p>\n<p>&nbsp;<\/p>\n<p><strong>REQUISITOS<\/strong><br \/>\n<strong>iOS 12.0<\/strong><br \/>\n<strong>Android 8.0<\/strong>[\/vc_column_text][vc_empty_space height=&#8221;20px&#8221;][vc_raw_html]JTNDZGl2JTIwY2xhc3MlM0QlMjJhbGlnbmxlZnQlMjIlM0UlMEElM0NhJTIwaHJlZiUzRCUyMmh0dHBzJTNBJTJGJTJGYXBwcy5hcHBsZS5jb20lMkZpdCUyRmFwcCUyRnYyLWdvJTJGaWQxNDg4NzY2Njg1JTIyJTIwdGFyZ2V0JTNEJTIyX2JsYW5rJTIyJTNFJTNDaW1nJTIwc3JjJTNEJTIyaHR0cHMlM0ElMkYlMkZ2MmhvbWUuY29tJTJGd3AtY29udGVudCUyRnVwbG9hZHMlMkYyMDE4JTJGMDclMkZhcHAtc3RvcmUtZW4uc3ZnJTIyJTIwc3R5bGUlM0QlMjJoZWlnaHQlM0ElMjA0NHB4JTNCJTIyJTIwJTIwYWx0JTNEJTIydjItYXBwdG9vbC1hcHAtc3RvcmUlMjIlMjAlMkYlM0UlM0MlMkZhJTNFJTBBJTNDYSUyMGhyZWYlM0QlMjJodHRwcyUzQSUyRiUyRnBsYXkuZ29vZ2xlLmNvbSUyRnN0b3JlJTJGYXBwcyUyRmRldGFpbHMlM0ZpZCUzRGNvbS52Mi52MmdvJTI2aGwlM0RpdCUyNmdsJTNEVVMlMjIlMjB0YXJnZXQlM0QlMjJfYmxhbmslMjIlM0UlM0NpbWclMjBzcmMlM0QlMjJodHRwcyUzQSUyRiUyRnYyaG9tZS5jb20lMkZ3cC1jb250ZW50JTJGdXBsb2FkcyUyRjIwMTglMkYwNyUyRmdvb2dsZS1wbGF5LWVuLnN2ZyUyMiUyMHN0eWxlJTNEJTIyaGVpZ2h0JTNBJTIwNDRweCUzQiUyMiUyMGFsdCUzRCUyMnYyLWFwcHRvb2wtZ29vZ2xlLXBsYXklMjIlMjAlMkYlM0UlMjAlM0MlMkZhJTNFJTBBJTNDJTJGZGl2JTNF[\/vc_raw_html][\/vc_column][\/vc_row][vc_row row_type=&#8221;row&#8221; use_row_as_full_screen_section=&#8221;no&#8221; type=&#8221;full_width&#8221; text_align=&#8221;left&#8221; background_animation=&#8221;none&#8221; css_animation=&#8221;&#8221;][vc_column][vc_raw_js]JTNDc2NyaXB0JTIwdHlwZSUzRCUyMnRleHQlMkZqYXZhc2NyaXB0JTIyJTNFJTIwJTBBalF1ZXJ5JTI4JTIwZG9jdW1lbnQlMjAlMjkucmVhZHklMjhmdW5jdGlvbiUyOCUyOSUyMCU3QiUwQSUwOWlmJTI4d2luZG93LmxvY2F0aW9uLmhhc2glMjklMjAlN0IlMEElMDklMDl2YXIlMjB5JTIwJTNEJTIwalF1ZXJ5JTI4d2luZG93JTI5LnNjcm9sbFRvcCUyOCUyOSUzQiUyMCUwQSUwOSUwOWpRdWVyeSUyOHdpbmRvdyUyOS5zY3JvbGxUb3AlMjh5LTE3MCUyOSUzQiUwQSUyMCUyMCUyMCUyMCUyMCUyMCUyMCUyMCUyMCUyMCUyMCUyMCUyMCUyMCUyMCUyMHklMjAlM0QlMjBqUXVlcnklMjh3aW5kb3clMjkuc2Nyb2xsVG9wJTI4JTI5JTNCJTIwJTIwJTBBJTA5JTdEJTBBJTdEJTI5JTNCJTBBJTNDJTJGc2NyaXB0JTNF[\/vc_raw_js][\/vc_column][\/vc_row][vc_row row_type=&#8221;row&#8221; use_row_as_full_screen_section=&#8221;no&#8221; type=&#8221;full_width&#8221; text_align=&#8221;left&#8221; background_animation=&#8221;none&#8221; css_animation=&#8221;&#8221;][vc_column][vc_empty_space height=&#8221;44px&#8221;][\/vc_column][\/vc_row]<\/p>\n","protected":false},"excerpt":{"rendered":"<p>[vc_row row_type=&#8221;row&#8221; use_row_as_full_screen_section=&#8221;no&#8221; type=&#8221;grid&#8221; text_align=&#8221;left&#8221; background_animation=&#8221;none&#8221; css_animation=&#8221;&#8221;][vc_column width=&#8221;1\/4&#8243; el_class=&#8221;center-text&#8221; offset=&#8221;vc_col-xs-6&#8243;][vc_single_image image=&#8221;104462&#8243; alignment=&#8221;center&#8221; onclick=&#8221;custom_link&#8221; qode_css_animation=&#8221;&#8221; link=&#8221;javascript: goto_app(&#8216;http:\/\/v2home.com\/app\/#v2-apptool&#8217;)&#8221;][vc_column_text el_class=&#8221;app-titolo&#8221;] V2 APPTOOL [\/vc_column_text][\/vc_column][vc_column width=&#8221;1\/4&#8243; offset=&#8221;vc_col-xs-6&#8243;][vc_single_image image=&#8221;104455&#8243; alignment=&#8221;center&#8221; onclick=&#8221;custom_link&#8221; qode_css_animation=&#8221;&#8221; link=&#8221;javascript: goto_app(&#8216;http:\/\/v2home.com\/app\/#v2-go&#8217;)&#8221;][vc_column_text el_class=&#8221;app-titolo&#8221;] V2 GO [\/vc_column_text][\/vc_column][\/vc_row][vc_row row_type=&#8221;row&#8221; use_row_as_full_screen_section=&#8221;no&#8221; type=&#8221;grid&#8221; text_align=&#8221;left&#8221; background_animation=&#8221;none&#8221; css_animation=&#8221;&#8221;][vc_column][vc_empty_space height=&#8221;35px&#8221;][vc_separator type=&#8221;normal&#8221; border_style=&#8221;&#8221; el_class=&#8221;prodotti-dettaglio-tab-linea&#8221;][vc_empty_space height=&#8221;35px&#8221;][\/vc_column][\/vc_row][vc_row row_type=&#8221;row&#8221; use_row_as_full_screen_section=&#8221;no&#8221;&#8230;<\/p>\n","protected":false},"author":2,"featured_media":0,"parent":0,"menu_order":0,"comment_status":"closed","ping_status":"closed","template":"","meta":{"footnotes":""},"_links":{"self":[{"href":"https:\/\/v2home.com\/pt-pt\/wp-json\/wp\/v2\/pages\/82836"}],"collection":[{"href":"https:\/\/v2home.com\/pt-pt\/wp-json\/wp\/v2\/pages"}],"about":[{"href":"https:\/\/v2home.com\/pt-pt\/wp-json\/wp\/v2\/types\/page"}],"author":[{"embeddable":true,"href":"https:\/\/v2home.com\/pt-pt\/wp-json\/wp\/v2\/users\/2"}],"replies":[{"embeddable":true,"href":"https:\/\/v2home.com\/pt-pt\/wp-json\/wp\/v2\/comments?post=82836"}],"version-history":[{"count":19,"href":"https:\/\/v2home.com\/pt-pt\/wp-json\/wp\/v2\/pages\/82836\/revisions"}],"predecessor-version":[{"id":104496,"href":"https:\/\/v2home.com\/pt-pt\/wp-json\/wp\/v2\/pages\/82836\/revisions\/104496"}],"wp:attachment":[{"href":"https:\/\/v2home.com\/pt-pt\/wp-json\/wp\/v2\/media?parent=82836"}],"curies":[{"name":"wp","href":"https:\/\/api.w.org\/{rel}","templated":true}]}}