{"id":82936,"date":"2018-06-21T09:20:15","date_gmt":"2018-06-21T07:20:15","guid":{"rendered":"http:\/\/v2home.com?page_id=82936"},"modified":"2018-08-27T10:18:58","modified_gmt":"2018-08-27T08:18:58","slug":"automatismos-residencial","status":"publish","type":"page","link":"https:\/\/v2home.com\/pt-pt\/automatismos-residencial\/","title":{"rendered":"Home Automation"},"content":{"rendered":"\n<!-- SEO Ultimate (http:\/\/www.seodesignsolutions.com\/wordpress-seo\/) - Code Inserter module -->\n<!-- Google Tag Manager (noscript) -->\r\n<noscript><iframe src=\"https:\/\/www.googletagmanager.com\/ns.html?id=GTM-5PTVMVL\"\r\nheight=\"0\" width=\"0\" style=\"display:none;visibility:hidden\"><\/iframe><\/noscript>\r\n<!-- End Google Tag Manager (noscript) -->\n<!-- \/SEO Ultimate -->\n\n<script>\tjQuery( document ).ready(function() {\t\tvar id_categoria = '42544';\t\tvar AUTOMATISMI_PER_CANCELLI_ID = '968';\t\tvar AUTOMATISMI_PER_TENDE_E_TAPPARELLE_ID = '969';\t\tvar AUTOMATISMI_PER_GARAGE_ID = '42539';\t\tvar HOME_AUTOMATION_ID = '42544';\t\tvar BARRIERE_STRADALI_ID = '42556';\t\tvar AUTOMATISMI_PER_PORTE_AUTOMATICHE_ID = '42552';\t\tswitch (id_categoria) {\t\t\tcase AUTOMATISMI_PER_CANCELLI_ID:\t\t\t\tjQuery('#lbl-automatismi-per-cancelli').addClass('lista-categorie-prodotti-titolo-piccolo-selected');\t\t\t\tjQuery('#img-automatismi-per-cancelli').attr('src','https:\/\/v2home.com\/wp-content\/uploads\/2018\/07\/icona_automatismi_per_cancelli_hover.svg');\t\t\t\tbreak;\t\t\tcase AUTOMATISMI_PER_TENDE_E_TAPPARELLE_ID:\t\t\t\tjQuery('#lbl-automatismi-per-tende-e-tapparelle').addClass('lista-categorie-prodotti-titolo-piccolo-selected');\t\t\t\tjQuery('#img-automatismi-per-tende-e-tapparelle').attr('src','https:\/\/v2home.com\/wp-content\/uploads\/2018\/07\/icona_automatismi_per_tende_hover.svg');\t\t\t\tbreak;\t\t\tcase AUTOMATISMI_PER_GARAGE_ID:\t\t\t\tjQuery('#lbl-automatismi-per-garage').addClass('lista-categorie-prodotti-titolo-piccolo-selected');\t\t\t\tjQuery('#img-automatismi-per-garage').attr('src','https:\/\/v2home.com\/wp-content\/uploads\/2018\/07\/icona_automatismi_per_garage_hover.svg');\t\t\t\tbreak;\t\t\tcase HOME_AUTOMATION_ID:\t\t\t\tjQuery('#lbl-home-automation').addClass('lista-categorie-prodotti-titolo-piccolo-selected');\t\t\t\tjQuery('#img-home-automation').attr('src','https:\/\/v2home.com\/wp-content\/uploads\/2018\/07\/icona_home_automations_hover.svg');\t\t\t\tbreak;\t\t\tcase BARRIERE_STRADALI_ID:\t\t\t\tjQuery('#lbl-barriere-stradali').addClass('lista-categorie-prodotti-titolo-piccolo-selected');\t\t\t\tjQuery('#img-barriere-stradali').attr('src','https:\/\/v2home.com\/wp-content\/uploads\/2018\/07\/icona_barriere_stradali_hover.svg');\t\t\t\tbreak;\t\t\tcase AUTOMATISMI_PER_PORTE_AUTOMATICHE_ID:\t\t\t\tjQuery('#lbl-automatismi-per-porte-automatiche').addClass('lista-categorie-prodotti-titolo-piccolo-selected');\t\t\t\tjQuery('#img-automatismi-per-porte-automatiche').attr('src','https:\/\/v2home.com\/wp-content\/uploads\/2018\/07\/icona_automatismi_per_porte_automatiche_hover.svg');\t\t\t\tbreak;\t\t}\t});<\/script><div class='title_outer title_without_animation with_image'>\t<div class='title position_left standard_title'>\t\t<div class='image responsive'>\t\t\t<img src='https:\/\/v2home.com\/wp-content\/uploads\/2022\/09\/banner_centrali_2022.jpg'>\t\t<\/div>\t\t<div class='title_holder'>\t\t\t<div class='container'>\t\t\t\t<div class='container_inner clearfix'>\t\t\t\t\t<div class='title_subtitle_holder'>\t\t\t\t\t\t<div class='title_subtitle_holder_inner'>\t\t\t\t\t\t\t<h1 id='lista-prodotti-header-titolo'>Quadros El\u00e9tricos<\/h1>\t\t\t\t\t\t<\/div>\t\t\t\t\t<\/div>\t\t\t\t<\/div>\t\t\t<\/div>\t\t<\/div>\t<\/div><\/div><div class='full_width'>\t<div class='full_width_inner'>\t\t<div class='container'>\t\t\t<div class='container_inner default_template_holder'>\t\t\t\t<div class='w4pl'>\t\t\t\t\t<div class='w4pl-inner'>\t\t\t\t\t\t<div class='section_inner_margin clearfix'>\t\t\t\t\t\t\t\t<div class='wpb_column vc_column_container vc_col-lg-6 vc_col-md-6 vc_col-sm-12 vc_col-xs-12' style='padding-left: 15px; padding-right: 15px; margin-bottom: 50px;'>\t\t\t\t\t\t\t\t\t<div class='lista-categorie-prodotti-contenitore-bordo' style='position: relative;'>\t\t\t\t\t\t\t\t\t\t<div class='vc_column-inner' style='text-align: center;'>\t\t\t\t\t\t\t\t\t\t\t\t<img style='margin-top: 15px;' class='img-responsive' src='https:\/\/v2home.com\/wp-content\/uploads\/2018\/07\/CITY1-EVO.jpg'\/>\t\t\t\t\t\t\t\t\t\t<\/div>\t\t\t\t\t\t\t\t\t\t<div class='vc_column-inner'>\t\t\t\t\t\t\t\t\t\t\t<div class='lista-prodotti-titolo'>Quadros el\u00e9tricos\t\t\t\t\t\t\t\t\t\t\t<\/div>\t\t\t\t\t\t\t\t\t\t<\/div>\t\t\t\t\t\t\t\t\t\t<div class='vc_column-inner'>\t\t\t\t\t\t\t\t\t\t\t<div class='lista-categorie-prodotti-descrizione'>As centrais de comando V2 foram concebidas para gerir port\u00f5es de batente e de correr, persianas, estores de enrolar e toldos de prote\u00e7\u00e3o. Inova\u00e7\u00e3o e investiga\u00e7\u00e3o das melhores solu\u00e7\u00f5es para garantir uma seguran\u00e7a de funcionamento m\u00e1xima. Deste modo, ap\u00f3s a instala\u00e7\u00e3o, n\u00e3o necessita de se preocupar com mais nada.\t\t\t\t\t\t\t\t\t\t\t<\/div>\t\t\t\t\t\t\t\t\t\t<\/div>\t\t\t\t\t\t\t\t\t\t<div class='lista-categorie-prodotti-btn-scopri-container'>\t\t\t\t\t\t\t\t\t\t\t<a href='https:\/\/v2home.com\/pt-pt\/categoria\/quadros-elatricos-pt-pt-pt-pt\/'>\t\t\t\t\t\t\t\t\t\t\t\t<div class='lista-categorie-prodotti-btn-scopri'>\t\t\t\t\t\t\t\t\t\t\t\t\t<div class='lista-categorie-prodotti-scopri'>Descubra os produtos<\/div>\t\t\t\t\t\t\t\t\t\t\t\t<\/div>\t\t\t\t\t\t\t\t\t\t\t<\/a>\t\t\t\t\t\t\t\t\t\t<\/div>\t\t\t\t\t\t\t\t\t<\/div>\t\t\t\t\t\t\t\t<\/div>\t\t\t\t\t\t<\/div>\t\t\t\t\t<\/div>\t\t\t\t<\/div>\t\t\t<\/div>\t\t<\/div>\t<\/div><\/div>\n","protected":false},"excerpt":{"rendered":"jQuery( document ).ready(function() { var id_categoria = '42544'; var AUTOMATISMI_PER_CANCELLI_ID = '968'; var AUTOMATISMI_PER_TENDE_E_TAPPARELLE_ID = '969'; var AUTOMATISMI_PER_GARAGE_ID = '42539'; var HOME_AUTOMATION_ID = '42544'; var BARRIERE_STRADALI_ID = '42556'; var AUTOMATISMI_PER_PORTE_AUTOMATICHE_ID = '42552'; switch (id_categoria) { case AUTOMATISMI_PER_CANCELLI_ID: jQuery('#lbl-automatismi-per-cancelli').addClass('lista-categorie-prodotti-titolo-piccolo-selected'); jQuery('#img-automatismi-per-cancelli').attr('src','https:\/\/v2home.com\/wp-content\/uploads\/2018\/07\/icona_automatismi_per_cancelli_hover.svg'); break; case AUTOMATISMI_PER_TENDE_E_TAPPARELLE_ID: jQuery('#lbl-automatismi-per-tende-e-tapparelle').addClass('lista-categorie-prodotti-titolo-piccolo-selected'); jQuery('#img-automatismi-per-tende-e-tapparelle').attr('src','https:\/\/v2home.com\/wp-content\/uploads\/2018\/07\/icona_automatismi_per_tende_hover.svg'); break;...","protected":false},"author":2,"featured_media":0,"parent":0,"menu_order":0,"comment_status":"closed","ping_status":"closed","template":"lista_categorie_prodotti.php","meta":{"footnotes":""},"_links":{"self":[{"href":"https:\/\/v2home.com\/pt-pt\/wp-json\/wp\/v2\/pages\/82936"}],"collection":[{"href":"https:\/\/v2home.com\/pt-pt\/wp-json\/wp\/v2\/pages"}],"about":[{"href":"https:\/\/v2home.com\/pt-pt\/wp-json\/wp\/v2\/types\/page"}],"author":[{"embeddable":true,"href":"https:\/\/v2home.com\/pt-pt\/wp-json\/wp\/v2\/users\/2"}],"replies":[{"embeddable":true,"href":"https:\/\/v2home.com\/pt-pt\/wp-json\/wp\/v2\/comments?post=82936"}],"version-history":[{"count":5,"href":"https:\/\/v2home.com\/pt-pt\/wp-json\/wp\/v2\/pages\/82936\/revisions"}],"predecessor-version":[{"id":91329,"href":"https:\/\/v2home.com\/pt-pt\/wp-json\/wp\/v2\/pages\/82936\/revisions\/91329"}],"wp:attachment":[{"href":"https:\/\/v2home.com\/pt-pt\/wp-json\/wp\/v2\/media?parent=82936"}],"curies":[{"name":"wp","href":"https:\/\/api.w.org\/{rel}","templated":true}]}}