{"id":83920,"date":"2018-07-03T12:28:50","date_gmt":"2018-07-03T10:28:50","guid":{"rendered":"http:\/\/v2home.com?page_id=83920"},"modified":"2018-07-20T08:56:15","modified_gmt":"2018-07-20T06:56:15","slug":"manuais","status":"publish","type":"page","link":"https:\/\/v2home.com\/pt-pt\/manuais\/","title":{"rendered":"Manuais"},"content":{"rendered":"\n<!-- SEO Ultimate (http:\/\/www.seodesignsolutions.com\/wordpress-seo\/) - Code Inserter module -->\n<!-- Google Tag Manager (noscript) -->\r\n<noscript><iframe src=\"https:\/\/www.googletagmanager.com\/ns.html?id=GTM-5PTVMVL\"\r\nheight=\"0\" width=\"0\" style=\"display:none;visibility:hidden\"><\/iframe><\/noscript>\r\n<!-- End Google Tag Manager (noscript) -->\n<!-- \/SEO Ultimate -->\n\n\t\t\t<div class='container'>\t\t\t\t<div class='container_inner default_template_holder'>\t\t\t\t\t<div class='w4pl'>\t\t\t\t\t\t<div class='w4pl-inner'>\t\t\t\t\t\t\t<div class='section_inner_margin clearfix'>\t\t\t\t\t\t\t\t<div class='vc_hidden-lg vc_hidden-md' id='div-categorie-manuali-mobile'>\t\t\t\t\t\t\t\t\t<a href='javascript: manuali_mostra_sidebar_mobile();'>\t\t\t\t\t\t\t\t\t\t<div id='div-prodotti-dettaglio-documentazione-header' class='prodotti-dettaglio-documentazione-header'><i class='fa fa-book' style='margin-right: 20px; margin-left: 20px;'><\/i>&nbsp;CATEGORIAS MANUAIS<\/div>\t\t\t\t\t\t\t\t\t<\/a>\t\t\t\t\t\t\t\t<\/div>\t\t\t\t\t\t\t\t<div class='vc_hidden-sm vc_hidden-xs manuali-sidebar wpb_column vc_column_container vc_col-lg-5 vc_col-md-5 vc_col-sm-12 vc_col-xs-12'>\t\t\t\t\t\t\t\t\t<ul class='manuali-lista-categorie-primo-livello'>\t\t\t\t\t\t\t\t\t\t\t<li class='manuali-lista-categorie-primo-livello-li'>\t\t\t\t\t\t\t\t\t\t\t\t<div class='manuali-sidebar-div-contenitore-titoli'>\t\t\t\t\t\t\t\t\t\t\t\t\t<div class='manuali-sidebar-div-icona'>\t\t\t\t\t\t\t\t\t\t\t\t\t\t<img class='img-responsive' src='https:\/\/v2home.com\/wp-content\/uploads\/2018\/06\/icona_menu_automatismi_per_cancelli.png'\/>&nbsp;\t\t\t\t\t\t\t\t\t\t\t\t\t<\/div>\t\t\t\t\t\t\t\t\t\t\t\t\t<div class='manuali-sidebar-titolo-primo-livello'>Automatismos para port\u00f5es\t\t\t\t\t\t\t\t\t\t\t\t\t<\/div>\t\t\t\t\t\t\t\t\t\t\t\t<\/div>\t\t\t\t\t\t\t\t\t\t\t\t<ul class='manuali-lista-categorie-secondo-livello'>\t\t\t\t\t\t\t\t\t\t\t\t\t\t<li class='manuali-lista-categorie-secondo-livello-li'>\t\t\t\t\t\t\t\t\t\t\t\t\t\t\t<a class='manuali-lista-categorie-secondo-livello-link' href='javascript: load_manuali(\"41981\")'>Dispositivos de seguran\u00e7a e acess\u00f3rios\t\t\t\t\t\t\t\t\t\t\t\t\t\t\t<\/a>\t\t\t\t\t\t\t\t\t\t\t\t\t\t<\/li>\t\t\t\t\t\t\t\t\t\t\t\t\t\t<li class='manuali-lista-categorie-secondo-livello-li'>\t\t\t\t\t\t\t\t\t\t\t\t\t\t\t<a class='manuali-lista-categorie-secondo-livello-link' href='javascript: load_manuali(\"41957\")'>Emissores e receptores\t\t\t\t\t\t\t\t\t\t\t\t\t\t\t<\/a>\t\t\t\t\t\t\t\t\t\t\t\t\t\t<\/li>\t\t\t\t\t\t\t\t\t\t\t\t\t\t<li class='manuali-lista-categorie-secondo-livello-li'>\t\t\t\t\t\t\t\t\t\t\t\t\t\t\t<a class='manuali-lista-categorie-secondo-livello-link' href='javascript: load_manuali(\"41368\")'>Motores para port\u00f5es de batente\t\t\t\t\t\t\t\t\t\t\t\t\t\t\t<\/a>\t\t\t\t\t\t\t\t\t\t\t\t\t\t<\/li>\t\t\t\t\t\t\t\t\t\t\t\t\t\t<li class='manuali-lista-categorie-secondo-livello-li'>\t\t\t\t\t\t\t\t\t\t\t\t\t\t\t<a class='manuali-lista-categorie-secondo-livello-link' href='javascript: load_manuali(\"41200\")'>Motores para port\u00f5es de correr\t\t\t\t\t\t\t\t\t\t\t\t\t\t\t<\/a>\t\t\t\t\t\t\t\t\t\t\t\t\t\t<\/li>\t\t\t\t\t\t\t\t\t\t\t\t\t\t<li class='manuali-lista-categorie-secondo-livello-li'>\t\t\t\t\t\t\t\t\t\t\t\t\t\t\t<a class='manuali-lista-categorie-secondo-livello-link' href='javascript: load_manuali(\"41933\")'>Quadros el\u00e9tricos\t\t\t\t\t\t\t\t\t\t\t\t\t\t\t<\/a>\t\t\t\t\t\t\t\t\t\t\t\t\t\t<\/li>\t\t\t\t\t\t\t\t\t\t\t\t\t\t<li class='manuali-lista-categorie-secondo-livello-li'>\t\t\t\t\t\t\t\t\t\t\t\t\t\t\t<a class='manuali-lista-categorie-secondo-livello-link' href='javascript: load_manuali(\"41092\")'>Sistemas de alimenta\u00e7\u00e3o solar\t\t\t\t\t\t\t\t\t\t\t\t\t\t\t<\/a>\t\t\t\t\t\t\t\t\t\t\t\t\t\t<\/li>\t\t\t\t\t\t\t\t\t\t\t\t<\/ul>\t\t\t\t\t\t\t\t\t\t\t<\/li>\t\t\t\t\t\t\t\t\t\t\t<hr class='manuali-sidebar-linea'>\t\t\t\t\t\t\t\t\t\t\t<li class='manuali-lista-categorie-primo-livello-li'>\t\t\t\t\t\t\t\t\t\t\t\t<div class='manuali-sidebar-div-contenitore-titoli'>\t\t\t\t\t\t\t\t\t\t\t\t\t<div class='manuali-sidebar-div-icona'>\t\t\t\t\t\t\t\t\t\t\t\t\t\t<img class='img-responsive' src='https:\/\/v2home.com\/wp-content\/uploads\/2018\/06\/icona_menu_barriere_stradali.png'\/>&nbsp;\t\t\t\t\t\t\t\t\t\t\t\t\t<\/div>\t\t\t\t\t\t\t\t\t\t\t\t\t<div class='manuali-sidebar-titolo-primo-livello'>Barreiras rodovi\u00e1rias\t\t\t\t\t\t\t\t\t\t\t\t\t<\/div>\t\t\t\t\t\t\t\t\t\t\t\t<\/div>\t\t\t\t\t\t\t\t\t\t\t\t<ul class='manuali-lista-categorie-secondo-livello'>\t\t\t\t\t\t\t\t\t\t\t\t\t\t<li class='manuali-lista-categorie-secondo-livello-li'>\t\t\t\t\t\t\t\t\t\t\t\t\t\t\t<a class='manuali-lista-categorie-secondo-livello-link' href='javascript: load_manuali(\"41753\")'>Motores para barreiras\t\t\t\t\t\t\t\t\t\t\t\t\t\t\t<\/a>\t\t\t\t\t\t\t\t\t\t\t\t\t\t<\/li>\t\t\t\t\t\t\t\t\t\t\t\t<\/ul>\t\t\t\t\t\t\t\t\t\t\t<\/li>\t\t\t\t\t\t\t\t\t\t\t<hr class='manuali-sidebar-linea'>\t\t\t\t\t\t\t\t\t\t\t<li class='manuali-lista-categorie-primo-livello-li'>\t\t\t\t\t\t\t\t\t\t\t\t<div class='manuali-sidebar-div-contenitore-titoli'>\t\t\t\t\t\t\t\t\t\t\t\t\t<div class='manuali-sidebar-div-icona'>\t\t\t\t\t\t\t\t\t\t\t\t\t\t<img class='img-responsive' src='https:\/\/v2home.com\/wp-content\/uploads\/2018\/06\/icona_menu_automatismi_per_tende.png'\/>&nbsp;\t\t\t\t\t\t\t\t\t\t\t\t\t<\/div>\t\t\t\t\t\t\t\t\t\t\t\t\t<div class='manuali-sidebar-titolo-primo-livello'>Automatismos para cortinas e persianas\t\t\t\t\t\t\t\t\t\t\t\t\t<\/div>\t\t\t\t\t\t\t\t\t\t\t\t<\/div>\t\t\t\t\t\t\t\t\t\t\t\t<ul class='manuali-lista-categorie-secondo-livello'>\t\t\t\t\t\t\t\t\t\t\t\t\t\t<li class='manuali-lista-categorie-secondo-livello-li'>\t\t\t\t\t\t\t\t\t\t\t\t\t\t\t<a class='manuali-lista-categorie-secondo-livello-link' href='javascript: load_manuali(\"42466\")'>Eletr\u00f3nica\t\t\t\t\t\t\t\t\t\t\t\t\t\t\t<\/a>\t\t\t\t\t\t\t\t\t\t\t\t\t\t<\/li>\t\t\t\t\t\t\t\t\t\t\t\t\t\t<li class='manuali-lista-categorie-secondo-livello-li'>\t\t\t\t\t\t\t\t\t\t\t\t\t\t\t<a class='manuali-lista-categorie-secondo-livello-link' href='javascript: load_manuali(\"42394\")'>Motorredutores Tubulares \u00d8 35\t\t\t\t\t\t\t\t\t\t\t\t\t\t\t<\/a>\t\t\t\t\t\t\t\t\t\t\t\t\t\t<\/li>\t\t\t\t\t\t\t\t\t\t\t\t\t\t<li class='manuali-lista-categorie-secondo-livello-li'>\t\t\t\t\t\t\t\t\t\t\t\t\t\t\t<a class='manuali-lista-categorie-secondo-livello-link' href='javascript: load_manuali(\"42442\")'>Motorredutores Tubulares \u00d8 45\t\t\t\t\t\t\t\t\t\t\t\t\t\t\t<\/a>\t\t\t\t\t\t\t\t\t\t\t\t\t\t<\/li>\t\t\t\t\t\t\t\t\t\t\t\t\t\t<li class='manuali-lista-categorie-secondo-livello-li'>\t\t\t\t\t\t\t\t\t\t\t\t\t\t\t<a class='manuali-lista-categorie-secondo-livello-link' href='javascript: load_manuali(\"42454\")'>Motorredutores Tubulares \u00d8 59\t\t\t\t\t\t\t\t\t\t\t\t\t\t\t<\/a>\t\t\t\t\t\t\t\t\t\t\t\t\t\t<\/li>\t\t\t\t\t\t\t\t\t\t\t\t<\/ul>\t\t\t\t\t\t\t\t\t\t\t<\/li>\t\t\t\t\t\t\t\t\t\t\t<hr class='manuali-sidebar-linea'>\t\t\t\t\t\t\t\t\t\t\t<li class='manuali-lista-categorie-primo-livello-li'>\t\t\t\t\t\t\t\t\t\t\t\t<div class='manuali-sidebar-div-contenitore-titoli'>\t\t\t\t\t\t\t\t\t\t\t\t\t<div class='manuali-sidebar-div-icona'>\t\t\t\t\t\t\t\t\t\t\t\t\t\t<img class='img-responsive' src='https:\/\/v2home.com\/wp-content\/uploads\/2018\/06\/icona_menu_automatismi_per_garage_e_porte_automatiche.png'\/>&nbsp;\t\t\t\t\t\t\t\t\t\t\t\t\t<\/div>\t\t\t\t\t\t\t\t\t\t\t\t\t<div class='manuali-sidebar-titolo-primo-livello'>Automatismos para portas de garagem\t\t\t\t\t\t\t\t\t\t\t\t\t<\/div>\t\t\t\t\t\t\t\t\t\t\t\t<\/div>\t\t\t\t\t\t\t\t\t\t\t\t<ul class='manuali-lista-categorie-secondo-livello'>\t\t\t\t\t\t\t\t\t\t\t\t\t\t<li class='manuali-lista-categorie-secondo-livello-li'>\t\t\t\t\t\t\t\t\t\t\t\t\t\t\t<a class='manuali-lista-categorie-secondo-livello-link' href='javascript: load_manuali(\"41519\")'>Motores para garagem e estores\t\t\t\t\t\t\t\t\t\t\t\t\t\t\t<\/a>\t\t\t\t\t\t\t\t\t\t\t\t\t\t<\/li>\t\t\t\t\t\t\t\t\t\t\t\t<\/ul>\t\t\t\t\t\t\t\t\t\t\t<\/li>\t\t\t\t\t\t\t\t\t\t\t<hr class='manuali-sidebar-linea'>\t\t\t\t\t\t\t\t\t\t\t<li class='manuali-lista-categorie-primo-livello-li'>\t\t\t\t\t\t\t\t\t\t\t\t<div class='manuali-sidebar-div-contenitore-titoli'>\t\t\t\t\t\t\t\t\t\t\t\t\t<div class='manuali-sidebar-div-icona'>\t\t\t\t\t\t\t\t\t\t\t\t\t\t<img class='img-responsive' src='https:\/\/v2home.com\/wp-content\/uploads\/2018\/06\/icona_menu_porte_automatiche.png'\/>&nbsp;\t\t\t\t\t\t\t\t\t\t\t\t\t<\/div>\t\t\t\t\t\t\t\t\t\t\t\t\t<div class='manuali-sidebar-titolo-primo-livello'>Automatismos para portas autom\u00e1ticas\t\t\t\t\t\t\t\t\t\t\t\t\t<\/div>\t\t\t\t\t\t\t\t\t\t\t\t<\/div>\t\t\t\t\t\t\t\t\t\t\t\t<ul class='manuali-lista-categorie-secondo-livello'>\t\t\t\t\t\t\t\t\t\t\t\t\t\t<li class='manuali-lista-categorie-secondo-livello-li'>\t\t\t\t\t\t\t\t\t\t\t\t\t\t\t<a class='manuali-lista-categorie-secondo-livello-link' href='javascript: load_manuali(\"42041\")'>Portas autom\u00e1ticas\t\t\t\t\t\t\t\t\t\t\t\t\t\t\t<\/a>\t\t\t\t\t\t\t\t\t\t\t\t\t\t<\/li>\t\t\t\t\t\t\t\t\t\t\t\t<\/ul>\t\t\t\t\t\t\t\t\t\t\t<\/li>\t\t\t\t\t\t\t\t\t\t\t<hr class='manuali-sidebar-linea'>\t\t\t\t\t\t\t\t\t\t\t<li class='manuali-lista-categorie-primo-livello-li'>\t\t\t\t\t\t\t\t\t\t\t\t<div class='manuali-sidebar-div-contenitore-titoli'>\t\t\t\t\t\t\t\t\t\t\t\t\t<div class='manuali-sidebar-div-icona'>\t\t\t\t\t\t\t\t\t\t\t\t\t\t<img class='img-responsive' src='https:\/\/v2home.com\/wp-content\/uploads\/2018\/06\/icona_menu_home_automations.png'\/>&nbsp;\t\t\t\t\t\t\t\t\t\t\t\t\t<\/div>\t\t\t\t\t\t\t\t\t\t\t\t\t<div class='manuali-sidebar-titolo-primo-livello'>Quadros El\u00e9tricos\t\t\t\t\t\t\t\t\t\t\t\t\t<\/div>\t\t\t\t\t\t\t\t\t\t\t\t<\/div>\t\t\t\t\t\t\t\t\t\t\t\t<ul class='manuali-lista-categorie-secondo-livello'>\t\t\t\t\t\t\t\t\t\t\t\t\t\t<li class='manuali-lista-categorie-secondo-livello-li'>\t\t\t\t\t\t\t\t\t\t\t\t\t\t\t<a class='manuali-lista-categorie-secondo-livello-link' href='javascript: load_manuali(\"43152\")'>Quadros el\u00e9tricos\t\t\t\t\t\t\t\t\t\t\t\t\t\t\t<\/a>\t\t\t\t\t\t\t\t\t\t\t\t\t\t<\/li>\t\t\t\t\t\t\t\t\t\t\t\t<\/ul>\t\t\t\t\t\t\t\t\t\t\t<\/li>\t\t\t\t\t\t\t\t\t\t\t<hr class='manuali-sidebar-linea'>\t\t\t\t\t\t\t\t\t<\/ul>\t\t\t\t\t\t\t\t<\/div>\t\t\t\t\t\t\t\t<div id='div-manuali-contenuto' class='wpb_column vc_column_container vc_col-lg-7 vc_col-md-7 vc_col-sm-12 vc_col-xs-12'>\t\t\t\t\t\t\t\t\t<div style='margin-bottom: 20px;'>\t\t\t\t\t\t\t\t\t\t<span class='prodotti-dettaglio-titolo-nero'>ARQUIVO<\/span>&nbsp;<span class='prodotti-dettaglio-titolo-rosso'>MANUAL<\/span>\t\t\t\t\t\t\t\t\t<div>\t\t\t\t\t\t\t\t\t<div class='manuali-info'>Nesta se\u00e7\u00e3o, voc\u00ea pode encontrar os manuais com todos os produtos v2. <br\/> Selecione a categoria do produto que procura pelo manual.<\/div>\t\t\t\t\t\t\t\t<\/div>\t\t\t\t\t\t\t<\/div>\t\t\t\t\t\t<\/div>\t\t\t\t\t<\/div>\t\t\t\t<\/div>\t\t\t<\/div>\n","protected":false},"excerpt":{"rendered":"&nbsp;CATEGORIAS MANUAIS &nbsp; Automatismos para port\u00f5es Dispositivos de seguran\u00e7a e acess\u00f3rios Emissores e receptores Motores para port\u00f5es de batente Motores para port\u00f5es de correr Quadros el\u00e9tricos Sistemas de alimenta\u00e7\u00e3o solar &nbsp; Barreiras rodovi\u00e1rias Motores para barreiras &nbsp; Automatismos para cortinas e persianas Eletr\u00f3nica Motorredutores Tubulares...","protected":false},"author":2,"featured_media":0,"parent":0,"menu_order":0,"comment_status":"closed","ping_status":"closed","template":"full_width.php","meta":{"footnotes":""},"_links":{"self":[{"href":"https:\/\/v2home.com\/pt-pt\/wp-json\/wp\/v2\/pages\/83920"}],"collection":[{"href":"https:\/\/v2home.com\/pt-pt\/wp-json\/wp\/v2\/pages"}],"about":[{"href":"https:\/\/v2home.com\/pt-pt\/wp-json\/wp\/v2\/types\/page"}],"author":[{"embeddable":true,"href":"https:\/\/v2home.com\/pt-pt\/wp-json\/wp\/v2\/users\/2"}],"replies":[{"embeddable":true,"href":"https:\/\/v2home.com\/pt-pt\/wp-json\/wp\/v2\/comments?post=83920"}],"version-history":[{"count":2,"href":"https:\/\/v2home.com\/pt-pt\/wp-json\/wp\/v2\/pages\/83920\/revisions"}],"predecessor-version":[{"id":85476,"href":"https:\/\/v2home.com\/pt-pt\/wp-json\/wp\/v2\/pages\/83920\/revisions\/85476"}],"wp:attachment":[{"href":"https:\/\/v2home.com\/pt-pt\/wp-json\/wp\/v2\/media?parent=83920"}],"curies":[{"name":"wp","href":"https:\/\/api.w.org\/{rel}","templated":true}]}}