{"id":84374,"date":"2018-07-16T14:28:09","date_gmt":"2018-07-16T12:28:09","guid":{"rendered":"http:\/\/v2home.com?page_id=84374"},"modified":"2022-09-26T11:00:42","modified_gmt":"2022-09-26T09:00:42","slug":"companhia","status":"publish","type":"page","link":"https:\/\/v2home.com\/pt-pt\/companhia\/","title":{"rendered":"Companhia"},"content":{"rendered":"\n<!-- SEO Ultimate (http:\/\/www.seodesignsolutions.com\/wordpress-seo\/) - Code Inserter module -->\n<!-- Google Tag Manager (noscript) -->\r\n<noscript><iframe src=\"https:\/\/www.googletagmanager.com\/ns.html?id=GTM-5PTVMVL\"\r\nheight=\"0\" width=\"0\" style=\"display:none;visibility:hidden\"><\/iframe><\/noscript>\r\n<!-- End Google Tag Manager (noscript) -->\n<!-- \/SEO Ultimate -->\n\n<p>[vc_row row_type=&#8221;row&#8221; use_row_as_full_screen_section=&#8221;no&#8221; type=&#8221;grid&#8221; text_align=&#8221;center&#8221; background_color=&#8221;#d51317&#8243; background_animation=&#8221;none&#8221; css_animation=&#8221;&#8221; css=&#8221;.vc_custom_1530194080549{padding-top: 50px !important;padding-bottom: 50px !important;}&#8221;][vc_column][vc_column_text el_class=&#8221;testo-bianco&#8221;]Com <strong>6 escrit\u00f3rios em todo o mundo<\/strong>, somos uma empresa multinacional que desde 1985 <strong>projetou solu\u00e7\u00f5es integradas<\/strong> para automa\u00e7\u00e3o.<\/p>\n<p>&nbsp;<\/p>\n<p>Uma<strong> realidade em constante expans\u00e3o<\/strong>, que diminui o conceito de inova\u00e7\u00e3o tecnol\u00f3gica em todas as suas formas, desde <strong>sistemas autom\u00e1ticos<\/strong> para port\u00f5es at\u00e9 port\u00f5es e garagens, at\u00e9 <strong>dispositivos de seguran\u00e7a<\/strong>.<\/p>\n<p>&nbsp;<\/p>\n<p>Nossas solu\u00e7\u00f5es, <strong>ideais tanto para uso residencial quanto industrial<\/strong>, combinam tecnologia, inova\u00e7\u00e3o e pesquisa, <strong>para tornar os movimentos do dia a dia mais simples e seguros<\/strong>.<\/p>\n<p>&nbsp;<\/p>\n<p><strong>Agregar valor \u00e0 vida das pessoas<\/strong> que usam nossos produtos e ao trabalho de profissionais que os escolhem <strong>todos os dias<\/strong>.[\/vc_column_text][\/vc_column][\/vc_row][vc_row row_type=&#8221;row&#8221; use_row_as_full_screen_section=&#8221;no&#8221; type=&#8221;grid&#8221; text_align=&#8221;center&#8221; background_animation=&#8221;none&#8221; css_animation=&#8221;&#8221;][vc_column][vc_empty_space height=&#8221;45px&#8221;][vc_column_text]<\/p>\n<h1>V2 EM N\u00daMEROS<\/h1>\n<p>[\/vc_column_text][vc_empty_space height=&#8221;45px&#8221;][\/vc_column][\/vc_row][vc_row row_type=&#8221;row&#8221; use_row_as_full_screen_section=&#8221;no&#8221; type=&#8221;grid&#8221; text_align=&#8221;left&#8221; background_animation=&#8221;none&#8221; css_animation=&#8221;&#8221;][vc_column width=&#8221;1\/12&#8243; offset=&#8221;vc_hidden-sm vc_hidden-xs&#8221;][\/vc_column][vc_column width=&#8221;1\/3&#8243; offset=&#8221;vc_col-lg-2 vc_col-md-2 vc_col-xs-12&#8243;]<div class=\"q_counter_holder  center\" style=\"\"><span class=\"counter  zero\" style=\"color: #d51317;font-size: 40pxpx;font-weight: 800;\">670<\/span><\/div>[vc_separator type=&#8221;normal&#8221; border_style=&#8221;&#8221; up=&#8221;0&#8243; down=&#8221;20&#8243; el_class=&#8221;azienda-separator&#8221;][vc_column_text el_class=&#8221;azienda-titolo-numeri&#8221;]<\/p>\n<p style=\"text-align: center;\">PRODUTOS<\/p>\n<p>[\/vc_column_text][vc_empty_space height=&#8221;44px&#8221;][\/vc_column][vc_column width=&#8221;1\/3&#8243; offset=&#8221;vc_col-lg-2 vc_col-md-2 vc_col-xs-12&#8243;]<div class=\"q_counter_holder  center\" style=\"\"><span class=\"counter  zero\" style=\"color: #d51317;font-size: 40pxpx;font-weight: 800;\">32<\/span><\/div>[vc_separator type=&#8221;normal&#8221; border_style=&#8221;&#8221; up=&#8221;0&#8243; down=&#8221;20&#8243; el_class=&#8221;azienda-separator&#8221;][vc_column_text el_class=&#8221;azienda-titolo-numeri&#8221;]<\/p>\n<p style=\"text-align: center;\">ANOS DE ATIVIDADE<\/p>\n<p>[\/vc_column_text][vc_empty_space height=&#8221;44px&#8221;][\/vc_column][vc_column width=&#8221;1\/3&#8243; offset=&#8221;vc_col-lg-2 vc_col-md-2 vc_col-xs-12&#8243;]<div class=\"q_counter_holder  center\" style=\"\"><span class=\"counter  zero\" style=\"color: #d51317;font-size: 40pxpx;font-weight: 800;\">150<\/span><\/div>[vc_separator type=&#8221;normal&#8221; border_style=&#8221;&#8221; up=&#8221;0&#8243; down=&#8221;20&#8243; el_class=&#8221;azienda-separator&#8221;][vc_column_text el_class=&#8221;azienda-titolo-numeri&#8221;]<\/p>\n<p style=\"text-align: center;\">PEOPLE<\/p>\n<p>[\/vc_column_text][vc_empty_space height=&#8221;44px&#8221;][\/vc_column][vc_column width=&#8221;1\/2&#8243; offset=&#8221;vc_col-lg-2 vc_col-md-2 vc_col-xs-12&#8243;]<div class=\"q_counter_holder  center\" style=\"\"><span class=\"counter  zero\" style=\"color: #d51317;font-size: 40pxpx;font-weight: 800;\">5<\/span><\/div>[vc_separator type=&#8221;normal&#8221; border_style=&#8221;&#8221; up=&#8221;0&#8243; down=&#8221;20&#8243; el_class=&#8221;azienda-separator&#8221;][vc_column_text el_class=&#8221;azienda-titolo-numeri&#8221;]<\/p>\n<p style=\"text-align: center;\">RAMOS<\/p>\n<p>[\/vc_column_text][vc_empty_space height=&#8221;44px&#8221;][\/vc_column][vc_column width=&#8221;1\/2&#8243; offset=&#8221;vc_col-lg-2 vc_col-md-2 vc_col-xs-12&#8243;]<div class=\"q_counter_holder  center\" style=\"\"><span class=\"counter  zero\" style=\"color: #d51317;font-size: 40pxpx;font-weight: 800;\">50<\/span><\/div>[vc_separator type=&#8221;normal&#8221; border_style=&#8221;&#8221; up=&#8221;0&#8243; down=&#8221;20&#8243; el_class=&#8221;azienda-separator&#8221;][vc_column_text el_class=&#8221;azienda-titolo-numeri&#8221;]<\/p>\n<p style=\"text-align: center;\">PA\u00cdSES EM QUE A MARCA V2 EST\u00c1 PRESENTE<\/p>\n<p>[\/vc_column_text][vc_empty_space height=&#8221;44px&#8221;][\/vc_column][vc_column width=&#8221;1\/12&#8243; offset=&#8221;vc_hidden-sm vc_hidden-xs&#8221;][\/vc_column][\/vc_row][vc_row row_type=&#8221;row&#8221; use_row_as_full_screen_section=&#8221;no&#8221; type=&#8221;full_width&#8221; text_align=&#8221;left&#8221; background_animation=&#8221;none&#8221; css_animation=&#8221;&#8221;][vc_column]<div class='qode_carousels_holder clearfix hover_second_image'><div class='qode_carousels ' data-number_of_items = 5><ul class='slides'><li class='item'><div class=\"carousel_item_holder\"><span class='first_image_holder '><img src='http:\/\/v2home.com\/wp-content\/uploads\/2018\/06\/MPF3590.png' alt='Azienda &#8211; Immagine 2'><\/span><\/div><\/li><li class='item'><div class=\"carousel_item_holder\"><span class='first_image_holder '><img src='http:\/\/v2home.com\/wp-content\/uploads\/2018\/06\/MPF3595.png' alt='Azienda &#8211; Immagine 3'><\/span><\/div><\/li><li class='item'><div class=\"carousel_item_holder\"><span class='first_image_holder '><img src='http:\/\/v2home.com\/wp-content\/uploads\/2018\/06\/MPF3601.png' alt='Azienda &#8211; Immagine 4'><\/span><\/div><\/li><li class='item'><div class=\"carousel_item_holder\"><span class='first_image_holder '><img src='http:\/\/v2home.com\/wp-content\/uploads\/2018\/06\/006.png' alt='Azienda &#8211; Immagine 5'><\/span><\/div><\/li><li class='item'><div class=\"carousel_item_holder\"><span class='first_image_holder '><img src='http:\/\/v2home.com\/wp-content\/uploads\/2018\/06\/FOTO-1.png' alt='Azienda &#8211; Immagine 6'><\/span><\/div><\/li><li class='item'><div class=\"carousel_item_holder\"><span class='first_image_holder '><img src='http:\/\/v2home.com\/wp-content\/uploads\/2018\/06\/FOTO-4.png' alt='Azienda &#8211; Immagine 7'><\/span><\/div><\/li><li class='item'><div class=\"carousel_item_holder\"><span class='first_image_holder '><img src='http:\/\/v2home.com\/wp-content\/uploads\/2018\/06\/IMG_4215.png' alt='Azienda &#8211; Immagine 8'><\/span><\/div><\/li><li class='item'><div class=\"carousel_item_holder\"><span class='first_image_holder '><img src='http:\/\/v2home.com\/wp-content\/uploads\/2018\/06\/V2_1.png' alt='Azienda &#8211; Immagine 9'><\/span><\/div><\/li><li class='item'><div class=\"carousel_item_holder\"><span class='first_image_holder '><img src='http:\/\/v2home.com\/wp-content\/uploads\/2018\/06\/MPF2734.png' alt='Azienda &#8211; Immagine 10'><\/span><\/div><\/li><li class='item'><div class=\"carousel_item_holder\"><span class='first_image_holder '><img src='http:\/\/v2home.com\/wp-content\/uploads\/2018\/06\/MPF3508.png' alt='Azienda &#8211; Immagine 11'><\/span><\/div><\/li><\/ul><ul class=\"caroufredsel-direction-nav\"><li class=\"caroufredsel-prev-holder\"><a id=\"caroufredsel-prev\" class=\"qode_carousel_prev caroufredsel-navigation-item caroufredsel-prev\" href=\"javascript: void(0)\"><span class=\"arrow_carrot-left\"><\/span><\/a><\/li><li class=\"caroufredsel-next-holder\"><a class=\"qode_carousel_next caroufredsel-next caroufredsel-navigation-item\" id=\"caroufredsel-next\" href=\"javascript: void(0)\"><span class=\"arrow_carrot-right\"><\/span><\/a><\/li><\/ul><\/div><\/div>[vc_empty_space height=&#8221;45px&#8221;][\/vc_column][\/vc_row]<\/p>\n","protected":false},"excerpt":{"rendered":"<p>[vc_row row_type=&#8221;row&#8221; use_row_as_full_screen_section=&#8221;no&#8221; type=&#8221;grid&#8221; text_align=&#8221;center&#8221; background_color=&#8221;#d51317&#8243; background_animation=&#8221;none&#8221; css_animation=&#8221;&#8221; css=&#8221;.vc_custom_1530194080549{padding-top: 50px !important;padding-bottom: 50px !important;}&#8221;][vc_column][vc_column_text el_class=&#8221;testo-bianco&#8221;]Com 6 escrit\u00f3rios em todo o mundo, somos uma empresa multinacional que desde 1985 projetou solu\u00e7\u00f5es integradas para automa\u00e7\u00e3o. &nbsp; Uma realidade em constante expans\u00e3o, que diminui o conceito de inova\u00e7\u00e3o tecnol\u00f3gica&#8230;<\/p>\n","protected":false},"author":2,"featured_media":0,"parent":0,"menu_order":0,"comment_status":"closed","ping_status":"closed","template":"","meta":{"footnotes":""},"_links":{"self":[{"href":"https:\/\/v2home.com\/pt-pt\/wp-json\/wp\/v2\/pages\/84374"}],"collection":[{"href":"https:\/\/v2home.com\/pt-pt\/wp-json\/wp\/v2\/pages"}],"about":[{"href":"https:\/\/v2home.com\/pt-pt\/wp-json\/wp\/v2\/types\/page"}],"author":[{"embeddable":true,"href":"https:\/\/v2home.com\/pt-pt\/wp-json\/wp\/v2\/users\/2"}],"replies":[{"embeddable":true,"href":"https:\/\/v2home.com\/pt-pt\/wp-json\/wp\/v2\/comments?post=84374"}],"version-history":[{"count":12,"href":"https:\/\/v2home.com\/pt-pt\/wp-json\/wp\/v2\/pages\/84374\/revisions"}],"predecessor-version":[{"id":104423,"href":"https:\/\/v2home.com\/pt-pt\/wp-json\/wp\/v2\/pages\/84374\/revisions\/104423"}],"wp:attachment":[{"href":"https:\/\/v2home.com\/pt-pt\/wp-json\/wp\/v2\/media?parent=84374"}],"curies":[{"name":"wp","href":"https:\/\/api.w.org\/{rel}","templated":true}]}}