{"id":86083,"date":"2018-07-25T15:34:13","date_gmt":"2018-07-25T13:34:13","guid":{"rendered":"http:\/\/v2home.com?page_id=86083"},"modified":"2018-07-30T10:53:54","modified_gmt":"2018-07-30T08:53:54","slug":"inscricao","status":"publish","type":"page","link":"https:\/\/v2home.com\/pt-pt\/inscricao\/","title":{"rendered":"Inscri\u00e7\u00e3o"},"content":{"rendered":"\n<!-- SEO Ultimate (http:\/\/www.seodesignsolutions.com\/wordpress-seo\/) - Code Inserter module -->\n<!-- Google Tag Manager (noscript) -->\r\n<noscript><iframe src=\"https:\/\/www.googletagmanager.com\/ns.html?id=GTM-5PTVMVL\"\r\nheight=\"0\" width=\"0\" style=\"display:none;visibility:hidden\"><\/iframe><\/noscript>\r\n<!-- End Google Tag Manager (noscript) -->\n<!-- \/SEO Ultimate -->\n\n<p>[vc_row row_type=&#8221;row&#8221; use_row_as_full_screen_section=&#8221;no&#8221; type=&#8221;full_width&#8221; text_align=&#8221;left&#8221; background_animation=&#8221;none&#8221; css_animation=&#8221;&#8221;][vc_column][vc_column_text]<\/p>\n<h1 style=\"text-align: center;\">Ainda n\u00e3o est\u00e1 registrado?<br \/>\nO registro \u00e9 f\u00e1cil e r\u00e1pido!<\/h1>\n<p style=\"text-align: center;\">Se voc\u00ea j\u00e1 \u00e9 cadastrado, pode fazer o login clicando no bot\u00e3o na parte inferior da p\u00e1gina<\/p>\n<div class=\"um um-register um-86082\">\n\n\t<div class=\"um-form\" data-mode=\"register\">\n\n\t\t<form method=\"post\" action=\"\">\n\n\t\t\t<div class=\"um-row _um_row_1 \" style=\"margin: 0 0 30px 0;\"><div class=\"um-col-121\"><div  id=\"um_field_86082_first_name\" class=\"um-field um-field-text  um-field-first_name um-field-text um-field-type_text\" data-key=\"first_name\"><div class=\"um-field-label\"><label for=\"first_name-86082\">Nome *<\/label><div class=\"um-clear\"><\/div><\/div><div class=\"um-field-area\"><input  autocomplete=\"off\" class=\"um-form-field valid \" type=\"text\" name=\"first_name-86082\" id=\"first_name-86082\" value=\"\" placeholder=\"\" data-validate=\"\" data-key=\"first_name\" \/>\n\n\t\t\t\t\t\t<\/div><\/div><div  id=\"um_field_86082_professione\" class=\"um-field um-field-text  um-field-professione um-field-text um-field-type_text\" data-key=\"professione\"><div class=\"um-field-label\"><label for=\"professione-86082\">Profiss\u00e3o<\/label><div class=\"um-clear\"><\/div><\/div><div class=\"um-field-area\"><input  autocomplete=\"off\" class=\"um-form-field valid not-required \" type=\"text\" name=\"professione-86082\" id=\"professione-86082\" value=\"\" placeholder=\"\" data-validate=\"\" data-key=\"professione\" \/>\n\n\t\t\t\t\t\t<\/div><\/div><div  id=\"um_field_86082_phone_number\" class=\"um-field um-field-text  um-field-phone_number um-field-text um-field-type_text\" data-key=\"phone_number\"><div class=\"um-field-label\"><div class=\"um-field-label-icon\"><i class=\"um-faicon-phone\" aria-label=\"Telefone\"><\/i><\/div><label for=\"phone_number-86082\">Telefone<\/label><div class=\"um-clear\"><\/div><\/div><div class=\"um-field-area\"><input  autocomplete=\"off\" class=\"um-form-field valid not-required \" type=\"text\" name=\"phone_number-86082\" id=\"phone_number-86082\" value=\"\" placeholder=\"\" data-validate=\"phone_number\" data-key=\"phone_number\" \/>\n\n\t\t\t\t\t\t<\/div><\/div><div  id=\"um_field_86082_user_login\" class=\"um-field um-field-text  um-field-user_login um-field-text um-field-type_text\" data-key=\"user_login\"><div class=\"um-field-label\"><label for=\"user_login-86082\">Nome de usu\u00e1rio *<\/label><div class=\"um-clear\"><\/div><\/div><div class=\"um-field-area\"><input  autocomplete=\"off\" class=\"um-form-field valid \" type=\"text\" name=\"user_login-86082\" id=\"user_login-86082\" value=\"\" placeholder=\"\" data-validate=\"unique_username\" data-key=\"user_login\" \/>\n\n\t\t\t\t\t\t<\/div><\/div><div  id=\"um_field_86082_description\" class=\"um-field um-field-textarea  um-field-description um-field-textarea um-field-type_textarea\" data-key=\"description\"><div class=\"um-field-label\"><label for=\"description-86082\">Notas<\/label><div class=\"um-clear\"><\/div><\/div><div class=\"um-field-area\"><textarea    style=\"height: 100px;\" class=\"um-form-field valid not-required \" name=\"description\" id=\"description\" placeholder=\"\"><\/textarea><\/div><\/div><\/div><div class=\"um-col-122\"><div  id=\"um_field_86082_last_name\" class=\"um-field um-field-text  um-field-last_name um-field-text um-field-type_text\" data-key=\"last_name\"><div class=\"um-field-label\"><label for=\"last_name-86082\">Sobrenome *<\/label><div class=\"um-clear\"><\/div><\/div><div class=\"um-field-area\"><input  autocomplete=\"off\" class=\"um-form-field valid \" type=\"text\" name=\"last_name-86082\" id=\"last_name-86082\" value=\"\" placeholder=\"\" data-validate=\"\" data-key=\"last_name\" \/>\n\n\t\t\t\t\t\t<\/div><\/div><div  id=\"um_field_86082_azienda\" class=\"um-field um-field-text  um-field-azienda um-field-text um-field-type_text\" data-key=\"azienda\"><div class=\"um-field-label\"><label for=\"azienda-86082\">Companhia<\/label><div class=\"um-clear\"><\/div><\/div><div class=\"um-field-area\"><input  autocomplete=\"off\" class=\"um-form-field valid not-required \" type=\"text\" name=\"azienda-86082\" id=\"azienda-86082\" value=\"\" placeholder=\"\" data-validate=\"\" data-key=\"azienda\" \/>\n\n\t\t\t\t\t\t<\/div><\/div><div  id=\"um_field_86082_user_email\" class=\"um-field um-field-text  um-field-user_email um-field-text um-field-type_text\" data-key=\"user_email\"><div class=\"um-field-label\"><label for=\"user_email-86082\">Email *<\/label><div class=\"um-clear\"><\/div><\/div><div class=\"um-field-area\"><input  autocomplete=\"off\" class=\"um-form-field valid \" type=\"text\" name=\"user_email-86082\" id=\"user_email-86082\" value=\"\" placeholder=\"\" data-validate=\"unique_email\" data-key=\"user_email\" \/>\n\n\t\t\t\t\t\t<\/div><\/div><div  id=\"um_field_86082_user_password\" class=\"um-field um-field-password  um-field-user_password um-field-password um-field-type_password\" data-key=\"user_password\"><div class=\"um-field-label\"><label for=\"user_password-86082\">Senha *<\/label><div class=\"um-clear\"><\/div><\/div><div class=\"um-field-area\"><input class=\"um-form-field valid \" type=\"password\" name=\"user_password-86082\" id=\"user_password-86082\" value=\"\" placeholder=\"\" data-validate=\"\" data-key=\"user_password\" \/>\n\n\t\t\t\t\t\t\t<\/div><\/div><div  id=\"um_field_86082_confirm_user_password\" class=\"um-field um-field-password  um-field-user_password um-field-password um-field-type_password\" data-key=\"confirm_user_password\"><div class=\"um-field-label\"><label for=\"confirm_user_password-86082\">Confirm Senha *<\/label><div class=\"um-clear\"><\/div><\/div><div class=\"um-field-area\"><input class=\"um-form-field valid \" type=\"password\" name=\"confirm_user_password-86082\" id=\"confirm_user_password-86082\" value=\"\" placeholder=\"Confirm Senha *\" data-validate=\"\" data-key=\"confirm_user_password\" \/><\/div><\/div><\/div><div class=\"um-clear\"><\/div><\/div>\n<div class=\"um-field um-field-type_terms_conditions\"  data-key=\"use_terms_conditions_agreement\" style=\"display: block;padding:0px\">\n\t<div class=\"um-field-area\">\n\t\t<div class=\"um-terms-conditions-content\" style=\"display:none\">\n\t\t\t\t\t<\/div>\n\t\t<a href=\"javascript:void(0);\" class=\"um-toggle-terms\" data-toggle-state=\"hidden\"\n\t\t   data-toggle-show=\"Show Terms\"\n\t\t   data-toggle-hide=\"Hide Terms\">\n\t\t\tShow Terms\t\t<\/a>\n\t<\/div>\n\t<div class=\"um-field-area\">\n\n\t\t<label class=\"um-field-checkbox\">\n\t\t\t<input type=\"checkbox\" name=\"use_terms_conditions_agreement\" value=\"1\">\n\t\t\t<span class=\"um-field-checkbox-state\">\n\t\t\t\t<i class=\"um-icon-android-checkbox-outline-blank\"><\/i>\n\t\t\t<\/span>\n\t\t\t<span class=\"um-field-checkbox-option\">\n\t\t\t\tEu aceito depois de ler o tratamento dos meus dados pessoais e a <a href=\"\/pt-pt\/contact-information\/\" target=\"_blank\">pol\u00edtica de privacidade<\/a>\t\t\t<\/span>\n\t\t<\/label>\n\t\t<div class=\"um-clear\"><\/div>\n\n\t\t\n\t\t<div class=\"um-clear\"><\/div>\n\t<\/div>\n<\/div>\n\t\t<input type=\"hidden\" name=\"form_id\" id=\"form_id_86082\" value=\"86082\" \/>\n\t\n\t<p class=\"um_request_name\">\n\t\t<label for=\"um_request_86082\">Only fill in if you are not human<\/label>\n\t\t<input type=\"hidden\" name=\"um_request\" id=\"um_request_86082\" class=\"input\" value=\"\" size=\"25\" autocomplete=\"off\" \/>\n\t<\/p>\n\n\t<input type=\"hidden\" id=\"_wpnonce\" name=\"_wpnonce\" value=\"36fa414c46\" \/><input type=\"hidden\" name=\"_wp_http_referer\" value=\"\/pt-pt\/wp-json\/wp\/v2\/pages\/86083\" \/>\n<div class=\"um-field\">\n\t<div class=\"g-recaptcha\" id=\"um-86082\" data-type=\"image\" data-size=\"normal\" data-theme=\"light\" data-sitekey=\"6LfxOXQUAAAAADzHDlmFwtSKpKaa4brnvxeyiiHs\"><\/div>\n<\/div>\n\n\n<script type=\"text\/javascript\">\n\t\n\t\tvar onloadCallback = function () {\n\t\t\tjQuery('.g-recaptcha').each( function (i) {\n\t\t\t\tgrecaptcha.render( jQuery(this).attr('id'), {\n\t\t\t\t\t'sitekey': jQuery(this).attr('data-sitekey'),\n\t\t\t\t\t'theme': jQuery(this).attr('data-theme')\n\t\t\t\t});\n\t\t\t});\n\t\t};\n\n\t\tfunction um_recaptcha_refresh() {\n\t\t\tjQuery('.g-recaptcha').html('');\n\t\t\tgrecaptcha.reset();\n\t\t\tonloadCallback();\n\t\t}\n\n\t<\/script>\n\n\t<div class=\"um-col-alt\">\n\n\t\t\n\t\t\t<div class=\"um-left um-half\">\n\t\t\t\t<input type=\"submit\" value=\"Register\" class=\"um-button\" id=\"um-submit-btn\" \/>\n\t\t\t<\/div>\n\t\t\t<div class=\"um-right um-half\">\n\t\t\t\t<a href=\"https:\/\/v2home.com\/pt-pt\/logar\/\" class=\"um-button um-alt\">\n\t\t\t\t\tLogin\t\t\t\t<\/a>\n\t\t\t<\/div>\n\n\t\t\n\t\t<div class=\"um-clear\"><\/div>\n\n\t<\/div>\n\n\t\n\t\t<\/form>\n\n\t<\/div>\n\n<\/div>\n<style>\n\t\t\t.um-86082.um {\n\t\t\tmax-width: 450px;\n\t\t}\n\t\t<\/style>\n[\/vc_column_text][\/vc_column][\/vc_row]<\/p>\n","protected":false},"excerpt":{"rendered":"<p>[vc_row row_type=&#8221;row&#8221; use_row_as_full_screen_section=&#8221;no&#8221; type=&#8221;full_width&#8221; text_align=&#8221;left&#8221; background_animation=&#8221;none&#8221; css_animation=&#8221;&#8221;][vc_column][vc_column_text] Ainda n\u00e3o est\u00e1 registrado? O registro \u00e9 f\u00e1cil e r\u00e1pido! Se voc\u00ea j\u00e1 \u00e9 cadastrado, pode fazer o login clicando no bot\u00e3o na parte inferior da p\u00e1gina [\/vc_column_text][\/vc_column][\/vc_row]<\/p>\n","protected":false},"author":2,"featured_media":0,"parent":0,"menu_order":0,"comment_status":"closed","ping_status":"closed","template":"","meta":{"footnotes":""},"_links":{"self":[{"href":"https:\/\/v2home.com\/pt-pt\/wp-json\/wp\/v2\/pages\/86083"}],"collection":[{"href":"https:\/\/v2home.com\/pt-pt\/wp-json\/wp\/v2\/pages"}],"about":[{"href":"https:\/\/v2home.com\/pt-pt\/wp-json\/wp\/v2\/types\/page"}],"author":[{"embeddable":true,"href":"https:\/\/v2home.com\/pt-pt\/wp-json\/wp\/v2\/users\/2"}],"replies":[{"embeddable":true,"href":"https:\/\/v2home.com\/pt-pt\/wp-json\/wp\/v2\/comments?post=86083"}],"version-history":[{"count":2,"href":"https:\/\/v2home.com\/pt-pt\/wp-json\/wp\/v2\/pages\/86083\/revisions"}],"predecessor-version":[{"id":86106,"href":"https:\/\/v2home.com\/pt-pt\/wp-json\/wp\/v2\/pages\/86083\/revisions\/86106"}],"wp:attachment":[{"href":"https:\/\/v2home.com\/pt-pt\/wp-json\/wp\/v2\/media?parent=86083"}],"curies":[{"name":"wp","href":"https:\/\/api.w.org\/{rel}","templated":true}]}}