{"id":91527,"date":"2018-08-31T15:11:05","date_gmt":"2018-08-31T13:11:05","guid":{"rendered":"http:\/\/v2home.com?page_id=91527"},"modified":"2018-08-31T15:11:05","modified_gmt":"2018-08-31T13:11:05","slug":"faq-perguntas-frequentes","status":"publish","type":"page","link":"https:\/\/v2home.com\/pt-pt\/faq-perguntas-frequentes\/","title":{"rendered":"FAQ &#8211; Perguntas Frequentes"},"content":{"rendered":"\n<!-- SEO Ultimate (http:\/\/www.seodesignsolutions.com\/wordpress-seo\/) - Code Inserter module -->\n<!-- Google Tag Manager (noscript) -->\r\n<noscript><iframe src=\"https:\/\/www.googletagmanager.com\/ns.html?id=GTM-5PTVMVL\"\r\nheight=\"0\" width=\"0\" style=\"display:none;visibility:hidden\"><\/iframe><\/noscript>\r\n<!-- End Google Tag Manager (noscript) -->\n<!-- \/SEO Ultimate -->\n\n\t\t\t<div class='container'>\t\t\t\t<div class='container_inner default_template_holder'>\t\t\t\t\t<div class='w4pl'>\t\t\t\t\t\t<div class='w4pl-inner'>\t\t\t\t\t\t\t<div class='section_inner_margin clearfix'>\t\t\t\t\t\t\t\t<div class='vc_hidden-lg vc_hidden-md' id='div-categorie-manuali-mobile'>\t\t\t\t\t\t\t\t\t<a href='javascript: manuali_mostra_sidebar_mobile();'>\t\t\t\t\t\t\t\t\t\t<div id='div-prodotti-dettaglio-documentazione-header' class='prodotti-dettaglio-documentazione-header'><i class='fa fa-book' style='margin-right: 20px; margin-left: 20px;'><\/i>&nbsp;CATEGORIAS FAQ<\/div>\t\t\t\t\t\t\t\t\t<\/a>\t\t\t\t\t\t\t\t<\/div>\t\t\t\t\t\t\t\t<div class='vc_hidden-sm vc_hidden-xs manuali-sidebar wpb_column vc_column_container vc_col-lg-3 vc_col-md-3 vc_col-sm-12 vc_col-xs-12'>\t\t\t\t\t\t\t\t\t<ul class='manuali-lista-categorie-primo-livello'>\t\t\t\t\t\t\t\t\t\t\t<li class='manuali-lista-categorie-primo-livello-li'>\t\t\t\t\t\t\t\t\t\t\t\t<div class='manuali-sidebar-div-contenitore-titoli'>\t\t\t\t\t\t\t\t\t\t\t\t\t<div class='manuali-sidebar-titolo-primo-livello'>\t\t\t\t\t\t\t\t\t\t\t\t\t\t<div style='display: table;'>\t\t\t\t\t\t\t\t\t\t\t\t\t\t\t<div style='display: table-row'>\t\t\t\t\t\t\t\t\t\t\t\t\t\t\t\t<div style='display: table-cell;'>\t\t\t\t\t\t\t\t\t\t\t\t\t\t\t\t\t<img src='https:\/\/v2home.com\/wp-content\/uploads\/2018\/06\/icona_menu_barriere_stradali.png'\/>&nbsp;\t\t\t\t\t\t\t\t\t\t\t\t\t\t\t\t<\/div>\t\t\t\t\t\t\t\t\t\t\t\t\t\t\t\t<div style='display: table-cell; padding-left: 20px; vertical-align: middle;'>\t\t\t\t\t\t\t\t\t\t\t\t\t\t\t\t\t<a class='manuali-lista-categorie-secondo-livello-link' href='javascript: load_faq(\"42812\")'>Barreiras rodovi\u00e1rias\t\t\t\t\t\t\t\t\t\t\t\t\t\t\t\t\t<\/a>\t\t\t\t\t\t\t\t\t\t\t\t\t\t\t\t<\/div>\t\t\t\t\t\t\t\t\t\t\t\t\t\t\t<\/div>\t\t\t\t\t\t\t\t\t\t\t\t\t\t<\/table>\t\t\t\t\t\t\t\t\t\t\t\t\t<\/div>\t\t\t\t\t\t\t\t\t\t\t\t<\/div>\t\t\t\t\t\t\t\t\t\t\t<\/li>\t\t\t\t\t\t\t\t\t\t\t<li class='manuali-lista-categorie-primo-livello-li'>\t\t\t\t\t\t\t\t\t\t\t\t<div class='manuali-sidebar-div-contenitore-titoli'>\t\t\t\t\t\t\t\t\t\t\t\t\t<div class='manuali-sidebar-titolo-primo-livello'>\t\t\t\t\t\t\t\t\t\t\t\t\t\t<div style='display: table;'>\t\t\t\t\t\t\t\t\t\t\t\t\t\t\t<div style='display: table-row'>\t\t\t\t\t\t\t\t\t\t\t\t\t\t\t\t<div style='display: table-cell;'>\t\t\t\t\t\t\t\t\t\t\t\t\t\t\t\t\t<img src='https:\/\/v2home.com\/wp-content\/uploads\/2018\/06\/icona_menu_automatismi_per_tende.png'\/>&nbsp;\t\t\t\t\t\t\t\t\t\t\t\t\t\t\t\t<\/div>\t\t\t\t\t\t\t\t\t\t\t\t\t\t\t\t<div style='display: table-cell; padding-left: 20px; vertical-align: middle;'>\t\t\t\t\t\t\t\t\t\t\t\t\t\t\t\t\t<a class='manuali-lista-categorie-secondo-livello-link' href='javascript: load_faq(\"42818\")'>Cortinas e persianas\t\t\t\t\t\t\t\t\t\t\t\t\t\t\t\t\t<\/a>\t\t\t\t\t\t\t\t\t\t\t\t\t\t\t\t<\/div>\t\t\t\t\t\t\t\t\t\t\t\t\t\t\t<\/div>\t\t\t\t\t\t\t\t\t\t\t\t\t\t<\/table>\t\t\t\t\t\t\t\t\t\t\t\t\t<\/div>\t\t\t\t\t\t\t\t\t\t\t\t<\/div>\t\t\t\t\t\t\t\t\t\t\t<\/li>\t\t\t\t\t\t\t\t\t\t\t<li class='manuali-lista-categorie-primo-livello-li'>\t\t\t\t\t\t\t\t\t\t\t\t<div class='manuali-sidebar-div-contenitore-titoli'>\t\t\t\t\t\t\t\t\t\t\t\t\t<div class='manuali-sidebar-titolo-primo-livello'>\t\t\t\t\t\t\t\t\t\t\t\t\t\t<div style='display: table;'>\t\t\t\t\t\t\t\t\t\t\t\t\t\t\t<div style='display: table-row'>\t\t\t\t\t\t\t\t\t\t\t\t\t\t\t\t<div style='display: table-cell;'>\t\t\t\t\t\t\t\t\t\t\t\t\t\t\t\t\t<img src='https:\/\/v2home.com\/wp-content\/uploads\/2018\/06\/icona_menu_porte_automatiche.png'\/>&nbsp;\t\t\t\t\t\t\t\t\t\t\t\t\t\t\t\t<\/div>\t\t\t\t\t\t\t\t\t\t\t\t\t\t\t\t<div style='display: table-cell; padding-left: 20px; vertical-align: middle;'>\t\t\t\t\t\t\t\t\t\t\t\t\t\t\t\t\t<a class='manuali-lista-categorie-secondo-livello-link' href='javascript: load_faq(\"42806\")'>Portas de garagem\t\t\t\t\t\t\t\t\t\t\t\t\t\t\t\t\t<\/a>\t\t\t\t\t\t\t\t\t\t\t\t\t\t\t\t<\/div>\t\t\t\t\t\t\t\t\t\t\t\t\t\t\t<\/div>\t\t\t\t\t\t\t\t\t\t\t\t\t\t<\/table>\t\t\t\t\t\t\t\t\t\t\t\t\t<\/div>\t\t\t\t\t\t\t\t\t\t\t\t<\/div>\t\t\t\t\t\t\t\t\t\t\t<\/li>\t\t\t\t\t\t\t\t\t\t\t<li class='manuali-lista-categorie-primo-livello-li'>\t\t\t\t\t\t\t\t\t\t\t\t<div class='manuali-sidebar-div-contenitore-titoli'>\t\t\t\t\t\t\t\t\t\t\t\t\t<div class='manuali-sidebar-titolo-primo-livello'>\t\t\t\t\t\t\t\t\t\t\t\t\t\t<div style='display: table;'>\t\t\t\t\t\t\t\t\t\t\t\t\t\t\t<div style='display: table-row'>\t\t\t\t\t\t\t\t\t\t\t\t\t\t\t\t<div style='display: table-cell;'>\t\t\t\t\t\t\t\t\t\t\t\t\t\t\t\t\t<img src='https:\/\/v2home.com\/wp-content\/uploads\/2018\/07\/icona_menu_automatismi_per_cancelli.svg'\/>&nbsp;\t\t\t\t\t\t\t\t\t\t\t\t\t\t\t\t<\/div>\t\t\t\t\t\t\t\t\t\t\t\t\t\t\t\t<div style='display: table-cell; padding-left: 20px; vertical-align: middle;'>\t\t\t\t\t\t\t\t\t\t\t\t\t\t\t\t\t<a class='manuali-lista-categorie-secondo-livello-link' href='javascript: load_faq(\"42794\")'>Port\u00f5es de batente\t\t\t\t\t\t\t\t\t\t\t\t\t\t\t\t\t<\/a>\t\t\t\t\t\t\t\t\t\t\t\t\t\t\t\t<\/div>\t\t\t\t\t\t\t\t\t\t\t\t\t\t\t<\/div>\t\t\t\t\t\t\t\t\t\t\t\t\t\t<\/table>\t\t\t\t\t\t\t\t\t\t\t\t\t<\/div>\t\t\t\t\t\t\t\t\t\t\t\t<\/div>\t\t\t\t\t\t\t\t\t\t\t<\/li>\t\t\t\t\t\t\t\t\t\t\t<li class='manuali-lista-categorie-primo-livello-li'>\t\t\t\t\t\t\t\t\t\t\t\t<div class='manuali-sidebar-div-contenitore-titoli'>\t\t\t\t\t\t\t\t\t\t\t\t\t<div class='manuali-sidebar-titolo-primo-livello'>\t\t\t\t\t\t\t\t\t\t\t\t\t\t<div style='display: table;'>\t\t\t\t\t\t\t\t\t\t\t\t\t\t\t<div style='display: table-row'>\t\t\t\t\t\t\t\t\t\t\t\t\t\t\t\t<div style='display: table-cell;'>\t\t\t\t\t\t\t\t\t\t\t\t\t\t\t\t\t<img src='https:\/\/v2home.com\/wp-content\/uploads\/2018\/07\/icona_menu_automatismi_per_cancelli.svg'\/>&nbsp;\t\t\t\t\t\t\t\t\t\t\t\t\t\t\t\t<\/div>\t\t\t\t\t\t\t\t\t\t\t\t\t\t\t\t<div style='display: table-cell; padding-left: 20px; vertical-align: middle;'>\t\t\t\t\t\t\t\t\t\t\t\t\t\t\t\t\t<a class='manuali-lista-categorie-secondo-livello-link' href='javascript: load_faq(\"42800\")'>Port\u00f5es de correr\t\t\t\t\t\t\t\t\t\t\t\t\t\t\t\t\t<\/a>\t\t\t\t\t\t\t\t\t\t\t\t\t\t\t\t<\/div>\t\t\t\t\t\t\t\t\t\t\t\t\t\t\t<\/div>\t\t\t\t\t\t\t\t\t\t\t\t\t\t<\/table>\t\t\t\t\t\t\t\t\t\t\t\t\t<\/div>\t\t\t\t\t\t\t\t\t\t\t\t<\/div>\t\t\t\t\t\t\t\t\t\t\t<\/li>\t\t\t\t\t\t\t\t\t<\/ul>\t\t\t\t\t\t\t\t<\/div>\t\t\t\t\t\t\t\t<div id='div-manuali-contenuto' class='wpb_column vc_column_container vc_col-lg-9 vc_col-md-9 vc_col-sm-12 vc_col-xs-12'>\t\t\t\t\t\t\t\t\t<div style='margin-bottom: 20px;'>\t\t\t\t\t\t\t\t\t\t<span class='prodotti-dettaglio-titolo-nero'>FAQ<\/span>\t\t\t\t\t\t\t\t\t<div>\t\t\t\t\t\t\t\t\t<div class='manuali-info'>Nesta se\u00e7\u00e3o, voc\u00ea pode encontrar perguntas frequentes sobre os produtos da v2. <br\/> Selecione uma categoria de produto para visualizar as Perguntas frequentes.<\/div>\t\t\t\t\t\t\t\t<\/div>\t\t\t\t\t\t\t<\/div>\t\t\t\t\t\t<\/div>\t\t\t\t\t<\/div>\t\t\t\t<\/div>\t\t\t<\/div>\n","protected":false},"excerpt":{"rendered":"&nbsp;CATEGORIAS FAQ &nbsp; Barreiras rodovi\u00e1rias &nbsp; Cortinas e persianas &nbsp; Portas de garagem &nbsp; Port\u00f5es de batente &nbsp; Port\u00f5es de correr FAQ Nesta se\u00e7\u00e3o, voc\u00ea pode encontrar perguntas frequentes sobre os produtos da v2. Selecione uma categoria de produto para visualizar as Perguntas frequentes.","protected":false},"author":2,"featured_media":0,"parent":0,"menu_order":0,"comment_status":"closed","ping_status":"closed","template":"","meta":{"footnotes":""},"_links":{"self":[{"href":"https:\/\/v2home.com\/pt-pt\/wp-json\/wp\/v2\/pages\/91527"}],"collection":[{"href":"https:\/\/v2home.com\/pt-pt\/wp-json\/wp\/v2\/pages"}],"about":[{"href":"https:\/\/v2home.com\/pt-pt\/wp-json\/wp\/v2\/types\/page"}],"author":[{"embeddable":true,"href":"https:\/\/v2home.com\/pt-pt\/wp-json\/wp\/v2\/users\/2"}],"replies":[{"embeddable":true,"href":"https:\/\/v2home.com\/pt-pt\/wp-json\/wp\/v2\/comments?post=91527"}],"version-history":[{"count":1,"href":"https:\/\/v2home.com\/pt-pt\/wp-json\/wp\/v2\/pages\/91527\/revisions"}],"predecessor-version":[{"id":91528,"href":"https:\/\/v2home.com\/pt-pt\/wp-json\/wp\/v2\/pages\/91527\/revisions\/91528"}],"wp:attachment":[{"href":"https:\/\/v2home.com\/pt-pt\/wp-json\/wp\/v2\/media?parent=91527"}],"curies":[{"name":"wp","href":"https:\/\/api.w.org\/{rel}","templated":true}]}}